{"id":748,"date":"2020-06-24T17:22:34","date_gmt":"2020-06-24T17:22:34","guid":{"rendered":"http:\/\/mondialeolives.com\/?post_type=product&#038;p=748"},"modified":"2025-01-31T19:38:14","modified_gmt":"2025-01-31T19:38:14","slug":"banane-chips","status":"publish","type":"product","link":"https:\/\/mondialeolives.com\/?product=banane-chips","title":{"rendered":"Chips de banane"},"content":{"rendered":"<p><strong><em>INGR\u00c9DIENTS :<\/em><\/strong><br \/>\nBanane, huile de noix de coco, sucre, miel, ar\u00f4me de banane.<\/p>\n<p><strong><em>VALEURS NUTRITIONNELLES :<\/em><\/strong><br \/>\n<em>Energie :<\/em> 2096kj \/ 501kcal<br \/>\n<em>Mati\u00e8res grasses :<\/em> 25g (dont acides gras satur\u00e9s 22g)<br \/>\n<em>Glucides :<\/em> 68g (dont sucres 13g)<br \/>\n<em>Prot\u00e9ines :<\/em> 1,9g<br \/>\n<em>Sel :<\/em> 0,01g<\/p>\n<p><em>Origine :<\/em> Philippines<\/p>\n<p style=\"color: #ff0000;\">Traces possibles d&#8217;arachide, et de fruits \u00e0 coque.<\/p>\n","protected":false},"excerpt":{"rendered":"<p>Les\u00a0<b>bananes s\u00e9ch\u00e9es<\/b>\u00a0ont une concentration en fibres plus importante que le fruit frais. Les fibres facilitent la digestion et luttent contre la constipation. Elles prot\u00e8gent aussi le tube digestif en soulageant les br\u00fblures d&#8217;estomac.<\/p>\n<p>Elles sont g\u00e9n\u00e9ralement fabriqu\u00e9s \u00e0 partir de vari\u00e9t\u00e9s de bananes plus fermes et plus riches en amidon comme les cultivars Saba et Nendran.<\/p>\n","protected":false},"featured_media":1625,"comment_status":"open","ping_status":"closed","template":"","meta":{"_joinchat":[]},"product_brand":[],"product_cat":[141],"product_tag":[107,95,96],"class_list":{"0":"post-748","1":"product","2":"type-product","3":"status-publish","4":"has-post-thumbnail","6":"product_cat-fruits-secs","7":"product_tag-aperitif","8":"product_tag-banane","9":"product_tag-chips","11":"first","12":"instock","13":"shipping-taxable","14":"purchasable","15":"product-type-variable","16":"has-default-attributes"},"yoast_head":"<!-- This site is optimized with the Yoast SEO plugin v24.3 - https:\/\/yoast.com\/wordpress\/plugins\/seo\/ -->\n<title>Chips de banane - Mondiale olives<\/title>\n<meta name=\"robots\" content=\"index, follow, max-snippet:-1, max-image-preview:large, max-video-preview:-1\" \/>\n<link rel=\"canonical\" href=\"https:\/\/mondialeolives.com\/?product=banane-chips\" \/>\n<meta property=\"og:locale\" content=\"fr_FR\" \/>\n<meta property=\"og:type\" content=\"article\" \/>\n<meta property=\"og:title\" content=\"Chips de banane - Mondiale olives\" \/>\n<meta property=\"og:description\" content=\"Les\u00a0bananes s\u00e9ch\u00e9es\u00a0ont une concentration en fibres plus importante que le fruit frais. Les fibres facilitent la digestion et luttent contre la constipation. Elles prot\u00e8gent aussi le tube digestif en soulageant les br\u00fblures d&#039;estomac.  Elles sont g\u00e9n\u00e9ralement fabriqu\u00e9s \u00e0 partir de vari\u00e9t\u00e9s de bananes plus fermes et plus riches en amidon comme les cultivars Saba et Nendran.\" \/>\n<meta property=\"og:url\" content=\"https:\/\/mondialeolives.com\/?product=banane-chips\" \/>\n<meta property=\"og:site_name\" content=\"Mondiale olives\" \/>\n<meta property=\"article:publisher\" content=\"https:\/\/m.facebook.com\/mondialeolives\/\" \/>\n<meta property=\"article:modified_time\" content=\"2025-01-31T19:38:14+00:00\" \/>\n<meta property=\"og:image\" content=\"https:\/\/mondialeolives.com\/wp-content\/uploads\/2020\/06\/bananes-chips.gif\" \/>\n\t<meta property=\"og:image:width\" content=\"2506\" \/>\n\t<meta property=\"og:image:height\" content=\"2508\" \/>\n\t<meta property=\"og:image:type\" content=\"image\/gif\" \/>\n<meta name=\"twitter:card\" content=\"summary_large_image\" \/>\n<script type=\"application\/ld+json\" class=\"yoast-schema-graph\">{\"@context\":\"https:\/\/schema.org\",\"@graph\":[{\"@type\":\"WebPage\",\"@id\":\"https:\/\/mondialeolives.com\/?product=banane-chips\",\"url\":\"https:\/\/mondialeolives.com\/?product=banane-chips\",\"name\":\"Chips de banane - Mondiale olives\",\"isPartOf\":{\"@id\":\"https:\/\/mondialeolives.com\/#website\"},\"primaryImageOfPage\":{\"@id\":\"https:\/\/mondialeolives.com\/?product=banane-chips#primaryimage\"},\"image\":{\"@id\":\"https:\/\/mondialeolives.com\/?product=banane-chips#primaryimage\"},\"thumbnailUrl\":\"https:\/\/mondialeolives.com\/wp-content\/uploads\/2020\/06\/bananes-chips.gif\",\"datePublished\":\"2020-06-24T17:22:34+00:00\",\"dateModified\":\"2025-01-31T19:38:14+00:00\",\"breadcrumb\":{\"@id\":\"https:\/\/mondialeolives.com\/?product=banane-chips#breadcrumb\"},\"inLanguage\":\"fr-FR\",\"potentialAction\":[{\"@type\":\"ReadAction\",\"target\":[\"https:\/\/mondialeolives.com\/?product=banane-chips\"]}]},{\"@type\":\"ImageObject\",\"inLanguage\":\"fr-FR\",\"@id\":\"https:\/\/mondialeolives.com\/?product=banane-chips#primaryimage\",\"url\":\"https:\/\/mondialeolives.com\/wp-content\/uploads\/2020\/06\/bananes-chips.gif\",\"contentUrl\":\"https:\/\/mondialeolives.com\/wp-content\/uploads\/2020\/06\/bananes-chips.gif\",\"width\":2506,\"height\":2508,\"caption\":\"Bananes chips\"},{\"@type\":\"BreadcrumbList\",\"@id\":\"https:\/\/mondialeolives.com\/?product=banane-chips#breadcrumb\",\"itemListElement\":[{\"@type\":\"ListItem\",\"position\":1,\"name\":\"Accueil\",\"item\":\"https:\/\/mondialeolives.com\/\"},{\"@type\":\"ListItem\",\"position\":2,\"name\":\"Produits\",\"item\":\"https:\/\/mondialeolives.com\/?post_type=product\"},{\"@type\":\"ListItem\",\"position\":3,\"name\":\"Chips de banane\"}]},{\"@type\":\"WebSite\",\"@id\":\"https:\/\/mondialeolives.com\/#website\",\"url\":\"https:\/\/mondialeolives.com\/\",\"name\":\"www.mondialeolives.com\",\"description\":\"Olives, Fruits secs et dattes de qualit\u00e9\",\"publisher\":{\"@id\":\"https:\/\/mondialeolives.com\/#organization\"},\"potentialAction\":[{\"@type\":\"SearchAction\",\"target\":{\"@type\":\"EntryPoint\",\"urlTemplate\":\"https:\/\/mondialeolives.com\/?s={search_term_string}\"},\"query-input\":{\"@type\":\"PropertyValueSpecification\",\"valueRequired\":true,\"valueName\":\"search_term_string\"}}],\"inLanguage\":\"fr-FR\"},{\"@type\":\"Organization\",\"@id\":\"https:\/\/mondialeolives.com\/#organization\",\"name\":\"Mondiale olives\",\"url\":\"https:\/\/mondialeolives.com\/\",\"logo\":{\"@type\":\"ImageObject\",\"inLanguage\":\"fr-FR\",\"@id\":\"https:\/\/mondialeolives.com\/#\/schema\/logo\/image\/\",\"url\":\"https:\/\/mondialeolives.com\/wp-content\/uploads\/2020\/06\/cropped-mondiale_oliveslogo.png\",\"contentUrl\":\"https:\/\/mondialeolives.com\/wp-content\/uploads\/2020\/06\/cropped-mondiale_oliveslogo.png\",\"width\":512,\"height\":512,\"caption\":\"Mondiale olives\"},\"image\":{\"@id\":\"https:\/\/mondialeolives.com\/#\/schema\/logo\/image\/\"},\"sameAs\":[\"https:\/\/m.facebook.com\/mondialeolives\/\",\"https:\/\/www.instagram.com\/mondialolive\/\"]}]}<\/script>\n<!-- \/ Yoast SEO plugin. -->","yoast_head_json":{"title":"Chips de banane - Mondiale olives","robots":{"index":"index","follow":"follow","max-snippet":"max-snippet:-1","max-image-preview":"max-image-preview:large","max-video-preview":"max-video-preview:-1"},"canonical":"https:\/\/mondialeolives.com\/?product=banane-chips","og_locale":"fr_FR","og_type":"article","og_title":"Chips de banane - Mondiale olives","og_description":"Les\u00a0bananes s\u00e9ch\u00e9es\u00a0ont une concentration en fibres plus importante que le fruit frais. Les fibres facilitent la digestion et luttent contre la constipation. Elles prot\u00e8gent aussi le tube digestif en soulageant les br\u00fblures d'estomac.  Elles sont g\u00e9n\u00e9ralement fabriqu\u00e9s \u00e0 partir de vari\u00e9t\u00e9s de bananes plus fermes et plus riches en amidon comme les cultivars Saba et Nendran.","og_url":"https:\/\/mondialeolives.com\/?product=banane-chips","og_site_name":"Mondiale olives","article_publisher":"https:\/\/m.facebook.com\/mondialeolives\/","article_modified_time":"2025-01-31T19:38:14+00:00","og_image":[{"width":2506,"height":2508,"url":"https:\/\/mondialeolives.com\/wp-content\/uploads\/2020\/06\/bananes-chips.gif","type":"image\/gif"}],"twitter_card":"summary_large_image","schema":{"@context":"https:\/\/schema.org","@graph":[{"@type":"WebPage","@id":"https:\/\/mondialeolives.com\/?product=banane-chips","url":"https:\/\/mondialeolives.com\/?product=banane-chips","name":"Chips de banane - Mondiale olives","isPartOf":{"@id":"https:\/\/mondialeolives.com\/#website"},"primaryImageOfPage":{"@id":"https:\/\/mondialeolives.com\/?product=banane-chips#primaryimage"},"image":{"@id":"https:\/\/mondialeolives.com\/?product=banane-chips#primaryimage"},"thumbnailUrl":"https:\/\/mondialeolives.com\/wp-content\/uploads\/2020\/06\/bananes-chips.gif","datePublished":"2020-06-24T17:22:34+00:00","dateModified":"2025-01-31T19:38:14+00:00","breadcrumb":{"@id":"https:\/\/mondialeolives.com\/?product=banane-chips#breadcrumb"},"inLanguage":"fr-FR","potentialAction":[{"@type":"ReadAction","target":["https:\/\/mondialeolives.com\/?product=banane-chips"]}]},{"@type":"ImageObject","inLanguage":"fr-FR","@id":"https:\/\/mondialeolives.com\/?product=banane-chips#primaryimage","url":"https:\/\/mondialeolives.com\/wp-content\/uploads\/2020\/06\/bananes-chips.gif","contentUrl":"https:\/\/mondialeolives.com\/wp-content\/uploads\/2020\/06\/bananes-chips.gif","width":2506,"height":2508,"caption":"Bananes chips"},{"@type":"BreadcrumbList","@id":"https:\/\/mondialeolives.com\/?product=banane-chips#breadcrumb","itemListElement":[{"@type":"ListItem","position":1,"name":"Accueil","item":"https:\/\/mondialeolives.com\/"},{"@type":"ListItem","position":2,"name":"Produits","item":"https:\/\/mondialeolives.com\/?post_type=product"},{"@type":"ListItem","position":3,"name":"Chips de banane"}]},{"@type":"WebSite","@id":"https:\/\/mondialeolives.com\/#website","url":"https:\/\/mondialeolives.com\/","name":"www.mondialeolives.com","description":"Olives, Fruits secs et dattes de qualit\u00e9","publisher":{"@id":"https:\/\/mondialeolives.com\/#organization"},"potentialAction":[{"@type":"SearchAction","target":{"@type":"EntryPoint","urlTemplate":"https:\/\/mondialeolives.com\/?s={search_term_string}"},"query-input":{"@type":"PropertyValueSpecification","valueRequired":true,"valueName":"search_term_string"}}],"inLanguage":"fr-FR"},{"@type":"Organization","@id":"https:\/\/mondialeolives.com\/#organization","name":"Mondiale olives","url":"https:\/\/mondialeolives.com\/","logo":{"@type":"ImageObject","inLanguage":"fr-FR","@id":"https:\/\/mondialeolives.com\/#\/schema\/logo\/image\/","url":"https:\/\/mondialeolives.com\/wp-content\/uploads\/2020\/06\/cropped-mondiale_oliveslogo.png","contentUrl":"https:\/\/mondialeolives.com\/wp-content\/uploads\/2020\/06\/cropped-mondiale_oliveslogo.png","width":512,"height":512,"caption":"Mondiale olives"},"image":{"@id":"https:\/\/mondialeolives.com\/#\/schema\/logo\/image\/"},"sameAs":["https:\/\/m.facebook.com\/mondialeolives\/","https:\/\/www.instagram.com\/mondialolive\/"]}]}},"_links":{"self":[{"href":"https:\/\/mondialeolives.com\/index.php?rest_route=\/wp\/v2\/product\/748","targetHints":{"allow":["GET"]}}],"collection":[{"href":"https:\/\/mondialeolives.com\/index.php?rest_route=\/wp\/v2\/product"}],"about":[{"href":"https:\/\/mondialeolives.com\/index.php?rest_route=\/wp\/v2\/types\/product"}],"replies":[{"embeddable":true,"href":"https:\/\/mondialeolives.com\/index.php?rest_route=%2Fwp%2Fv2%2Fcomments&post=748"}],"version-history":[{"count":3,"href":"https:\/\/mondialeolives.com\/index.php?rest_route=\/wp\/v2\/product\/748\/revisions"}],"predecessor-version":[{"id":1626,"href":"https:\/\/mondialeolives.com\/index.php?rest_route=\/wp\/v2\/product\/748\/revisions\/1626"}],"wp:featuredmedia":[{"embeddable":true,"href":"https:\/\/mondialeolives.com\/index.php?rest_route=\/wp\/v2\/media\/1625"}],"wp:attachment":[{"href":"https:\/\/mondialeolives.com\/index.php?rest_route=%2Fwp%2Fv2%2Fmedia&parent=748"}],"wp:term":[{"taxonomy":"product_brand","embeddable":true,"href":"https:\/\/mondialeolives.com\/index.php?rest_route=%2Fwp%2Fv2%2Fproduct_brand&post=748"},{"taxonomy":"product_cat","embeddable":true,"href":"https:\/\/mondialeolives.com\/index.php?rest_route=%2Fwp%2Fv2%2Fproduct_cat&post=748"},{"taxonomy":"product_tag","embeddable":true,"href":"https:\/\/mondialeolives.com\/index.php?rest_route=%2Fwp%2Fv2%2Fproduct_tag&post=748"}],"curies":[{"name":"wp","href":"https:\/\/api.w.org\/{rel}","templated":true}]}}