{"id":5140,"date":"2025-09-21T02:42:48","date_gmt":"2025-09-21T02:42:48","guid":{"rendered":"https:\/\/mondialeolives.com\/?product=pack-epices-moulu-10x100g"},"modified":"2026-02-11T16:30:42","modified_gmt":"2026-02-11T16:30:42","slug":"pack-epices-moulu-10x100g","status":"publish","type":"product","link":"https:\/\/mondialeolives.com\/?product=pack-epices-moulu-10x100g","title":{"rendered":"Pack Epices Moulu (10\u00d7100g)"},"content":{"rendered":"<p>pack Epices fra\u00eeche moulues 10\u00d7100g<\/p>\n<ul>\n<li><strong>Poivre noir moulu 100g<\/strong><\/li>\n<li><strong>Piment doux 100g<\/strong><\/li>\n<li><strong>Gingembre Moulu 100g<\/strong><\/li>\n<li><strong>Ras el hanout 100g<\/strong><\/li>\n<li><strong>Curcuma Moulu <\/strong>100g<\/li>\n<li><strong>Epices Harira 100g<\/strong><\/li>\n<li><strong>Epices poulet 100g<\/strong><\/li>\n<li><strong>Cumin moulu 100g<\/strong><\/li>\n<li><strong>B\u00e2tons de cannelle 100g<\/strong><\/li>\n<li><strong>Carvi moulu 100g<\/strong><\/li>\n<\/ul>\n","protected":false},"excerpt":{"rendered":"<p>pack Epices fra\u00eeche moulues 10\u00d7100g Poivre noir moulu 100g Piment doux 100g Gingembre Moulu 100g Ras el hanout 100g Curcuma Moulu 100g Epices Harira 100g Epices poulet 100g Cumin moulu 100g B\u00e2tons de cannelle 100g Carvi moulu 100g<\/p>\n","protected":false},"featured_media":5191,"comment_status":"open","ping_status":"closed","template":"","meta":{"_joinchat":[]},"product_brand":[],"product_cat":[18],"product_tag":[],"class_list":{"0":"post-5140","1":"product","2":"type-product","3":"status-publish","4":"has-post-thumbnail","6":"product_cat-epices","8":"first","9":"instock","10":"shipping-taxable","11":"purchasable","12":"product-type-simple"},"yoast_head":"<!-- This site is optimized with the Yoast SEO plugin v24.3 - https:\/\/yoast.com\/wordpress\/plugins\/seo\/ -->\n<title>Pack Epices Moulu (10\u00d7100g) - Mondiale olives<\/title>\n<meta name=\"robots\" content=\"index, follow, max-snippet:-1, max-image-preview:large, max-video-preview:-1\" \/>\n<link rel=\"canonical\" href=\"https:\/\/mondialeolives.com\/?product=pack-epices-moulu-10x100g\" \/>\n<meta property=\"og:locale\" content=\"fr_FR\" \/>\n<meta property=\"og:type\" content=\"article\" \/>\n<meta property=\"og:title\" content=\"Pack Epices Moulu (10\u00d7100g) - Mondiale olives\" \/>\n<meta property=\"og:description\" content=\"pack Epices fra\u00eeche moulues 10\u00d7100g Poivre noir moulu 100g Piment doux 100g Gingembre Moulu 100g Ras el hanout 100g Curcuma Moulu 100g Epices Harira 100g Epices poulet 100g Cumin moulu 100g B\u00e2tons de cannelle 100g Carvi moulu 100g\" \/>\n<meta property=\"og:url\" content=\"https:\/\/mondialeolives.com\/?product=pack-epices-moulu-10x100g\" \/>\n<meta property=\"og:site_name\" content=\"Mondiale olives\" \/>\n<meta property=\"article:publisher\" content=\"https:\/\/m.facebook.com\/mondialeolives\/\" \/>\n<meta property=\"article:modified_time\" content=\"2026-02-11T16:30:42+00:00\" \/>\n<meta name=\"twitter:card\" content=\"summary_large_image\" \/>\n<script type=\"application\/ld+json\" class=\"yoast-schema-graph\">{\"@context\":\"https:\/\/schema.org\",\"@graph\":[{\"@type\":\"WebPage\",\"@id\":\"https:\/\/mondialeolives.com\/?product=pack-epices-moulu-10x100g\",\"url\":\"https:\/\/mondialeolives.com\/?product=pack-epices-moulu-10x100g\",\"name\":\"Pack Epices Moulu (10\u00d7100g) - Mondiale olives\",\"isPartOf\":{\"@id\":\"https:\/\/mondialeolives.com\/#website\"},\"primaryImageOfPage\":{\"@id\":\"https:\/\/mondialeolives.com\/?product=pack-epices-moulu-10x100g#primaryimage\"},\"image\":{\"@id\":\"https:\/\/mondialeolives.com\/?product=pack-epices-moulu-10x100g#primaryimage\"},\"thumbnailUrl\":\"https:\/\/mondialeolives.com\/wp-content\/uploads\/2025\/09\/1000073619.png\",\"datePublished\":\"2025-09-21T02:42:48+00:00\",\"dateModified\":\"2026-02-11T16:30:42+00:00\",\"breadcrumb\":{\"@id\":\"https:\/\/mondialeolives.com\/?product=pack-epices-moulu-10x100g#breadcrumb\"},\"inLanguage\":\"fr-FR\",\"potentialAction\":[{\"@type\":\"ReadAction\",\"target\":[\"https:\/\/mondialeolives.com\/?product=pack-epices-moulu-10x100g\"]}]},{\"@type\":\"ImageObject\",\"inLanguage\":\"fr-FR\",\"@id\":\"https:\/\/mondialeolives.com\/?product=pack-epices-moulu-10x100g#primaryimage\",\"url\":\"https:\/\/mondialeolives.com\/wp-content\/uploads\/2025\/09\/1000073619.png\",\"contentUrl\":\"https:\/\/mondialeolives.com\/wp-content\/uploads\/2025\/09\/1000073619.png\",\"width\":1024,\"height\":1024},{\"@type\":\"BreadcrumbList\",\"@id\":\"https:\/\/mondialeolives.com\/?product=pack-epices-moulu-10x100g#breadcrumb\",\"itemListElement\":[{\"@type\":\"ListItem\",\"position\":1,\"name\":\"Accueil\",\"item\":\"https:\/\/mondialeolives.com\/\"},{\"@type\":\"ListItem\",\"position\":2,\"name\":\"Produits\",\"item\":\"https:\/\/mondialeolives.com\/?post_type=product\"},{\"@type\":\"ListItem\",\"position\":3,\"name\":\"Pack Epices Moulu (10\u00d7100g)\"}]},{\"@type\":\"WebSite\",\"@id\":\"https:\/\/mondialeolives.com\/#website\",\"url\":\"https:\/\/mondialeolives.com\/\",\"name\":\"www.mondialeolives.com\",\"description\":\"Olives, Fruits secs et dattes de qualit\u00e9\",\"publisher\":{\"@id\":\"https:\/\/mondialeolives.com\/#organization\"},\"potentialAction\":[{\"@type\":\"SearchAction\",\"target\":{\"@type\":\"EntryPoint\",\"urlTemplate\":\"https:\/\/mondialeolives.com\/?s={search_term_string}\"},\"query-input\":{\"@type\":\"PropertyValueSpecification\",\"valueRequired\":true,\"valueName\":\"search_term_string\"}}],\"inLanguage\":\"fr-FR\"},{\"@type\":\"Organization\",\"@id\":\"https:\/\/mondialeolives.com\/#organization\",\"name\":\"Mondiale olives\",\"url\":\"https:\/\/mondialeolives.com\/\",\"logo\":{\"@type\":\"ImageObject\",\"inLanguage\":\"fr-FR\",\"@id\":\"https:\/\/mondialeolives.com\/#\/schema\/logo\/image\/\",\"url\":\"https:\/\/mondialeolives.com\/wp-content\/uploads\/2020\/06\/cropped-mondiale_oliveslogo.png\",\"contentUrl\":\"https:\/\/mondialeolives.com\/wp-content\/uploads\/2020\/06\/cropped-mondiale_oliveslogo.png\",\"width\":512,\"height\":512,\"caption\":\"Mondiale olives\"},\"image\":{\"@id\":\"https:\/\/mondialeolives.com\/#\/schema\/logo\/image\/\"},\"sameAs\":[\"https:\/\/m.facebook.com\/mondialeolives\/\",\"https:\/\/www.instagram.com\/mondialolive\/\"]}]}<\/script>\n<!-- \/ Yoast SEO plugin. -->","yoast_head_json":{"title":"Pack Epices Moulu (10\u00d7100g) - Mondiale olives","robots":{"index":"index","follow":"follow","max-snippet":"max-snippet:-1","max-image-preview":"max-image-preview:large","max-video-preview":"max-video-preview:-1"},"canonical":"https:\/\/mondialeolives.com\/?product=pack-epices-moulu-10x100g","og_locale":"fr_FR","og_type":"article","og_title":"Pack Epices Moulu (10\u00d7100g) - Mondiale olives","og_description":"pack Epices fra\u00eeche moulues 10\u00d7100g Poivre noir moulu 100g Piment doux 100g Gingembre Moulu 100g Ras el hanout 100g Curcuma Moulu 100g Epices Harira 100g Epices poulet 100g Cumin moulu 100g B\u00e2tons de cannelle 100g Carvi moulu 100g","og_url":"https:\/\/mondialeolives.com\/?product=pack-epices-moulu-10x100g","og_site_name":"Mondiale olives","article_publisher":"https:\/\/m.facebook.com\/mondialeolives\/","article_modified_time":"2026-02-11T16:30:42+00:00","twitter_card":"summary_large_image","schema":{"@context":"https:\/\/schema.org","@graph":[{"@type":"WebPage","@id":"https:\/\/mondialeolives.com\/?product=pack-epices-moulu-10x100g","url":"https:\/\/mondialeolives.com\/?product=pack-epices-moulu-10x100g","name":"Pack Epices Moulu (10\u00d7100g) - Mondiale olives","isPartOf":{"@id":"https:\/\/mondialeolives.com\/#website"},"primaryImageOfPage":{"@id":"https:\/\/mondialeolives.com\/?product=pack-epices-moulu-10x100g#primaryimage"},"image":{"@id":"https:\/\/mondialeolives.com\/?product=pack-epices-moulu-10x100g#primaryimage"},"thumbnailUrl":"https:\/\/mondialeolives.com\/wp-content\/uploads\/2025\/09\/1000073619.png","datePublished":"2025-09-21T02:42:48+00:00","dateModified":"2026-02-11T16:30:42+00:00","breadcrumb":{"@id":"https:\/\/mondialeolives.com\/?product=pack-epices-moulu-10x100g#breadcrumb"},"inLanguage":"fr-FR","potentialAction":[{"@type":"ReadAction","target":["https:\/\/mondialeolives.com\/?product=pack-epices-moulu-10x100g"]}]},{"@type":"ImageObject","inLanguage":"fr-FR","@id":"https:\/\/mondialeolives.com\/?product=pack-epices-moulu-10x100g#primaryimage","url":"https:\/\/mondialeolives.com\/wp-content\/uploads\/2025\/09\/1000073619.png","contentUrl":"https:\/\/mondialeolives.com\/wp-content\/uploads\/2025\/09\/1000073619.png","width":1024,"height":1024},{"@type":"BreadcrumbList","@id":"https:\/\/mondialeolives.com\/?product=pack-epices-moulu-10x100g#breadcrumb","itemListElement":[{"@type":"ListItem","position":1,"name":"Accueil","item":"https:\/\/mondialeolives.com\/"},{"@type":"ListItem","position":2,"name":"Produits","item":"https:\/\/mondialeolives.com\/?post_type=product"},{"@type":"ListItem","position":3,"name":"Pack Epices Moulu (10\u00d7100g)"}]},{"@type":"WebSite","@id":"https:\/\/mondialeolives.com\/#website","url":"https:\/\/mondialeolives.com\/","name":"www.mondialeolives.com","description":"Olives, Fruits secs et dattes de qualit\u00e9","publisher":{"@id":"https:\/\/mondialeolives.com\/#organization"},"potentialAction":[{"@type":"SearchAction","target":{"@type":"EntryPoint","urlTemplate":"https:\/\/mondialeolives.com\/?s={search_term_string}"},"query-input":{"@type":"PropertyValueSpecification","valueRequired":true,"valueName":"search_term_string"}}],"inLanguage":"fr-FR"},{"@type":"Organization","@id":"https:\/\/mondialeolives.com\/#organization","name":"Mondiale olives","url":"https:\/\/mondialeolives.com\/","logo":{"@type":"ImageObject","inLanguage":"fr-FR","@id":"https:\/\/mondialeolives.com\/#\/schema\/logo\/image\/","url":"https:\/\/mondialeolives.com\/wp-content\/uploads\/2020\/06\/cropped-mondiale_oliveslogo.png","contentUrl":"https:\/\/mondialeolives.com\/wp-content\/uploads\/2020\/06\/cropped-mondiale_oliveslogo.png","width":512,"height":512,"caption":"Mondiale olives"},"image":{"@id":"https:\/\/mondialeolives.com\/#\/schema\/logo\/image\/"},"sameAs":["https:\/\/m.facebook.com\/mondialeolives\/","https:\/\/www.instagram.com\/mondialolive\/"]}]}},"_links":{"self":[{"href":"https:\/\/mondialeolives.com\/index.php?rest_route=\/wp\/v2\/product\/5140","targetHints":{"allow":["GET"]}}],"collection":[{"href":"https:\/\/mondialeolives.com\/index.php?rest_route=\/wp\/v2\/product"}],"about":[{"href":"https:\/\/mondialeolives.com\/index.php?rest_route=\/wp\/v2\/types\/product"}],"replies":[{"embeddable":true,"href":"https:\/\/mondialeolives.com\/index.php?rest_route=%2Fwp%2Fv2%2Fcomments&post=5140"}],"version-history":[{"count":0,"href":"https:\/\/mondialeolives.com\/index.php?rest_route=\/wp\/v2\/product\/5140\/revisions"}],"wp:featuredmedia":[{"embeddable":true,"href":"https:\/\/mondialeolives.com\/index.php?rest_route=\/wp\/v2\/media\/5191"}],"wp:attachment":[{"href":"https:\/\/mondialeolives.com\/index.php?rest_route=%2Fwp%2Fv2%2Fmedia&parent=5140"}],"wp:term":[{"taxonomy":"product_brand","embeddable":true,"href":"https:\/\/mondialeolives.com\/index.php?rest_route=%2Fwp%2Fv2%2Fproduct_brand&post=5140"},{"taxonomy":"product_cat","embeddable":true,"href":"https:\/\/mondialeolives.com\/index.php?rest_route=%2Fwp%2Fv2%2Fproduct_cat&post=5140"},{"taxonomy":"product_tag","embeddable":true,"href":"https:\/\/mondialeolives.com\/index.php?rest_route=%2Fwp%2Fv2%2Fproduct_tag&post=5140"}],"curies":[{"name":"wp","href":"https:\/\/api.w.org\/{rel}","templated":true}]}}