{"id":4804,"date":"2025-02-01T13:35:06","date_gmt":"2025-02-01T13:35:06","guid":{"rendered":"https:\/\/mondialeolives.com\/?product=dattes-medjoul-arabie-saoudite-1kg-2"},"modified":"2026-03-19T09:51:49","modified_gmt":"2026-03-19T09:51:49","slug":"dattes-medjoul-arabie-saoudite-1kg-2-2","status":"publish","type":"product","link":"https:\/\/mondialeolives.com\/?product=dattes-medjoul-arabie-saoudite-1kg-2-2","title":{"rendered":"dattes medjoul arabie saoudite BIO 1kg"},"content":{"rendered":"<p>La datte Medjoul routab est originaire d\u2019Arabie Saoudite. Gourmande et charnue, la datte medjoul est de couleur ambr\u00e9e et sa chair est fondante et moelleuse. Dans sa version routab (fra\u00eeche), la datte medjool est plus fondante et juteuse que jamais, un vrai d\u00e9lice pour les papilles.<br \/>\nLa datte medjoul est reconnue pour sa qualit\u00e9 gustative incontestable, gr\u00e2ce \u00e0 ses ar\u00f4mes subtils d\u2019\u00e9pices et de miel.<\/p>\n<p>Cette vari\u00e9t\u00e9 se conserve au frais +- 5 degr\u00e9s.<\/p>\n<p>Nouvelle r\u00e9colte<\/p>\n","protected":false},"excerpt":{"rendered":"<p>La datte Medjoul routab est originaire d\u2019Arabie Saoudite. Gourmande et charnue, la datte medjoul est de couleur ambr\u00e9e et sa chair est fondante et moelleuse. Dans sa version routab (fra\u00eeche), la datte medjool est plus fondante et juteuse que jamais, un vrai d\u00e9lice pour les papilles. La datte medjoul est reconnue pour sa qualit\u00e9 gustative [&hellip;]<\/p>\n","protected":false},"featured_media":5062,"comment_status":"open","ping_status":"closed","template":"","meta":{"_joinchat":[]},"product_brand":[],"product_cat":[16,186],"product_tag":[],"class_list":{"0":"post-4804","1":"product","2":"type-product","3":"status-publish","4":"has-post-thumbnail","6":"product_cat-dattes-prenieum-dattes-palestine-dattes-ajwa-fraiches-dattes-sukari-extrait-moelleuse","7":"product_cat-offres","9":"first","10":"instock","11":"sale","12":"shipping-taxable","13":"purchasable","14":"product-type-simple"},"yoast_head":"<!-- This site is optimized with the Yoast SEO plugin v24.3 - https:\/\/yoast.com\/wordpress\/plugins\/seo\/ -->\n<title>dattes medjoul arabie saoudite BIO 1kg - Mondiale olives<\/title>\n<meta name=\"robots\" content=\"index, follow, max-snippet:-1, max-image-preview:large, max-video-preview:-1\" \/>\n<link rel=\"canonical\" href=\"https:\/\/mondialeolives.com\/?product=dattes-medjoul-arabie-saoudite-1kg-2-2\" \/>\n<meta property=\"og:locale\" content=\"fr_FR\" \/>\n<meta property=\"og:type\" content=\"article\" \/>\n<meta property=\"og:title\" content=\"dattes medjoul arabie saoudite BIO 1kg - Mondiale olives\" \/>\n<meta property=\"og:description\" content=\"La datte Medjoul routab est originaire d\u2019Arabie Saoudite. Gourmande et charnue, la datte medjoul est de couleur ambr\u00e9e et sa chair est fondante et moelleuse. Dans sa version routab (fra\u00eeche), la datte medjool est plus fondante et juteuse que jamais, un vrai d\u00e9lice pour les papilles. La datte medjoul est reconnue pour sa qualit\u00e9 gustative [&hellip;]\" \/>\n<meta property=\"og:url\" content=\"https:\/\/mondialeolives.com\/?product=dattes-medjoul-arabie-saoudite-1kg-2-2\" \/>\n<meta property=\"og:site_name\" content=\"Mondiale olives\" \/>\n<meta property=\"article:publisher\" content=\"https:\/\/m.facebook.com\/mondialeolives\/\" \/>\n<meta property=\"article:modified_time\" content=\"2026-03-19T09:51:49+00:00\" \/>\n<meta property=\"og:image\" content=\"https:\/\/mondialeolives.com\/wp-content\/uploads\/2025\/02\/1000051313.jpg\" \/>\n\t<meta property=\"og:image:width\" content=\"1200\" \/>\n\t<meta property=\"og:image:height\" content=\"1052\" \/>\n\t<meta property=\"og:image:type\" content=\"image\/jpeg\" \/>\n<meta name=\"twitter:card\" content=\"summary_large_image\" \/>\n<script type=\"application\/ld+json\" class=\"yoast-schema-graph\">{\"@context\":\"https:\/\/schema.org\",\"@graph\":[{\"@type\":\"WebPage\",\"@id\":\"https:\/\/mondialeolives.com\/?product=dattes-medjoul-arabie-saoudite-1kg-2-2\",\"url\":\"https:\/\/mondialeolives.com\/?product=dattes-medjoul-arabie-saoudite-1kg-2-2\",\"name\":\"dattes medjoul arabie saoudite BIO 1kg - Mondiale olives\",\"isPartOf\":{\"@id\":\"https:\/\/mondialeolives.com\/#website\"},\"primaryImageOfPage\":{\"@id\":\"https:\/\/mondialeolives.com\/?product=dattes-medjoul-arabie-saoudite-1kg-2-2#primaryimage\"},\"image\":{\"@id\":\"https:\/\/mondialeolives.com\/?product=dattes-medjoul-arabie-saoudite-1kg-2-2#primaryimage\"},\"thumbnailUrl\":\"https:\/\/mondialeolives.com\/wp-content\/uploads\/2025\/02\/1000051313.jpg\",\"datePublished\":\"2025-02-01T13:35:06+00:00\",\"dateModified\":\"2026-03-19T09:51:49+00:00\",\"breadcrumb\":{\"@id\":\"https:\/\/mondialeolives.com\/?product=dattes-medjoul-arabie-saoudite-1kg-2-2#breadcrumb\"},\"inLanguage\":\"fr-FR\",\"potentialAction\":[{\"@type\":\"ReadAction\",\"target\":[\"https:\/\/mondialeolives.com\/?product=dattes-medjoul-arabie-saoudite-1kg-2-2\"]}]},{\"@type\":\"ImageObject\",\"inLanguage\":\"fr-FR\",\"@id\":\"https:\/\/mondialeolives.com\/?product=dattes-medjoul-arabie-saoudite-1kg-2-2#primaryimage\",\"url\":\"https:\/\/mondialeolives.com\/wp-content\/uploads\/2025\/02\/1000051313.jpg\",\"contentUrl\":\"https:\/\/mondialeolives.com\/wp-content\/uploads\/2025\/02\/1000051313.jpg\",\"width\":1200,\"height\":1052},{\"@type\":\"BreadcrumbList\",\"@id\":\"https:\/\/mondialeolives.com\/?product=dattes-medjoul-arabie-saoudite-1kg-2-2#breadcrumb\",\"itemListElement\":[{\"@type\":\"ListItem\",\"position\":1,\"name\":\"Accueil\",\"item\":\"https:\/\/mondialeolives.com\/\"},{\"@type\":\"ListItem\",\"position\":2,\"name\":\"Produits\",\"item\":\"https:\/\/mondialeolives.com\/?post_type=product\"},{\"@type\":\"ListItem\",\"position\":3,\"name\":\"dattes medjoul arabie saoudite BIO 1kg\"}]},{\"@type\":\"WebSite\",\"@id\":\"https:\/\/mondialeolives.com\/#website\",\"url\":\"https:\/\/mondialeolives.com\/\",\"name\":\"www.mondialeolives.com\",\"description\":\"Olives, Fruits secs et dattes de qualit\u00e9\",\"publisher\":{\"@id\":\"https:\/\/mondialeolives.com\/#organization\"},\"potentialAction\":[{\"@type\":\"SearchAction\",\"target\":{\"@type\":\"EntryPoint\",\"urlTemplate\":\"https:\/\/mondialeolives.com\/?s={search_term_string}\"},\"query-input\":{\"@type\":\"PropertyValueSpecification\",\"valueRequired\":true,\"valueName\":\"search_term_string\"}}],\"inLanguage\":\"fr-FR\"},{\"@type\":\"Organization\",\"@id\":\"https:\/\/mondialeolives.com\/#organization\",\"name\":\"Mondiale olives\",\"url\":\"https:\/\/mondialeolives.com\/\",\"logo\":{\"@type\":\"ImageObject\",\"inLanguage\":\"fr-FR\",\"@id\":\"https:\/\/mondialeolives.com\/#\/schema\/logo\/image\/\",\"url\":\"https:\/\/mondialeolives.com\/wp-content\/uploads\/2020\/06\/cropped-mondiale_oliveslogo.png\",\"contentUrl\":\"https:\/\/mondialeolives.com\/wp-content\/uploads\/2020\/06\/cropped-mondiale_oliveslogo.png\",\"width\":512,\"height\":512,\"caption\":\"Mondiale olives\"},\"image\":{\"@id\":\"https:\/\/mondialeolives.com\/#\/schema\/logo\/image\/\"},\"sameAs\":[\"https:\/\/m.facebook.com\/mondialeolives\/\",\"https:\/\/www.instagram.com\/mondialolive\/\"]}]}<\/script>\n<!-- \/ Yoast SEO plugin. -->","yoast_head_json":{"title":"dattes medjoul arabie saoudite BIO 1kg - Mondiale olives","robots":{"index":"index","follow":"follow","max-snippet":"max-snippet:-1","max-image-preview":"max-image-preview:large","max-video-preview":"max-video-preview:-1"},"canonical":"https:\/\/mondialeolives.com\/?product=dattes-medjoul-arabie-saoudite-1kg-2-2","og_locale":"fr_FR","og_type":"article","og_title":"dattes medjoul arabie saoudite BIO 1kg - Mondiale olives","og_description":"La datte Medjoul routab est originaire d\u2019Arabie Saoudite. Gourmande et charnue, la datte medjoul est de couleur ambr\u00e9e et sa chair est fondante et moelleuse. Dans sa version routab (fra\u00eeche), la datte medjool est plus fondante et juteuse que jamais, un vrai d\u00e9lice pour les papilles. La datte medjoul est reconnue pour sa qualit\u00e9 gustative [&hellip;]","og_url":"https:\/\/mondialeolives.com\/?product=dattes-medjoul-arabie-saoudite-1kg-2-2","og_site_name":"Mondiale olives","article_publisher":"https:\/\/m.facebook.com\/mondialeolives\/","article_modified_time":"2026-03-19T09:51:49+00:00","og_image":[{"width":1200,"height":1052,"url":"https:\/\/mondialeolives.com\/wp-content\/uploads\/2025\/02\/1000051313.jpg","type":"image\/jpeg"}],"twitter_card":"summary_large_image","schema":{"@context":"https:\/\/schema.org","@graph":[{"@type":"WebPage","@id":"https:\/\/mondialeolives.com\/?product=dattes-medjoul-arabie-saoudite-1kg-2-2","url":"https:\/\/mondialeolives.com\/?product=dattes-medjoul-arabie-saoudite-1kg-2-2","name":"dattes medjoul arabie saoudite BIO 1kg - Mondiale olives","isPartOf":{"@id":"https:\/\/mondialeolives.com\/#website"},"primaryImageOfPage":{"@id":"https:\/\/mondialeolives.com\/?product=dattes-medjoul-arabie-saoudite-1kg-2-2#primaryimage"},"image":{"@id":"https:\/\/mondialeolives.com\/?product=dattes-medjoul-arabie-saoudite-1kg-2-2#primaryimage"},"thumbnailUrl":"https:\/\/mondialeolives.com\/wp-content\/uploads\/2025\/02\/1000051313.jpg","datePublished":"2025-02-01T13:35:06+00:00","dateModified":"2026-03-19T09:51:49+00:00","breadcrumb":{"@id":"https:\/\/mondialeolives.com\/?product=dattes-medjoul-arabie-saoudite-1kg-2-2#breadcrumb"},"inLanguage":"fr-FR","potentialAction":[{"@type":"ReadAction","target":["https:\/\/mondialeolives.com\/?product=dattes-medjoul-arabie-saoudite-1kg-2-2"]}]},{"@type":"ImageObject","inLanguage":"fr-FR","@id":"https:\/\/mondialeolives.com\/?product=dattes-medjoul-arabie-saoudite-1kg-2-2#primaryimage","url":"https:\/\/mondialeolives.com\/wp-content\/uploads\/2025\/02\/1000051313.jpg","contentUrl":"https:\/\/mondialeolives.com\/wp-content\/uploads\/2025\/02\/1000051313.jpg","width":1200,"height":1052},{"@type":"BreadcrumbList","@id":"https:\/\/mondialeolives.com\/?product=dattes-medjoul-arabie-saoudite-1kg-2-2#breadcrumb","itemListElement":[{"@type":"ListItem","position":1,"name":"Accueil","item":"https:\/\/mondialeolives.com\/"},{"@type":"ListItem","position":2,"name":"Produits","item":"https:\/\/mondialeolives.com\/?post_type=product"},{"@type":"ListItem","position":3,"name":"dattes medjoul arabie saoudite BIO 1kg"}]},{"@type":"WebSite","@id":"https:\/\/mondialeolives.com\/#website","url":"https:\/\/mondialeolives.com\/","name":"www.mondialeolives.com","description":"Olives, Fruits secs et dattes de qualit\u00e9","publisher":{"@id":"https:\/\/mondialeolives.com\/#organization"},"potentialAction":[{"@type":"SearchAction","target":{"@type":"EntryPoint","urlTemplate":"https:\/\/mondialeolives.com\/?s={search_term_string}"},"query-input":{"@type":"PropertyValueSpecification","valueRequired":true,"valueName":"search_term_string"}}],"inLanguage":"fr-FR"},{"@type":"Organization","@id":"https:\/\/mondialeolives.com\/#organization","name":"Mondiale olives","url":"https:\/\/mondialeolives.com\/","logo":{"@type":"ImageObject","inLanguage":"fr-FR","@id":"https:\/\/mondialeolives.com\/#\/schema\/logo\/image\/","url":"https:\/\/mondialeolives.com\/wp-content\/uploads\/2020\/06\/cropped-mondiale_oliveslogo.png","contentUrl":"https:\/\/mondialeolives.com\/wp-content\/uploads\/2020\/06\/cropped-mondiale_oliveslogo.png","width":512,"height":512,"caption":"Mondiale olives"},"image":{"@id":"https:\/\/mondialeolives.com\/#\/schema\/logo\/image\/"},"sameAs":["https:\/\/m.facebook.com\/mondialeolives\/","https:\/\/www.instagram.com\/mondialolive\/"]}]}},"_links":{"self":[{"href":"https:\/\/mondialeolives.com\/index.php?rest_route=\/wp\/v2\/product\/4804","targetHints":{"allow":["GET"]}}],"collection":[{"href":"https:\/\/mondialeolives.com\/index.php?rest_route=\/wp\/v2\/product"}],"about":[{"href":"https:\/\/mondialeolives.com\/index.php?rest_route=\/wp\/v2\/types\/product"}],"replies":[{"embeddable":true,"href":"https:\/\/mondialeolives.com\/index.php?rest_route=%2Fwp%2Fv2%2Fcomments&post=4804"}],"version-history":[{"count":1,"href":"https:\/\/mondialeolives.com\/index.php?rest_route=\/wp\/v2\/product\/4804\/revisions"}],"predecessor-version":[{"id":5197,"href":"https:\/\/mondialeolives.com\/index.php?rest_route=\/wp\/v2\/product\/4804\/revisions\/5197"}],"wp:featuredmedia":[{"embeddable":true,"href":"https:\/\/mondialeolives.com\/index.php?rest_route=\/wp\/v2\/media\/5062"}],"wp:attachment":[{"href":"https:\/\/mondialeolives.com\/index.php?rest_route=%2Fwp%2Fv2%2Fmedia&parent=4804"}],"wp:term":[{"taxonomy":"product_brand","embeddable":true,"href":"https:\/\/mondialeolives.com\/index.php?rest_route=%2Fwp%2Fv2%2Fproduct_brand&post=4804"},{"taxonomy":"product_cat","embeddable":true,"href":"https:\/\/mondialeolives.com\/index.php?rest_route=%2Fwp%2Fv2%2Fproduct_cat&post=4804"},{"taxonomy":"product_tag","embeddable":true,"href":"https:\/\/mondialeolives.com\/index.php?rest_route=%2Fwp%2Fv2%2Fproduct_tag&post=4804"}],"curies":[{"name":"wp","href":"https:\/\/api.w.org\/{rel}","templated":true}]}}