{"id":4331,"date":"2023-03-22T09:16:03","date_gmt":"2023-03-22T09:16:03","guid":{"rendered":"https:\/\/mondialeolives.com\/?product=produit"},"modified":"2026-02-22T21:28:00","modified_gmt":"2026-02-22T21:28:00","slug":"produit","status":"publish","type":"product","link":"https:\/\/mondialeolives.com\/?product=produit","title":{"rendered":"dattes d&#8217;Alg\u00e9rie 2kg arjoun \nnouvelles r\u00e9colte 2025"},"content":{"rendered":"<p>Deglet Nour : ou datte royale, est la vari\u00e9t\u00e9 la plus connue, elle est originaire du grand Sahara alg\u00e9rien. Elle doit son nom \u00e0 sa forme allong\u00e9e et \u00e0 sa couleur brillante et translucide. Elle est tr\u00e8s consomm\u00e9e de par le monde et est tr\u00e8s appr\u00e9ci\u00e9e pour sa texture fondante et son go\u00fbt mielleux.<\/p>\n<p>dattes d&#8217;Alg\u00e9rie nouvelles r\u00e9colte 2025<\/p>\n<p>2kg<\/p>\n","protected":false},"excerpt":{"rendered":"<p>Deglet Nour : ou datte royale, est la vari\u00e9t\u00e9 la plus connue, elle est originaire du grand Sahara alg\u00e9rien. Elle doit son nom \u00e0 sa forme allong\u00e9e et \u00e0 sa couleur brillante et translucide. Elle est tr\u00e8s consomm\u00e9e de par le monde et est tr\u00e8s appr\u00e9ci\u00e9e pour sa texture fondante et son go\u00fbt mielleux. dattes [&hellip;]<\/p>\n","protected":false},"featured_media":4415,"comment_status":"open","ping_status":"closed","template":"","meta":{"_joinchat":[]},"product_brand":[],"product_cat":[16,186],"product_tag":[],"class_list":{"0":"post-4331","1":"product","2":"type-product","3":"status-publish","4":"has-post-thumbnail","6":"product_cat-dattes-prenieum-dattes-palestine-dattes-ajwa-fraiches-dattes-sukari-extrait-moelleuse","7":"product_cat-offres","9":"first","10":"outofstock","11":"sale","12":"shipping-taxable","13":"purchasable","14":"product-type-simple"},"yoast_head":"<!-- This site is optimized with the Yoast SEO plugin v24.3 - https:\/\/yoast.com\/wordpress\/plugins\/seo\/ -->\n<title>dattes d&#039;Alg\u00e9rie 2kg arjoun nouvelles r\u00e9colte 2025 - Mondiale olives<\/title>\n<meta name=\"robots\" content=\"index, follow, max-snippet:-1, max-image-preview:large, max-video-preview:-1\" \/>\n<link rel=\"canonical\" href=\"https:\/\/mondialeolives.com\/?product=produit\" \/>\n<meta property=\"og:locale\" content=\"fr_FR\" \/>\n<meta property=\"og:type\" content=\"article\" \/>\n<meta property=\"og:title\" content=\"dattes d&#039;Alg\u00e9rie 2kg arjoun nouvelles r\u00e9colte 2025 - Mondiale olives\" \/>\n<meta property=\"og:description\" content=\"Deglet Nour : ou datte royale, est la vari\u00e9t\u00e9 la plus connue, elle est originaire du grand Sahara alg\u00e9rien. Elle doit son nom \u00e0 sa forme allong\u00e9e et \u00e0 sa couleur brillante et translucide. Elle est tr\u00e8s consomm\u00e9e de par le monde et est tr\u00e8s appr\u00e9ci\u00e9e pour sa texture fondante et son go\u00fbt mielleux. dattes [&hellip;]\" \/>\n<meta property=\"og:url\" content=\"https:\/\/mondialeolives.com\/?product=produit\" \/>\n<meta property=\"og:site_name\" content=\"Mondiale olives\" \/>\n<meta property=\"article:publisher\" content=\"https:\/\/m.facebook.com\/mondialeolives\/\" \/>\n<meta property=\"article:modified_time\" content=\"2026-02-22T21:28:00+00:00\" \/>\n<meta property=\"og:image\" content=\"https:\/\/mondialeolives.com\/wp-content\/uploads\/2023\/10\/1000017569-scaled.jpg\" \/>\n\t<meta property=\"og:image:width\" content=\"1920\" \/>\n\t<meta property=\"og:image:height\" content=\"2560\" \/>\n\t<meta property=\"og:image:type\" content=\"image\/jpeg\" \/>\n<meta name=\"twitter:card\" content=\"summary_large_image\" \/>\n<script type=\"application\/ld+json\" class=\"yoast-schema-graph\">{\"@context\":\"https:\/\/schema.org\",\"@graph\":[{\"@type\":\"WebPage\",\"@id\":\"https:\/\/mondialeolives.com\/?product=produit\",\"url\":\"https:\/\/mondialeolives.com\/?product=produit\",\"name\":\"dattes d'Alg\u00e9rie 2kg arjoun nouvelles r\u00e9colte 2025 - Mondiale olives\",\"isPartOf\":{\"@id\":\"https:\/\/mondialeolives.com\/#website\"},\"primaryImageOfPage\":{\"@id\":\"https:\/\/mondialeolives.com\/?product=produit#primaryimage\"},\"image\":{\"@id\":\"https:\/\/mondialeolives.com\/?product=produit#primaryimage\"},\"thumbnailUrl\":\"https:\/\/mondialeolives.com\/wp-content\/uploads\/2023\/10\/1000017569-scaled.jpg\",\"datePublished\":\"2023-03-22T09:16:03+00:00\",\"dateModified\":\"2026-02-22T21:28:00+00:00\",\"breadcrumb\":{\"@id\":\"https:\/\/mondialeolives.com\/?product=produit#breadcrumb\"},\"inLanguage\":\"fr-FR\",\"potentialAction\":[{\"@type\":\"ReadAction\",\"target\":[\"https:\/\/mondialeolives.com\/?product=produit\"]}]},{\"@type\":\"ImageObject\",\"inLanguage\":\"fr-FR\",\"@id\":\"https:\/\/mondialeolives.com\/?product=produit#primaryimage\",\"url\":\"https:\/\/mondialeolives.com\/wp-content\/uploads\/2023\/10\/1000017569-scaled.jpg\",\"contentUrl\":\"https:\/\/mondialeolives.com\/wp-content\/uploads\/2023\/10\/1000017569-scaled.jpg\",\"width\":1920,\"height\":2560},{\"@type\":\"BreadcrumbList\",\"@id\":\"https:\/\/mondialeolives.com\/?product=produit#breadcrumb\",\"itemListElement\":[{\"@type\":\"ListItem\",\"position\":1,\"name\":\"Accueil\",\"item\":\"https:\/\/mondialeolives.com\/\"},{\"@type\":\"ListItem\",\"position\":2,\"name\":\"Produits\",\"item\":\"https:\/\/mondialeolives.com\/?post_type=product\"},{\"@type\":\"ListItem\",\"position\":3,\"name\":\"dattes d&#8217;Alg\u00e9rie 2kg arjoun nouvelles r\u00e9colte 2025\"}]},{\"@type\":\"WebSite\",\"@id\":\"https:\/\/mondialeolives.com\/#website\",\"url\":\"https:\/\/mondialeolives.com\/\",\"name\":\"www.mondialeolives.com\",\"description\":\"Olives, Fruits secs et dattes de qualit\u00e9\",\"publisher\":{\"@id\":\"https:\/\/mondialeolives.com\/#organization\"},\"potentialAction\":[{\"@type\":\"SearchAction\",\"target\":{\"@type\":\"EntryPoint\",\"urlTemplate\":\"https:\/\/mondialeolives.com\/?s={search_term_string}\"},\"query-input\":{\"@type\":\"PropertyValueSpecification\",\"valueRequired\":true,\"valueName\":\"search_term_string\"}}],\"inLanguage\":\"fr-FR\"},{\"@type\":\"Organization\",\"@id\":\"https:\/\/mondialeolives.com\/#organization\",\"name\":\"Mondiale olives\",\"url\":\"https:\/\/mondialeolives.com\/\",\"logo\":{\"@type\":\"ImageObject\",\"inLanguage\":\"fr-FR\",\"@id\":\"https:\/\/mondialeolives.com\/#\/schema\/logo\/image\/\",\"url\":\"https:\/\/mondialeolives.com\/wp-content\/uploads\/2020\/06\/cropped-mondiale_oliveslogo.png\",\"contentUrl\":\"https:\/\/mondialeolives.com\/wp-content\/uploads\/2020\/06\/cropped-mondiale_oliveslogo.png\",\"width\":512,\"height\":512,\"caption\":\"Mondiale olives\"},\"image\":{\"@id\":\"https:\/\/mondialeolives.com\/#\/schema\/logo\/image\/\"},\"sameAs\":[\"https:\/\/m.facebook.com\/mondialeolives\/\",\"https:\/\/www.instagram.com\/mondialolive\/\"]}]}<\/script>\n<!-- \/ Yoast SEO plugin. -->","yoast_head_json":{"title":"dattes d'Alg\u00e9rie 2kg arjoun nouvelles r\u00e9colte 2025 - Mondiale olives","robots":{"index":"index","follow":"follow","max-snippet":"max-snippet:-1","max-image-preview":"max-image-preview:large","max-video-preview":"max-video-preview:-1"},"canonical":"https:\/\/mondialeolives.com\/?product=produit","og_locale":"fr_FR","og_type":"article","og_title":"dattes d'Alg\u00e9rie 2kg arjoun nouvelles r\u00e9colte 2025 - Mondiale olives","og_description":"Deglet Nour : ou datte royale, est la vari\u00e9t\u00e9 la plus connue, elle est originaire du grand Sahara alg\u00e9rien. Elle doit son nom \u00e0 sa forme allong\u00e9e et \u00e0 sa couleur brillante et translucide. Elle est tr\u00e8s consomm\u00e9e de par le monde et est tr\u00e8s appr\u00e9ci\u00e9e pour sa texture fondante et son go\u00fbt mielleux. dattes [&hellip;]","og_url":"https:\/\/mondialeolives.com\/?product=produit","og_site_name":"Mondiale olives","article_publisher":"https:\/\/m.facebook.com\/mondialeolives\/","article_modified_time":"2026-02-22T21:28:00+00:00","og_image":[{"width":1920,"height":2560,"url":"https:\/\/mondialeolives.com\/wp-content\/uploads\/2023\/10\/1000017569-scaled.jpg","type":"image\/jpeg"}],"twitter_card":"summary_large_image","schema":{"@context":"https:\/\/schema.org","@graph":[{"@type":"WebPage","@id":"https:\/\/mondialeolives.com\/?product=produit","url":"https:\/\/mondialeolives.com\/?product=produit","name":"dattes d'Alg\u00e9rie 2kg arjoun nouvelles r\u00e9colte 2025 - Mondiale olives","isPartOf":{"@id":"https:\/\/mondialeolives.com\/#website"},"primaryImageOfPage":{"@id":"https:\/\/mondialeolives.com\/?product=produit#primaryimage"},"image":{"@id":"https:\/\/mondialeolives.com\/?product=produit#primaryimage"},"thumbnailUrl":"https:\/\/mondialeolives.com\/wp-content\/uploads\/2023\/10\/1000017569-scaled.jpg","datePublished":"2023-03-22T09:16:03+00:00","dateModified":"2026-02-22T21:28:00+00:00","breadcrumb":{"@id":"https:\/\/mondialeolives.com\/?product=produit#breadcrumb"},"inLanguage":"fr-FR","potentialAction":[{"@type":"ReadAction","target":["https:\/\/mondialeolives.com\/?product=produit"]}]},{"@type":"ImageObject","inLanguage":"fr-FR","@id":"https:\/\/mondialeolives.com\/?product=produit#primaryimage","url":"https:\/\/mondialeolives.com\/wp-content\/uploads\/2023\/10\/1000017569-scaled.jpg","contentUrl":"https:\/\/mondialeolives.com\/wp-content\/uploads\/2023\/10\/1000017569-scaled.jpg","width":1920,"height":2560},{"@type":"BreadcrumbList","@id":"https:\/\/mondialeolives.com\/?product=produit#breadcrumb","itemListElement":[{"@type":"ListItem","position":1,"name":"Accueil","item":"https:\/\/mondialeolives.com\/"},{"@type":"ListItem","position":2,"name":"Produits","item":"https:\/\/mondialeolives.com\/?post_type=product"},{"@type":"ListItem","position":3,"name":"dattes d&#8217;Alg\u00e9rie 2kg arjoun nouvelles r\u00e9colte 2025"}]},{"@type":"WebSite","@id":"https:\/\/mondialeolives.com\/#website","url":"https:\/\/mondialeolives.com\/","name":"www.mondialeolives.com","description":"Olives, Fruits secs et dattes de qualit\u00e9","publisher":{"@id":"https:\/\/mondialeolives.com\/#organization"},"potentialAction":[{"@type":"SearchAction","target":{"@type":"EntryPoint","urlTemplate":"https:\/\/mondialeolives.com\/?s={search_term_string}"},"query-input":{"@type":"PropertyValueSpecification","valueRequired":true,"valueName":"search_term_string"}}],"inLanguage":"fr-FR"},{"@type":"Organization","@id":"https:\/\/mondialeolives.com\/#organization","name":"Mondiale olives","url":"https:\/\/mondialeolives.com\/","logo":{"@type":"ImageObject","inLanguage":"fr-FR","@id":"https:\/\/mondialeolives.com\/#\/schema\/logo\/image\/","url":"https:\/\/mondialeolives.com\/wp-content\/uploads\/2020\/06\/cropped-mondiale_oliveslogo.png","contentUrl":"https:\/\/mondialeolives.com\/wp-content\/uploads\/2020\/06\/cropped-mondiale_oliveslogo.png","width":512,"height":512,"caption":"Mondiale olives"},"image":{"@id":"https:\/\/mondialeolives.com\/#\/schema\/logo\/image\/"},"sameAs":["https:\/\/m.facebook.com\/mondialeolives\/","https:\/\/www.instagram.com\/mondialolive\/"]}]}},"_links":{"self":[{"href":"https:\/\/mondialeolives.com\/index.php?rest_route=\/wp\/v2\/product\/4331","targetHints":{"allow":["GET"]}}],"collection":[{"href":"https:\/\/mondialeolives.com\/index.php?rest_route=\/wp\/v2\/product"}],"about":[{"href":"https:\/\/mondialeolives.com\/index.php?rest_route=\/wp\/v2\/types\/product"}],"replies":[{"embeddable":true,"href":"https:\/\/mondialeolives.com\/index.php?rest_route=%2Fwp%2Fv2%2Fcomments&post=4331"}],"version-history":[{"count":9,"href":"https:\/\/mondialeolives.com\/index.php?rest_route=\/wp\/v2\/product\/4331\/revisions"}],"predecessor-version":[{"id":5147,"href":"https:\/\/mondialeolives.com\/index.php?rest_route=\/wp\/v2\/product\/4331\/revisions\/5147"}],"wp:featuredmedia":[{"embeddable":true,"href":"https:\/\/mondialeolives.com\/index.php?rest_route=\/wp\/v2\/media\/4415"}],"wp:attachment":[{"href":"https:\/\/mondialeolives.com\/index.php?rest_route=%2Fwp%2Fv2%2Fmedia&parent=4331"}],"wp:term":[{"taxonomy":"product_brand","embeddable":true,"href":"https:\/\/mondialeolives.com\/index.php?rest_route=%2Fwp%2Fv2%2Fproduct_brand&post=4331"},{"taxonomy":"product_cat","embeddable":true,"href":"https:\/\/mondialeolives.com\/index.php?rest_route=%2Fwp%2Fv2%2Fproduct_cat&post=4331"},{"taxonomy":"product_tag","embeddable":true,"href":"https:\/\/mondialeolives.com\/index.php?rest_route=%2Fwp%2Fv2%2Fproduct_tag&post=4331"}],"curies":[{"name":"wp","href":"https:\/\/api.w.org\/{rel}","templated":true}]}}