{"id":417,"date":"2020-06-20T23:03:31","date_gmt":"2020-06-20T23:03:31","guid":{"rendered":"http:\/\/mondialeolives.com\/?post_type=product&#038;p=417"},"modified":"2025-03-01T19:13:47","modified_gmt":"2025-03-01T19:13:47","slug":"raisin_sec_golden_jumbo_mondiale_olives","status":"publish","type":"product","link":"https:\/\/mondialeolives.com\/?product=raisin_sec_golden_jumbo_mondiale_olives","title":{"rendered":"Raisins secs Golden jumbo gros"},"content":{"rendered":"<p><strong><em>INGR\u00c9DIENTS :<\/em><\/strong><br \/>\nRaisins, huile de tournesol, conservateur ANHYDRIDE SULFUREUX.<\/p>\n<p><strong><em>VALEURS NUTRITIONNELLES :<\/em><\/strong><br \/>\n<em>Energie :<\/em> 1460kj \/ 344kcal<br \/>\n<em>Mati\u00e8res grasses :<\/em> 0.5g (dont acides gras satur\u00e9s 0.1g)<br \/>\n<em>Glucides :<\/em> 79.5g (dont sucres 59.2g)<br \/>\n<em>Prot\u00e9ines :<\/em> 3.4g<br \/>\n<em>Sel :<\/em> 0.03g<\/p>\n<p><strong><em>ORIGINE :<\/em><\/strong> Chili<\/p>\n","protected":false},"excerpt":{"rendered":"<p>Riches en glucides et oligo-\u00e9l\u00e9ments (calcium, fer et magn\u00e9sium), le raisin sec est une excellente source d\u2019\u00e9nergie. Utilis\u00e9 par les sportifs pour obtenir un petit coup de boost avant l&#8217;effort, o\u00f9 retarder l\u2019apparition de la fatigue musculaire et acc\u00e9l\u00e9rer la r\u00e9cup\u00e9ration apr\u00e8s l\u2019exercice.<br \/>\nIl est une aide pr\u00e9cieuse en cas de fatigue ou de stress. Sa teneur en potassium r\u00e9gule par ailleurs la tension art\u00e9rielle.<br \/>\nId\u00e9al en accompagnement d&#8217;un bol de muesli, ingr\u00e9dient de p\u00e2tisserie, un tajin ou dans un taboul\u00e9.<\/p>\n","protected":false},"featured_media":1631,"comment_status":"open","ping_status":"closed","template":"","meta":{"_joinchat":[]},"product_brand":[],"product_cat":[141],"product_tag":[129,127,126,128],"class_list":{"0":"post-417","1":"product","2":"type-product","3":"status-publish","4":"has-post-thumbnail","6":"product_cat-fruits-secs","7":"product_tag-chili","8":"product_tag-golden","9":"product_tag-raisin","10":"product_tag-raisin-sec","12":"first","13":"instock","14":"shipping-taxable","15":"purchasable","16":"product-type-variable","17":"has-default-attributes"},"yoast_head":"<!-- This site is optimized with the Yoast SEO plugin v24.3 - https:\/\/yoast.com\/wordpress\/plugins\/seo\/ -->\n<title>Raisins secs Golden jumbo gros - Mondiale olives<\/title>\n<meta name=\"robots\" content=\"index, follow, max-snippet:-1, max-image-preview:large, max-video-preview:-1\" \/>\n<link rel=\"canonical\" href=\"https:\/\/mondialeolives.com\/?product=raisin_sec_golden_jumbo_mondiale_olives\" \/>\n<meta property=\"og:locale\" content=\"fr_FR\" \/>\n<meta property=\"og:type\" content=\"article\" \/>\n<meta property=\"og:title\" content=\"Raisins secs Golden jumbo gros - Mondiale olives\" \/>\n<meta property=\"og:description\" content=\"Riches en glucides et oligo-\u00e9l\u00e9ments (calcium, fer et magn\u00e9sium), le raisin sec est une excellente source d\u2019\u00e9nergie. Utilis\u00e9 par les sportifs pour obtenir un petit coup de boost avant l&#8217;effort, o\u00f9 retarder l\u2019apparition de la fatigue musculaire et acc\u00e9l\u00e9rer la r\u00e9cup\u00e9ration apr\u00e8s l\u2019exercice. Il est une aide pr\u00e9cieuse en cas de fatigue ou de stress. Sa teneur en potassium r\u00e9gule par ailleurs la tension art\u00e9rielle. Id\u00e9al en accompagnement d&#8217;un bol de muesli, ingr\u00e9dient de p\u00e2tisserie, un tajin ou dans un taboul\u00e9.\" \/>\n<meta property=\"og:url\" content=\"https:\/\/mondialeolives.com\/?product=raisin_sec_golden_jumbo_mondiale_olives\" \/>\n<meta property=\"og:site_name\" content=\"Mondiale olives\" \/>\n<meta property=\"article:publisher\" content=\"https:\/\/m.facebook.com\/mondialeolives\/\" \/>\n<meta property=\"article:modified_time\" content=\"2025-03-01T19:13:47+00:00\" \/>\n<meta property=\"og:image\" content=\"https:\/\/mondialeolives.com\/wp-content\/uploads\/2020\/06\/raisin-golden.gif\" \/>\n\t<meta property=\"og:image:width\" content=\"2506\" \/>\n\t<meta property=\"og:image:height\" content=\"2508\" \/>\n\t<meta property=\"og:image:type\" content=\"image\/gif\" \/>\n<meta name=\"twitter:card\" content=\"summary_large_image\" \/>\n<script type=\"application\/ld+json\" class=\"yoast-schema-graph\">{\"@context\":\"https:\/\/schema.org\",\"@graph\":[{\"@type\":\"WebPage\",\"@id\":\"https:\/\/mondialeolives.com\/?product=raisin_sec_golden_jumbo_mondiale_olives\",\"url\":\"https:\/\/mondialeolives.com\/?product=raisin_sec_golden_jumbo_mondiale_olives\",\"name\":\"Raisins secs Golden jumbo gros - Mondiale olives\",\"isPartOf\":{\"@id\":\"https:\/\/mondialeolives.com\/#website\"},\"primaryImageOfPage\":{\"@id\":\"https:\/\/mondialeolives.com\/?product=raisin_sec_golden_jumbo_mondiale_olives#primaryimage\"},\"image\":{\"@id\":\"https:\/\/mondialeolives.com\/?product=raisin_sec_golden_jumbo_mondiale_olives#primaryimage\"},\"thumbnailUrl\":\"https:\/\/mondialeolives.com\/wp-content\/uploads\/2020\/06\/raisin-golden.gif\",\"datePublished\":\"2020-06-20T23:03:31+00:00\",\"dateModified\":\"2025-03-01T19:13:47+00:00\",\"breadcrumb\":{\"@id\":\"https:\/\/mondialeolives.com\/?product=raisin_sec_golden_jumbo_mondiale_olives#breadcrumb\"},\"inLanguage\":\"fr-FR\",\"potentialAction\":[{\"@type\":\"ReadAction\",\"target\":[\"https:\/\/mondialeolives.com\/?product=raisin_sec_golden_jumbo_mondiale_olives\"]}]},{\"@type\":\"ImageObject\",\"inLanguage\":\"fr-FR\",\"@id\":\"https:\/\/mondialeolives.com\/?product=raisin_sec_golden_jumbo_mondiale_olives#primaryimage\",\"url\":\"https:\/\/mondialeolives.com\/wp-content\/uploads\/2020\/06\/raisin-golden.gif\",\"contentUrl\":\"https:\/\/mondialeolives.com\/wp-content\/uploads\/2020\/06\/raisin-golden.gif\",\"width\":2506,\"height\":2508,\"caption\":\"Raisins Golden\"},{\"@type\":\"BreadcrumbList\",\"@id\":\"https:\/\/mondialeolives.com\/?product=raisin_sec_golden_jumbo_mondiale_olives#breadcrumb\",\"itemListElement\":[{\"@type\":\"ListItem\",\"position\":1,\"name\":\"Accueil\",\"item\":\"https:\/\/mondialeolives.com\/\"},{\"@type\":\"ListItem\",\"position\":2,\"name\":\"Produits\",\"item\":\"https:\/\/mondialeolives.com\/?post_type=product\"},{\"@type\":\"ListItem\",\"position\":3,\"name\":\"Raisins secs Golden jumbo gros\"}]},{\"@type\":\"WebSite\",\"@id\":\"https:\/\/mondialeolives.com\/#website\",\"url\":\"https:\/\/mondialeolives.com\/\",\"name\":\"www.mondialeolives.com\",\"description\":\"Olives, Fruits secs et dattes de qualit\u00e9\",\"publisher\":{\"@id\":\"https:\/\/mondialeolives.com\/#organization\"},\"potentialAction\":[{\"@type\":\"SearchAction\",\"target\":{\"@type\":\"EntryPoint\",\"urlTemplate\":\"https:\/\/mondialeolives.com\/?s={search_term_string}\"},\"query-input\":{\"@type\":\"PropertyValueSpecification\",\"valueRequired\":true,\"valueName\":\"search_term_string\"}}],\"inLanguage\":\"fr-FR\"},{\"@type\":\"Organization\",\"@id\":\"https:\/\/mondialeolives.com\/#organization\",\"name\":\"Mondiale olives\",\"url\":\"https:\/\/mondialeolives.com\/\",\"logo\":{\"@type\":\"ImageObject\",\"inLanguage\":\"fr-FR\",\"@id\":\"https:\/\/mondialeolives.com\/#\/schema\/logo\/image\/\",\"url\":\"https:\/\/mondialeolives.com\/wp-content\/uploads\/2020\/06\/cropped-mondiale_oliveslogo.png\",\"contentUrl\":\"https:\/\/mondialeolives.com\/wp-content\/uploads\/2020\/06\/cropped-mondiale_oliveslogo.png\",\"width\":512,\"height\":512,\"caption\":\"Mondiale olives\"},\"image\":{\"@id\":\"https:\/\/mondialeolives.com\/#\/schema\/logo\/image\/\"},\"sameAs\":[\"https:\/\/m.facebook.com\/mondialeolives\/\",\"https:\/\/www.instagram.com\/mondialolive\/\"]}]}<\/script>\n<!-- \/ Yoast SEO plugin. -->","yoast_head_json":{"title":"Raisins secs Golden jumbo gros - Mondiale olives","robots":{"index":"index","follow":"follow","max-snippet":"max-snippet:-1","max-image-preview":"max-image-preview:large","max-video-preview":"max-video-preview:-1"},"canonical":"https:\/\/mondialeolives.com\/?product=raisin_sec_golden_jumbo_mondiale_olives","og_locale":"fr_FR","og_type":"article","og_title":"Raisins secs Golden jumbo gros - Mondiale olives","og_description":"Riches en glucides et oligo-\u00e9l\u00e9ments (calcium, fer et magn\u00e9sium), le raisin sec est une excellente source d\u2019\u00e9nergie. Utilis\u00e9 par les sportifs pour obtenir un petit coup de boost avant l&#8217;effort, o\u00f9 retarder l\u2019apparition de la fatigue musculaire et acc\u00e9l\u00e9rer la r\u00e9cup\u00e9ration apr\u00e8s l\u2019exercice. Il est une aide pr\u00e9cieuse en cas de fatigue ou de stress. Sa teneur en potassium r\u00e9gule par ailleurs la tension art\u00e9rielle. Id\u00e9al en accompagnement d&#8217;un bol de muesli, ingr\u00e9dient de p\u00e2tisserie, un tajin ou dans un taboul\u00e9.","og_url":"https:\/\/mondialeolives.com\/?product=raisin_sec_golden_jumbo_mondiale_olives","og_site_name":"Mondiale olives","article_publisher":"https:\/\/m.facebook.com\/mondialeolives\/","article_modified_time":"2025-03-01T19:13:47+00:00","og_image":[{"width":2506,"height":2508,"url":"https:\/\/mondialeolives.com\/wp-content\/uploads\/2020\/06\/raisin-golden.gif","type":"image\/gif"}],"twitter_card":"summary_large_image","schema":{"@context":"https:\/\/schema.org","@graph":[{"@type":"WebPage","@id":"https:\/\/mondialeolives.com\/?product=raisin_sec_golden_jumbo_mondiale_olives","url":"https:\/\/mondialeolives.com\/?product=raisin_sec_golden_jumbo_mondiale_olives","name":"Raisins secs Golden jumbo gros - Mondiale olives","isPartOf":{"@id":"https:\/\/mondialeolives.com\/#website"},"primaryImageOfPage":{"@id":"https:\/\/mondialeolives.com\/?product=raisin_sec_golden_jumbo_mondiale_olives#primaryimage"},"image":{"@id":"https:\/\/mondialeolives.com\/?product=raisin_sec_golden_jumbo_mondiale_olives#primaryimage"},"thumbnailUrl":"https:\/\/mondialeolives.com\/wp-content\/uploads\/2020\/06\/raisin-golden.gif","datePublished":"2020-06-20T23:03:31+00:00","dateModified":"2025-03-01T19:13:47+00:00","breadcrumb":{"@id":"https:\/\/mondialeolives.com\/?product=raisin_sec_golden_jumbo_mondiale_olives#breadcrumb"},"inLanguage":"fr-FR","potentialAction":[{"@type":"ReadAction","target":["https:\/\/mondialeolives.com\/?product=raisin_sec_golden_jumbo_mondiale_olives"]}]},{"@type":"ImageObject","inLanguage":"fr-FR","@id":"https:\/\/mondialeolives.com\/?product=raisin_sec_golden_jumbo_mondiale_olives#primaryimage","url":"https:\/\/mondialeolives.com\/wp-content\/uploads\/2020\/06\/raisin-golden.gif","contentUrl":"https:\/\/mondialeolives.com\/wp-content\/uploads\/2020\/06\/raisin-golden.gif","width":2506,"height":2508,"caption":"Raisins Golden"},{"@type":"BreadcrumbList","@id":"https:\/\/mondialeolives.com\/?product=raisin_sec_golden_jumbo_mondiale_olives#breadcrumb","itemListElement":[{"@type":"ListItem","position":1,"name":"Accueil","item":"https:\/\/mondialeolives.com\/"},{"@type":"ListItem","position":2,"name":"Produits","item":"https:\/\/mondialeolives.com\/?post_type=product"},{"@type":"ListItem","position":3,"name":"Raisins secs Golden jumbo gros"}]},{"@type":"WebSite","@id":"https:\/\/mondialeolives.com\/#website","url":"https:\/\/mondialeolives.com\/","name":"www.mondialeolives.com","description":"Olives, Fruits secs et dattes de qualit\u00e9","publisher":{"@id":"https:\/\/mondialeolives.com\/#organization"},"potentialAction":[{"@type":"SearchAction","target":{"@type":"EntryPoint","urlTemplate":"https:\/\/mondialeolives.com\/?s={search_term_string}"},"query-input":{"@type":"PropertyValueSpecification","valueRequired":true,"valueName":"search_term_string"}}],"inLanguage":"fr-FR"},{"@type":"Organization","@id":"https:\/\/mondialeolives.com\/#organization","name":"Mondiale olives","url":"https:\/\/mondialeolives.com\/","logo":{"@type":"ImageObject","inLanguage":"fr-FR","@id":"https:\/\/mondialeolives.com\/#\/schema\/logo\/image\/","url":"https:\/\/mondialeolives.com\/wp-content\/uploads\/2020\/06\/cropped-mondiale_oliveslogo.png","contentUrl":"https:\/\/mondialeolives.com\/wp-content\/uploads\/2020\/06\/cropped-mondiale_oliveslogo.png","width":512,"height":512,"caption":"Mondiale olives"},"image":{"@id":"https:\/\/mondialeolives.com\/#\/schema\/logo\/image\/"},"sameAs":["https:\/\/m.facebook.com\/mondialeolives\/","https:\/\/www.instagram.com\/mondialolive\/"]}]}},"_links":{"self":[{"href":"https:\/\/mondialeolives.com\/index.php?rest_route=\/wp\/v2\/product\/417","targetHints":{"allow":["GET"]}}],"collection":[{"href":"https:\/\/mondialeolives.com\/index.php?rest_route=\/wp\/v2\/product"}],"about":[{"href":"https:\/\/mondialeolives.com\/index.php?rest_route=\/wp\/v2\/types\/product"}],"replies":[{"embeddable":true,"href":"https:\/\/mondialeolives.com\/index.php?rest_route=%2Fwp%2Fv2%2Fcomments&post=417"}],"version-history":[{"count":6,"href":"https:\/\/mondialeolives.com\/index.php?rest_route=\/wp\/v2\/product\/417\/revisions"}],"predecessor-version":[{"id":4834,"href":"https:\/\/mondialeolives.com\/index.php?rest_route=\/wp\/v2\/product\/417\/revisions\/4834"}],"wp:featuredmedia":[{"embeddable":true,"href":"https:\/\/mondialeolives.com\/index.php?rest_route=\/wp\/v2\/media\/1631"}],"wp:attachment":[{"href":"https:\/\/mondialeolives.com\/index.php?rest_route=%2Fwp%2Fv2%2Fmedia&parent=417"}],"wp:term":[{"taxonomy":"product_brand","embeddable":true,"href":"https:\/\/mondialeolives.com\/index.php?rest_route=%2Fwp%2Fv2%2Fproduct_brand&post=417"},{"taxonomy":"product_cat","embeddable":true,"href":"https:\/\/mondialeolives.com\/index.php?rest_route=%2Fwp%2Fv2%2Fproduct_cat&post=417"},{"taxonomy":"product_tag","embeddable":true,"href":"https:\/\/mondialeolives.com\/index.php?rest_route=%2Fwp%2Fv2%2Fproduct_tag&post=417"}],"curies":[{"name":"wp","href":"https:\/\/api.w.org\/{rel}","templated":true}]}}