{"id":3819,"date":"2022-12-02T20:15:14","date_gmt":"2022-12-02T20:15:14","guid":{"rendered":"https:\/\/mondialeolives.com\/?product=dattes-medjoul-arabie-saoudite-1kg"},"modified":"2025-03-13T20:12:02","modified_gmt":"2025-03-13T20:12:02","slug":"dattes-medjoul-arabie-saoudite-1kg","status":"publish","type":"product","link":"https:\/\/mondialeolives.com\/?product=dattes-medjoul-arabie-saoudite-1kg","title":{"rendered":"Dattes Medjoul Routab Arabie Saoudite 500g (qualit\u00e9s premium)"},"content":{"rendered":"<p>Dattes medjoul routab nouvelle r\u00e9colte<\/p>\n<p>gros calibre<\/p>\n<p>Origine:Arabie saoudite<\/p>\n<p>Ingr\u00e9dients :100%dattes<\/p>\n<p>extrait extrait moelleuse<\/p>\n","protected":false},"excerpt":{"rendered":"<p>Dattes medjoul routab nouvelle r\u00e9colte gros calibre Origine:Arabie saoudite Ingr\u00e9dients :100%dattes extrait extrait moelleuse<\/p>\n","protected":false},"featured_media":5062,"comment_status":"open","ping_status":"closed","template":"","meta":{"_joinchat":[]},"product_brand":[],"product_cat":[142,186],"product_tag":[],"class_list":{"0":"post-3819","1":"product","2":"type-product","3":"status-publish","4":"has-post-thumbnail","6":"product_cat-miel-de-monde","7":"product_cat-offres","9":"first","10":"outofstock","11":"shipping-taxable","12":"purchasable","13":"product-type-simple"},"yoast_head":"<!-- This site is optimized with the Yoast SEO plugin v24.3 - https:\/\/yoast.com\/wordpress\/plugins\/seo\/ -->\n<title>Dattes Medjoul Routab Arabie Saoudite 500g (qualit\u00e9s premium) - Mondiale olives<\/title>\n<meta name=\"robots\" content=\"index, follow, max-snippet:-1, max-image-preview:large, max-video-preview:-1\" \/>\n<link rel=\"canonical\" href=\"https:\/\/mondialeolives.com\/?product=dattes-medjoul-arabie-saoudite-1kg\" \/>\n<meta property=\"og:locale\" content=\"fr_FR\" \/>\n<meta property=\"og:type\" content=\"article\" \/>\n<meta property=\"og:title\" content=\"Dattes Medjoul Routab Arabie Saoudite 500g (qualit\u00e9s premium) - Mondiale olives\" \/>\n<meta property=\"og:description\" content=\"Dattes medjoul routab nouvelle r\u00e9colte gros calibre Origine:Arabie saoudite Ingr\u00e9dients :100%dattes extrait extrait moelleuse\" \/>\n<meta property=\"og:url\" content=\"https:\/\/mondialeolives.com\/?product=dattes-medjoul-arabie-saoudite-1kg\" \/>\n<meta property=\"og:site_name\" content=\"Mondiale olives\" \/>\n<meta property=\"article:publisher\" content=\"https:\/\/m.facebook.com\/mondialeolives\/\" \/>\n<meta property=\"article:modified_time\" content=\"2025-03-13T20:12:02+00:00\" \/>\n<meta property=\"og:image\" content=\"https:\/\/mondialeolives.com\/wp-content\/uploads\/2022\/12\/1000002774.jpg\" \/>\n\t<meta property=\"og:image:width\" content=\"640\" \/>\n\t<meta property=\"og:image:height\" content=\"672\" \/>\n\t<meta property=\"og:image:type\" content=\"image\/jpeg\" \/>\n<meta name=\"twitter:card\" content=\"summary_large_image\" \/>\n<script type=\"application\/ld+json\" class=\"yoast-schema-graph\">{\"@context\":\"https:\/\/schema.org\",\"@graph\":[{\"@type\":\"WebPage\",\"@id\":\"https:\/\/mondialeolives.com\/?product=dattes-medjoul-arabie-saoudite-1kg\",\"url\":\"https:\/\/mondialeolives.com\/?product=dattes-medjoul-arabie-saoudite-1kg\",\"name\":\"Dattes Medjoul Routab Arabie Saoudite 500g (qualit\u00e9s premium) - Mondiale olives\",\"isPartOf\":{\"@id\":\"https:\/\/mondialeolives.com\/#website\"},\"primaryImageOfPage\":{\"@id\":\"https:\/\/mondialeolives.com\/?product=dattes-medjoul-arabie-saoudite-1kg#primaryimage\"},\"image\":{\"@id\":\"https:\/\/mondialeolives.com\/?product=dattes-medjoul-arabie-saoudite-1kg#primaryimage\"},\"thumbnailUrl\":\"https:\/\/mondialeolives.com\/wp-content\/uploads\/2025\/02\/1000051313.jpg\",\"datePublished\":\"2022-12-02T20:15:14+00:00\",\"dateModified\":\"2025-03-13T20:12:02+00:00\",\"breadcrumb\":{\"@id\":\"https:\/\/mondialeolives.com\/?product=dattes-medjoul-arabie-saoudite-1kg#breadcrumb\"},\"inLanguage\":\"fr-FR\",\"potentialAction\":[{\"@type\":\"ReadAction\",\"target\":[\"https:\/\/mondialeolives.com\/?product=dattes-medjoul-arabie-saoudite-1kg\"]}]},{\"@type\":\"ImageObject\",\"inLanguage\":\"fr-FR\",\"@id\":\"https:\/\/mondialeolives.com\/?product=dattes-medjoul-arabie-saoudite-1kg#primaryimage\",\"url\":\"https:\/\/mondialeolives.com\/wp-content\/uploads\/2025\/02\/1000051313.jpg\",\"contentUrl\":\"https:\/\/mondialeolives.com\/wp-content\/uploads\/2025\/02\/1000051313.jpg\",\"width\":1200,\"height\":1052},{\"@type\":\"BreadcrumbList\",\"@id\":\"https:\/\/mondialeolives.com\/?product=dattes-medjoul-arabie-saoudite-1kg#breadcrumb\",\"itemListElement\":[{\"@type\":\"ListItem\",\"position\":1,\"name\":\"Accueil\",\"item\":\"https:\/\/mondialeolives.com\/\"},{\"@type\":\"ListItem\",\"position\":2,\"name\":\"Produits\",\"item\":\"https:\/\/mondialeolives.com\/?post_type=product\"},{\"@type\":\"ListItem\",\"position\":3,\"name\":\"Dattes Medjoul Routab Arabie Saoudite 500g (qualit\u00e9s premium)\"}]},{\"@type\":\"WebSite\",\"@id\":\"https:\/\/mondialeolives.com\/#website\",\"url\":\"https:\/\/mondialeolives.com\/\",\"name\":\"www.mondialeolives.com\",\"description\":\"Olives, Fruits secs et dattes de qualit\u00e9\",\"publisher\":{\"@id\":\"https:\/\/mondialeolives.com\/#organization\"},\"potentialAction\":[{\"@type\":\"SearchAction\",\"target\":{\"@type\":\"EntryPoint\",\"urlTemplate\":\"https:\/\/mondialeolives.com\/?s={search_term_string}\"},\"query-input\":{\"@type\":\"PropertyValueSpecification\",\"valueRequired\":true,\"valueName\":\"search_term_string\"}}],\"inLanguage\":\"fr-FR\"},{\"@type\":\"Organization\",\"@id\":\"https:\/\/mondialeolives.com\/#organization\",\"name\":\"Mondiale olives\",\"url\":\"https:\/\/mondialeolives.com\/\",\"logo\":{\"@type\":\"ImageObject\",\"inLanguage\":\"fr-FR\",\"@id\":\"https:\/\/mondialeolives.com\/#\/schema\/logo\/image\/\",\"url\":\"https:\/\/mondialeolives.com\/wp-content\/uploads\/2020\/06\/cropped-mondiale_oliveslogo.png\",\"contentUrl\":\"https:\/\/mondialeolives.com\/wp-content\/uploads\/2020\/06\/cropped-mondiale_oliveslogo.png\",\"width\":512,\"height\":512,\"caption\":\"Mondiale olives\"},\"image\":{\"@id\":\"https:\/\/mondialeolives.com\/#\/schema\/logo\/image\/\"},\"sameAs\":[\"https:\/\/m.facebook.com\/mondialeolives\/\",\"https:\/\/www.instagram.com\/mondialolive\/\"]}]}<\/script>\n<!-- \/ Yoast SEO plugin. -->","yoast_head_json":{"title":"Dattes Medjoul Routab Arabie Saoudite 500g (qualit\u00e9s premium) - Mondiale olives","robots":{"index":"index","follow":"follow","max-snippet":"max-snippet:-1","max-image-preview":"max-image-preview:large","max-video-preview":"max-video-preview:-1"},"canonical":"https:\/\/mondialeolives.com\/?product=dattes-medjoul-arabie-saoudite-1kg","og_locale":"fr_FR","og_type":"article","og_title":"Dattes Medjoul Routab Arabie Saoudite 500g (qualit\u00e9s premium) - Mondiale olives","og_description":"Dattes medjoul routab nouvelle r\u00e9colte gros calibre Origine:Arabie saoudite Ingr\u00e9dients :100%dattes extrait extrait moelleuse","og_url":"https:\/\/mondialeolives.com\/?product=dattes-medjoul-arabie-saoudite-1kg","og_site_name":"Mondiale olives","article_publisher":"https:\/\/m.facebook.com\/mondialeolives\/","article_modified_time":"2025-03-13T20:12:02+00:00","og_image":[{"width":640,"height":672,"url":"https:\/\/mondialeolives.com\/wp-content\/uploads\/2022\/12\/1000002774.jpg","type":"image\/jpeg"}],"twitter_card":"summary_large_image","schema":{"@context":"https:\/\/schema.org","@graph":[{"@type":"WebPage","@id":"https:\/\/mondialeolives.com\/?product=dattes-medjoul-arabie-saoudite-1kg","url":"https:\/\/mondialeolives.com\/?product=dattes-medjoul-arabie-saoudite-1kg","name":"Dattes Medjoul Routab Arabie Saoudite 500g (qualit\u00e9s premium) - Mondiale olives","isPartOf":{"@id":"https:\/\/mondialeolives.com\/#website"},"primaryImageOfPage":{"@id":"https:\/\/mondialeolives.com\/?product=dattes-medjoul-arabie-saoudite-1kg#primaryimage"},"image":{"@id":"https:\/\/mondialeolives.com\/?product=dattes-medjoul-arabie-saoudite-1kg#primaryimage"},"thumbnailUrl":"https:\/\/mondialeolives.com\/wp-content\/uploads\/2025\/02\/1000051313.jpg","datePublished":"2022-12-02T20:15:14+00:00","dateModified":"2025-03-13T20:12:02+00:00","breadcrumb":{"@id":"https:\/\/mondialeolives.com\/?product=dattes-medjoul-arabie-saoudite-1kg#breadcrumb"},"inLanguage":"fr-FR","potentialAction":[{"@type":"ReadAction","target":["https:\/\/mondialeolives.com\/?product=dattes-medjoul-arabie-saoudite-1kg"]}]},{"@type":"ImageObject","inLanguage":"fr-FR","@id":"https:\/\/mondialeolives.com\/?product=dattes-medjoul-arabie-saoudite-1kg#primaryimage","url":"https:\/\/mondialeolives.com\/wp-content\/uploads\/2025\/02\/1000051313.jpg","contentUrl":"https:\/\/mondialeolives.com\/wp-content\/uploads\/2025\/02\/1000051313.jpg","width":1200,"height":1052},{"@type":"BreadcrumbList","@id":"https:\/\/mondialeolives.com\/?product=dattes-medjoul-arabie-saoudite-1kg#breadcrumb","itemListElement":[{"@type":"ListItem","position":1,"name":"Accueil","item":"https:\/\/mondialeolives.com\/"},{"@type":"ListItem","position":2,"name":"Produits","item":"https:\/\/mondialeolives.com\/?post_type=product"},{"@type":"ListItem","position":3,"name":"Dattes Medjoul Routab Arabie Saoudite 500g (qualit\u00e9s premium)"}]},{"@type":"WebSite","@id":"https:\/\/mondialeolives.com\/#website","url":"https:\/\/mondialeolives.com\/","name":"www.mondialeolives.com","description":"Olives, Fruits secs et dattes de qualit\u00e9","publisher":{"@id":"https:\/\/mondialeolives.com\/#organization"},"potentialAction":[{"@type":"SearchAction","target":{"@type":"EntryPoint","urlTemplate":"https:\/\/mondialeolives.com\/?s={search_term_string}"},"query-input":{"@type":"PropertyValueSpecification","valueRequired":true,"valueName":"search_term_string"}}],"inLanguage":"fr-FR"},{"@type":"Organization","@id":"https:\/\/mondialeolives.com\/#organization","name":"Mondiale olives","url":"https:\/\/mondialeolives.com\/","logo":{"@type":"ImageObject","inLanguage":"fr-FR","@id":"https:\/\/mondialeolives.com\/#\/schema\/logo\/image\/","url":"https:\/\/mondialeolives.com\/wp-content\/uploads\/2020\/06\/cropped-mondiale_oliveslogo.png","contentUrl":"https:\/\/mondialeolives.com\/wp-content\/uploads\/2020\/06\/cropped-mondiale_oliveslogo.png","width":512,"height":512,"caption":"Mondiale olives"},"image":{"@id":"https:\/\/mondialeolives.com\/#\/schema\/logo\/image\/"},"sameAs":["https:\/\/m.facebook.com\/mondialeolives\/","https:\/\/www.instagram.com\/mondialolive\/"]}]}},"_links":{"self":[{"href":"https:\/\/mondialeolives.com\/index.php?rest_route=\/wp\/v2\/product\/3819","targetHints":{"allow":["GET"]}}],"collection":[{"href":"https:\/\/mondialeolives.com\/index.php?rest_route=\/wp\/v2\/product"}],"about":[{"href":"https:\/\/mondialeolives.com\/index.php?rest_route=\/wp\/v2\/types\/product"}],"replies":[{"embeddable":true,"href":"https:\/\/mondialeolives.com\/index.php?rest_route=%2Fwp%2Fv2%2Fcomments&post=3819"}],"version-history":[{"count":13,"href":"https:\/\/mondialeolives.com\/index.php?rest_route=\/wp\/v2\/product\/3819\/revisions"}],"predecessor-version":[{"id":4252,"href":"https:\/\/mondialeolives.com\/index.php?rest_route=\/wp\/v2\/product\/3819\/revisions\/4252"}],"wp:featuredmedia":[{"embeddable":true,"href":"https:\/\/mondialeolives.com\/index.php?rest_route=\/wp\/v2\/media\/5062"}],"wp:attachment":[{"href":"https:\/\/mondialeolives.com\/index.php?rest_route=%2Fwp%2Fv2%2Fmedia&parent=3819"}],"wp:term":[{"taxonomy":"product_brand","embeddable":true,"href":"https:\/\/mondialeolives.com\/index.php?rest_route=%2Fwp%2Fv2%2Fproduct_brand&post=3819"},{"taxonomy":"product_cat","embeddable":true,"href":"https:\/\/mondialeolives.com\/index.php?rest_route=%2Fwp%2Fv2%2Fproduct_cat&post=3819"},{"taxonomy":"product_tag","embeddable":true,"href":"https:\/\/mondialeolives.com\/index.php?rest_route=%2Fwp%2Fv2%2Fproduct_tag&post=3819"}],"curies":[{"name":"wp","href":"https:\/\/api.w.org\/{rel}","templated":true}]}}