{"id":341,"date":"2020-06-20T19:57:52","date_gmt":"2020-06-20T19:57:52","guid":{"rendered":"http:\/\/mondialeolives.com\/?post_type=product&#038;p=341"},"modified":"2025-03-09T14:06:15","modified_gmt":"2025-03-09T14:06:15","slug":"melon-deshydrate","status":"publish","type":"product","link":"https:\/\/mondialeolives.com\/?product=melon-deshydrate","title":{"rendered":"Melon d\u00e9shydrat\u00e9"},"content":{"rendered":"<p><strong><em>INGR\u00c9DIENTS :<\/em><\/strong><br \/>\nMelon, sucre, ar\u00f4me.<\/p>\n<p><strong><em>VALEURS NUTRITIONNELLES :<\/em><\/strong><br \/>\n<em>Energie :<\/em> 1503kj \/ 354kcal<br \/>\n<em>Mati\u00e8res grasses :<\/em> 0g<br \/>\n<em>Glucides :<\/em> 87g (dont sucres 72g)<br \/>\n<em>Prot\u00e9ines :<\/em> 0g<br \/>\n<em>Sel :<\/em> 0.75g<\/p>\n<p><strong><em>ORIGINE :<\/em><\/strong> Tha\u00eflande<\/p>\n","protected":false},"excerpt":{"rendered":"<p>Le melon est tr\u00e8s riche en min\u00e9raux et en fibre, c&#8217;est un fruit particuli\u00e8rement diur\u00e9tique aux propri\u00e9t\u00e9s laxatives.<\/p>\n<p>Sa teneur en b\u00eatacarot\u00e8ne nous prot\u00e8gent \u00e9galement de l\u2019arthrite inflammatoire.<\/p>\n<p>Ses propri\u00e9t\u00e9s aident \u00e0 \u00e9liminer l&#8217;eau en exc\u00e8s et emp\u00eache les gonflements li\u00e9s \u00e0 la r\u00e9tention d&#8217;eau dans les tissus.<\/p>\n","protected":false},"featured_media":1619,"comment_status":"open","ping_status":"closed","template":"","meta":{"_joinchat":[]},"product_brand":[],"product_cat":[141],"product_tag":[21,151,20,23],"class_list":{"0":"post-341","1":"product","2":"type-product","3":"status-publish","4":"has-post-thumbnail","6":"product_cat-fruits-secs","7":"product_tag-deshydrate","8":"product_tag-lamelles","9":"product_tag-melon","10":"product_tag-thailande","12":"first","13":"instock","14":"shipping-taxable","15":"purchasable","16":"product-type-variable","17":"has-default-attributes"},"yoast_head":"<!-- This site is optimized with the Yoast SEO plugin v24.3 - https:\/\/yoast.com\/wordpress\/plugins\/seo\/ -->\n<title>Melon d\u00e9shydrat\u00e9 - Mondiale olives<\/title>\n<meta name=\"robots\" content=\"index, follow, max-snippet:-1, max-image-preview:large, max-video-preview:-1\" \/>\n<link rel=\"canonical\" href=\"https:\/\/mondialeolives.com\/?product=melon-deshydrate\" \/>\n<meta property=\"og:locale\" content=\"fr_FR\" \/>\n<meta property=\"og:type\" content=\"article\" \/>\n<meta property=\"og:title\" content=\"Melon d\u00e9shydrat\u00e9 - Mondiale olives\" \/>\n<meta property=\"og:description\" content=\"Le melon est tr\u00e8s riche en min\u00e9raux et en fibre, c&#039;est un fruit particuli\u00e8rement diur\u00e9tique aux propri\u00e9t\u00e9s laxatives.  Sa teneur en b\u00eatacarot\u00e8ne nous prot\u00e8gent \u00e9galement de l\u2019arthrite inflammatoire.  Ses propri\u00e9t\u00e9s aident \u00e0 \u00e9liminer l&#039;eau en exc\u00e8s et emp\u00eache les gonflements li\u00e9s \u00e0 la r\u00e9tention d&#039;eau dans les tissus.\" \/>\n<meta property=\"og:url\" content=\"https:\/\/mondialeolives.com\/?product=melon-deshydrate\" \/>\n<meta property=\"og:site_name\" content=\"Mondiale olives\" \/>\n<meta property=\"article:publisher\" content=\"https:\/\/m.facebook.com\/mondialeolives\/\" \/>\n<meta property=\"article:modified_time\" content=\"2025-03-09T14:06:15+00:00\" \/>\n<meta property=\"og:image\" content=\"https:\/\/mondialeolives.com\/wp-content\/uploads\/2020\/06\/melons-desyhdrates.gif\" \/>\n\t<meta property=\"og:image:width\" content=\"2500\" \/>\n\t<meta property=\"og:image:height\" content=\"2500\" \/>\n\t<meta property=\"og:image:type\" content=\"image\/gif\" \/>\n<meta name=\"twitter:card\" content=\"summary_large_image\" \/>\n<script type=\"application\/ld+json\" class=\"yoast-schema-graph\">{\"@context\":\"https:\/\/schema.org\",\"@graph\":[{\"@type\":\"WebPage\",\"@id\":\"https:\/\/mondialeolives.com\/?product=melon-deshydrate\",\"url\":\"https:\/\/mondialeolives.com\/?product=melon-deshydrate\",\"name\":\"Melon d\u00e9shydrat\u00e9 - Mondiale olives\",\"isPartOf\":{\"@id\":\"https:\/\/mondialeolives.com\/#website\"},\"primaryImageOfPage\":{\"@id\":\"https:\/\/mondialeolives.com\/?product=melon-deshydrate#primaryimage\"},\"image\":{\"@id\":\"https:\/\/mondialeolives.com\/?product=melon-deshydrate#primaryimage\"},\"thumbnailUrl\":\"https:\/\/mondialeolives.com\/wp-content\/uploads\/2020\/06\/melons-desyhdrates.gif\",\"datePublished\":\"2020-06-20T19:57:52+00:00\",\"dateModified\":\"2025-03-09T14:06:15+00:00\",\"breadcrumb\":{\"@id\":\"https:\/\/mondialeolives.com\/?product=melon-deshydrate#breadcrumb\"},\"inLanguage\":\"fr-FR\",\"potentialAction\":[{\"@type\":\"ReadAction\",\"target\":[\"https:\/\/mondialeolives.com\/?product=melon-deshydrate\"]}]},{\"@type\":\"ImageObject\",\"inLanguage\":\"fr-FR\",\"@id\":\"https:\/\/mondialeolives.com\/?product=melon-deshydrate#primaryimage\",\"url\":\"https:\/\/mondialeolives.com\/wp-content\/uploads\/2020\/06\/melons-desyhdrates.gif\",\"contentUrl\":\"https:\/\/mondialeolives.com\/wp-content\/uploads\/2020\/06\/melons-desyhdrates.gif\",\"width\":2500,\"height\":2500,\"caption\":\"melons-desyhdrat\u00e9s\"},{\"@type\":\"BreadcrumbList\",\"@id\":\"https:\/\/mondialeolives.com\/?product=melon-deshydrate#breadcrumb\",\"itemListElement\":[{\"@type\":\"ListItem\",\"position\":1,\"name\":\"Accueil\",\"item\":\"https:\/\/mondialeolives.com\/\"},{\"@type\":\"ListItem\",\"position\":2,\"name\":\"Produits\",\"item\":\"https:\/\/mondialeolives.com\/?post_type=product\"},{\"@type\":\"ListItem\",\"position\":3,\"name\":\"Melon d\u00e9shydrat\u00e9\"}]},{\"@type\":\"WebSite\",\"@id\":\"https:\/\/mondialeolives.com\/#website\",\"url\":\"https:\/\/mondialeolives.com\/\",\"name\":\"www.mondialeolives.com\",\"description\":\"Olives, Fruits secs et dattes de qualit\u00e9\",\"publisher\":{\"@id\":\"https:\/\/mondialeolives.com\/#organization\"},\"potentialAction\":[{\"@type\":\"SearchAction\",\"target\":{\"@type\":\"EntryPoint\",\"urlTemplate\":\"https:\/\/mondialeolives.com\/?s={search_term_string}\"},\"query-input\":{\"@type\":\"PropertyValueSpecification\",\"valueRequired\":true,\"valueName\":\"search_term_string\"}}],\"inLanguage\":\"fr-FR\"},{\"@type\":\"Organization\",\"@id\":\"https:\/\/mondialeolives.com\/#organization\",\"name\":\"Mondiale olives\",\"url\":\"https:\/\/mondialeolives.com\/\",\"logo\":{\"@type\":\"ImageObject\",\"inLanguage\":\"fr-FR\",\"@id\":\"https:\/\/mondialeolives.com\/#\/schema\/logo\/image\/\",\"url\":\"https:\/\/mondialeolives.com\/wp-content\/uploads\/2020\/06\/cropped-mondiale_oliveslogo.png\",\"contentUrl\":\"https:\/\/mondialeolives.com\/wp-content\/uploads\/2020\/06\/cropped-mondiale_oliveslogo.png\",\"width\":512,\"height\":512,\"caption\":\"Mondiale olives\"},\"image\":{\"@id\":\"https:\/\/mondialeolives.com\/#\/schema\/logo\/image\/\"},\"sameAs\":[\"https:\/\/m.facebook.com\/mondialeolives\/\",\"https:\/\/www.instagram.com\/mondialolive\/\"]}]}<\/script>\n<!-- \/ Yoast SEO plugin. -->","yoast_head_json":{"title":"Melon d\u00e9shydrat\u00e9 - Mondiale olives","robots":{"index":"index","follow":"follow","max-snippet":"max-snippet:-1","max-image-preview":"max-image-preview:large","max-video-preview":"max-video-preview:-1"},"canonical":"https:\/\/mondialeolives.com\/?product=melon-deshydrate","og_locale":"fr_FR","og_type":"article","og_title":"Melon d\u00e9shydrat\u00e9 - Mondiale olives","og_description":"Le melon est tr\u00e8s riche en min\u00e9raux et en fibre, c'est un fruit particuli\u00e8rement diur\u00e9tique aux propri\u00e9t\u00e9s laxatives.  Sa teneur en b\u00eatacarot\u00e8ne nous prot\u00e8gent \u00e9galement de l\u2019arthrite inflammatoire.  Ses propri\u00e9t\u00e9s aident \u00e0 \u00e9liminer l'eau en exc\u00e8s et emp\u00eache les gonflements li\u00e9s \u00e0 la r\u00e9tention d'eau dans les tissus.","og_url":"https:\/\/mondialeolives.com\/?product=melon-deshydrate","og_site_name":"Mondiale olives","article_publisher":"https:\/\/m.facebook.com\/mondialeolives\/","article_modified_time":"2025-03-09T14:06:15+00:00","og_image":[{"width":2500,"height":2500,"url":"https:\/\/mondialeolives.com\/wp-content\/uploads\/2020\/06\/melons-desyhdrates.gif","type":"image\/gif"}],"twitter_card":"summary_large_image","schema":{"@context":"https:\/\/schema.org","@graph":[{"@type":"WebPage","@id":"https:\/\/mondialeolives.com\/?product=melon-deshydrate","url":"https:\/\/mondialeolives.com\/?product=melon-deshydrate","name":"Melon d\u00e9shydrat\u00e9 - Mondiale olives","isPartOf":{"@id":"https:\/\/mondialeolives.com\/#website"},"primaryImageOfPage":{"@id":"https:\/\/mondialeolives.com\/?product=melon-deshydrate#primaryimage"},"image":{"@id":"https:\/\/mondialeolives.com\/?product=melon-deshydrate#primaryimage"},"thumbnailUrl":"https:\/\/mondialeolives.com\/wp-content\/uploads\/2020\/06\/melons-desyhdrates.gif","datePublished":"2020-06-20T19:57:52+00:00","dateModified":"2025-03-09T14:06:15+00:00","breadcrumb":{"@id":"https:\/\/mondialeolives.com\/?product=melon-deshydrate#breadcrumb"},"inLanguage":"fr-FR","potentialAction":[{"@type":"ReadAction","target":["https:\/\/mondialeolives.com\/?product=melon-deshydrate"]}]},{"@type":"ImageObject","inLanguage":"fr-FR","@id":"https:\/\/mondialeolives.com\/?product=melon-deshydrate#primaryimage","url":"https:\/\/mondialeolives.com\/wp-content\/uploads\/2020\/06\/melons-desyhdrates.gif","contentUrl":"https:\/\/mondialeolives.com\/wp-content\/uploads\/2020\/06\/melons-desyhdrates.gif","width":2500,"height":2500,"caption":"melons-desyhdrat\u00e9s"},{"@type":"BreadcrumbList","@id":"https:\/\/mondialeolives.com\/?product=melon-deshydrate#breadcrumb","itemListElement":[{"@type":"ListItem","position":1,"name":"Accueil","item":"https:\/\/mondialeolives.com\/"},{"@type":"ListItem","position":2,"name":"Produits","item":"https:\/\/mondialeolives.com\/?post_type=product"},{"@type":"ListItem","position":3,"name":"Melon d\u00e9shydrat\u00e9"}]},{"@type":"WebSite","@id":"https:\/\/mondialeolives.com\/#website","url":"https:\/\/mondialeolives.com\/","name":"www.mondialeolives.com","description":"Olives, Fruits secs et dattes de qualit\u00e9","publisher":{"@id":"https:\/\/mondialeolives.com\/#organization"},"potentialAction":[{"@type":"SearchAction","target":{"@type":"EntryPoint","urlTemplate":"https:\/\/mondialeolives.com\/?s={search_term_string}"},"query-input":{"@type":"PropertyValueSpecification","valueRequired":true,"valueName":"search_term_string"}}],"inLanguage":"fr-FR"},{"@type":"Organization","@id":"https:\/\/mondialeolives.com\/#organization","name":"Mondiale olives","url":"https:\/\/mondialeolives.com\/","logo":{"@type":"ImageObject","inLanguage":"fr-FR","@id":"https:\/\/mondialeolives.com\/#\/schema\/logo\/image\/","url":"https:\/\/mondialeolives.com\/wp-content\/uploads\/2020\/06\/cropped-mondiale_oliveslogo.png","contentUrl":"https:\/\/mondialeolives.com\/wp-content\/uploads\/2020\/06\/cropped-mondiale_oliveslogo.png","width":512,"height":512,"caption":"Mondiale olives"},"image":{"@id":"https:\/\/mondialeolives.com\/#\/schema\/logo\/image\/"},"sameAs":["https:\/\/m.facebook.com\/mondialeolives\/","https:\/\/www.instagram.com\/mondialolive\/"]}]}},"_links":{"self":[{"href":"https:\/\/mondialeolives.com\/index.php?rest_route=\/wp\/v2\/product\/341","targetHints":{"allow":["GET"]}}],"collection":[{"href":"https:\/\/mondialeolives.com\/index.php?rest_route=\/wp\/v2\/product"}],"about":[{"href":"https:\/\/mondialeolives.com\/index.php?rest_route=\/wp\/v2\/types\/product"}],"replies":[{"embeddable":true,"href":"https:\/\/mondialeolives.com\/index.php?rest_route=%2Fwp%2Fv2%2Fcomments&post=341"}],"version-history":[{"count":2,"href":"https:\/\/mondialeolives.com\/index.php?rest_route=\/wp\/v2\/product\/341\/revisions"}],"predecessor-version":[{"id":1620,"href":"https:\/\/mondialeolives.com\/index.php?rest_route=\/wp\/v2\/product\/341\/revisions\/1620"}],"wp:featuredmedia":[{"embeddable":true,"href":"https:\/\/mondialeolives.com\/index.php?rest_route=\/wp\/v2\/media\/1619"}],"wp:attachment":[{"href":"https:\/\/mondialeolives.com\/index.php?rest_route=%2Fwp%2Fv2%2Fmedia&parent=341"}],"wp:term":[{"taxonomy":"product_brand","embeddable":true,"href":"https:\/\/mondialeolives.com\/index.php?rest_route=%2Fwp%2Fv2%2Fproduct_brand&post=341"},{"taxonomy":"product_cat","embeddable":true,"href":"https:\/\/mondialeolives.com\/index.php?rest_route=%2Fwp%2Fv2%2Fproduct_cat&post=341"},{"taxonomy":"product_tag","embeddable":true,"href":"https:\/\/mondialeolives.com\/index.php?rest_route=%2Fwp%2Fv2%2Fproduct_tag&post=341"}],"curies":[{"name":"wp","href":"https:\/\/api.w.org\/{rel}","templated":true}]}}