{"id":323,"date":"2020-06-20T19:17:42","date_gmt":"2020-06-20T19:17:42","guid":{"rendered":"http:\/\/mondialeolives.com\/?post_type=product&#038;p=323"},"modified":"2024-12-15T19:16:14","modified_gmt":"2024-12-15T19:16:14","slug":"cerneaux_de_noix","status":"publish","type":"product","link":"https:\/\/mondialeolives.com\/?product=cerneaux_de_noix","title":{"rendered":"Cerneaux de noix"},"content":{"rendered":"<p><strong><em>INGR\u00c9DIENTS :<\/em><\/strong><br \/>\nCerneaux de NOIX.<\/p>\n<p><strong><em>VALEURS NUTRITIONNELLES :<\/em><\/strong><br \/>\nEnergie : 2840kj \/ 688kcal<br \/>\nMati\u00e8res grasses : 63.8g (dont acides gras satur\u00e9s 5.7g)<br \/>\nGlucides : 10.8g (dont sucres 3g)<br \/>\nProt\u00e9ines : 14.7g<br \/>\nSel : 0.01g<\/p>\n","protected":false},"excerpt":{"rendered":"<p>Riche en magn\u00e9sium, en vitamines E et B, ainsi qu\u2019en fer, en calcium, en min\u00e9raux et en oligo-\u00e9l\u00e9ments, la noix est un fruit int\u00e9ressant d\u2019un point de vue nutritif. Elle est aussi particuli\u00e8rement b\u00e9n\u00e9fique pour la sant\u00e9.<\/p>\n<p>Sa consommation est b\u00e9n\u00e9fique pour le cerveau et r\u00e9duit le stress (Les om\u00e9ga-3 que contient la noix seraient b\u00e9n\u00e9fiques pour la m\u00e9moire, la concentration et la vitesse de compr\u00e9hension), elle favorise \u00e9galement le transit et limite les risques de maladies comme le cholest\u00e9rol, les maladies cardiovasculaires, le diab\u00e8te de type 2, les calculs biliaires ou le cancer du c\u00f4lon.<\/p>\n","protected":false},"featured_media":1608,"comment_status":"open","ping_status":"closed","template":"","meta":{"_joinchat":[]},"product_brand":[],"product_cat":[141],"product_tag":[147,146,23],"class_list":{"0":"post-323","1":"product","2":"type-product","3":"status-publish","4":"has-post-thumbnail","6":"product_cat-fruits-secs","7":"product_tag-cerneaux","8":"product_tag-noix","9":"product_tag-thailande","11":"first","12":"instock","13":"shipping-taxable","14":"purchasable","15":"product-type-variable","16":"has-default-attributes"},"yoast_head":"<!-- This site is optimized with the Yoast SEO plugin v24.3 - https:\/\/yoast.com\/wordpress\/plugins\/seo\/ -->\n<title>Cerneaux de noix - Mondiale olives<\/title>\n<meta name=\"robots\" content=\"index, follow, max-snippet:-1, max-image-preview:large, max-video-preview:-1\" \/>\n<link rel=\"canonical\" href=\"https:\/\/mondialeolives.com\/?product=cerneaux_de_noix\" \/>\n<meta property=\"og:locale\" content=\"fr_FR\" \/>\n<meta property=\"og:type\" content=\"article\" \/>\n<meta property=\"og:title\" content=\"Cerneaux de noix - Mondiale olives\" \/>\n<meta property=\"og:description\" content=\"Riche en magn\u00e9sium, en vitamines E et B, ainsi qu\u2019en fer, en calcium, en min\u00e9raux et en oligo-\u00e9l\u00e9ments, la noix est un fruit int\u00e9ressant d\u2019un point de vue nutritif. Elle est aussi particuli\u00e8rement b\u00e9n\u00e9fique pour la sant\u00e9.  Sa consommation est b\u00e9n\u00e9fique pour le cerveau et r\u00e9duit le stress (Les om\u00e9ga-3 que contient la noix seraient b\u00e9n\u00e9fiques pour la m\u00e9moire, la concentration et la vitesse de compr\u00e9hension), elle favorise \u00e9galement le transit et limite les risques de maladies comme le cholest\u00e9rol, les maladies cardiovasculaires, le diab\u00e8te de type 2, les calculs biliaires ou le cancer du c\u00f4lon.\" \/>\n<meta property=\"og:url\" content=\"https:\/\/mondialeolives.com\/?product=cerneaux_de_noix\" \/>\n<meta property=\"og:site_name\" content=\"Mondiale olives\" \/>\n<meta property=\"article:publisher\" content=\"https:\/\/m.facebook.com\/mondialeolives\/\" \/>\n<meta property=\"article:modified_time\" content=\"2024-12-15T19:16:14+00:00\" \/>\n<meta property=\"og:image\" content=\"https:\/\/mondialeolives.com\/wp-content\/uploads\/2020\/06\/cerneaux.gif\" \/>\n\t<meta property=\"og:image:width\" content=\"2500\" \/>\n\t<meta property=\"og:image:height\" content=\"2500\" \/>\n\t<meta property=\"og:image:type\" content=\"image\/gif\" \/>\n<meta name=\"twitter:card\" content=\"summary_large_image\" \/>\n<script type=\"application\/ld+json\" class=\"yoast-schema-graph\">{\"@context\":\"https:\/\/schema.org\",\"@graph\":[{\"@type\":\"WebPage\",\"@id\":\"https:\/\/mondialeolives.com\/?product=cerneaux_de_noix\",\"url\":\"https:\/\/mondialeolives.com\/?product=cerneaux_de_noix\",\"name\":\"Cerneaux de noix - Mondiale olives\",\"isPartOf\":{\"@id\":\"https:\/\/mondialeolives.com\/#website\"},\"primaryImageOfPage\":{\"@id\":\"https:\/\/mondialeolives.com\/?product=cerneaux_de_noix#primaryimage\"},\"image\":{\"@id\":\"https:\/\/mondialeolives.com\/?product=cerneaux_de_noix#primaryimage\"},\"thumbnailUrl\":\"https:\/\/mondialeolives.com\/wp-content\/uploads\/2020\/06\/cerneaux.gif\",\"datePublished\":\"2020-06-20T19:17:42+00:00\",\"dateModified\":\"2024-12-15T19:16:14+00:00\",\"breadcrumb\":{\"@id\":\"https:\/\/mondialeolives.com\/?product=cerneaux_de_noix#breadcrumb\"},\"inLanguage\":\"fr-FR\",\"potentialAction\":[{\"@type\":\"ReadAction\",\"target\":[\"https:\/\/mondialeolives.com\/?product=cerneaux_de_noix\"]}]},{\"@type\":\"ImageObject\",\"inLanguage\":\"fr-FR\",\"@id\":\"https:\/\/mondialeolives.com\/?product=cerneaux_de_noix#primaryimage\",\"url\":\"https:\/\/mondialeolives.com\/wp-content\/uploads\/2020\/06\/cerneaux.gif\",\"contentUrl\":\"https:\/\/mondialeolives.com\/wp-content\/uploads\/2020\/06\/cerneaux.gif\",\"width\":2500,\"height\":2500,\"caption\":\"Cerneaux de noix\"},{\"@type\":\"BreadcrumbList\",\"@id\":\"https:\/\/mondialeolives.com\/?product=cerneaux_de_noix#breadcrumb\",\"itemListElement\":[{\"@type\":\"ListItem\",\"position\":1,\"name\":\"Accueil\",\"item\":\"https:\/\/mondialeolives.com\/\"},{\"@type\":\"ListItem\",\"position\":2,\"name\":\"Produits\",\"item\":\"https:\/\/mondialeolives.com\/?post_type=product\"},{\"@type\":\"ListItem\",\"position\":3,\"name\":\"Cerneaux de noix\"}]},{\"@type\":\"WebSite\",\"@id\":\"https:\/\/mondialeolives.com\/#website\",\"url\":\"https:\/\/mondialeolives.com\/\",\"name\":\"www.mondialeolives.com\",\"description\":\"Olives, Fruits secs et dattes de qualit\u00e9\",\"publisher\":{\"@id\":\"https:\/\/mondialeolives.com\/#organization\"},\"potentialAction\":[{\"@type\":\"SearchAction\",\"target\":{\"@type\":\"EntryPoint\",\"urlTemplate\":\"https:\/\/mondialeolives.com\/?s={search_term_string}\"},\"query-input\":{\"@type\":\"PropertyValueSpecification\",\"valueRequired\":true,\"valueName\":\"search_term_string\"}}],\"inLanguage\":\"fr-FR\"},{\"@type\":\"Organization\",\"@id\":\"https:\/\/mondialeolives.com\/#organization\",\"name\":\"Mondiale olives\",\"url\":\"https:\/\/mondialeolives.com\/\",\"logo\":{\"@type\":\"ImageObject\",\"inLanguage\":\"fr-FR\",\"@id\":\"https:\/\/mondialeolives.com\/#\/schema\/logo\/image\/\",\"url\":\"https:\/\/mondialeolives.com\/wp-content\/uploads\/2020\/06\/cropped-mondiale_oliveslogo.png\",\"contentUrl\":\"https:\/\/mondialeolives.com\/wp-content\/uploads\/2020\/06\/cropped-mondiale_oliveslogo.png\",\"width\":512,\"height\":512,\"caption\":\"Mondiale olives\"},\"image\":{\"@id\":\"https:\/\/mondialeolives.com\/#\/schema\/logo\/image\/\"},\"sameAs\":[\"https:\/\/m.facebook.com\/mondialeolives\/\",\"https:\/\/www.instagram.com\/mondialolive\/\"]}]}<\/script>\n<!-- \/ Yoast SEO plugin. -->","yoast_head_json":{"title":"Cerneaux de noix - Mondiale olives","robots":{"index":"index","follow":"follow","max-snippet":"max-snippet:-1","max-image-preview":"max-image-preview:large","max-video-preview":"max-video-preview:-1"},"canonical":"https:\/\/mondialeolives.com\/?product=cerneaux_de_noix","og_locale":"fr_FR","og_type":"article","og_title":"Cerneaux de noix - Mondiale olives","og_description":"Riche en magn\u00e9sium, en vitamines E et B, ainsi qu\u2019en fer, en calcium, en min\u00e9raux et en oligo-\u00e9l\u00e9ments, la noix est un fruit int\u00e9ressant d\u2019un point de vue nutritif. Elle est aussi particuli\u00e8rement b\u00e9n\u00e9fique pour la sant\u00e9.  Sa consommation est b\u00e9n\u00e9fique pour le cerveau et r\u00e9duit le stress (Les om\u00e9ga-3 que contient la noix seraient b\u00e9n\u00e9fiques pour la m\u00e9moire, la concentration et la vitesse de compr\u00e9hension), elle favorise \u00e9galement le transit et limite les risques de maladies comme le cholest\u00e9rol, les maladies cardiovasculaires, le diab\u00e8te de type 2, les calculs biliaires ou le cancer du c\u00f4lon.","og_url":"https:\/\/mondialeolives.com\/?product=cerneaux_de_noix","og_site_name":"Mondiale olives","article_publisher":"https:\/\/m.facebook.com\/mondialeolives\/","article_modified_time":"2024-12-15T19:16:14+00:00","og_image":[{"width":2500,"height":2500,"url":"https:\/\/mondialeolives.com\/wp-content\/uploads\/2020\/06\/cerneaux.gif","type":"image\/gif"}],"twitter_card":"summary_large_image","schema":{"@context":"https:\/\/schema.org","@graph":[{"@type":"WebPage","@id":"https:\/\/mondialeolives.com\/?product=cerneaux_de_noix","url":"https:\/\/mondialeolives.com\/?product=cerneaux_de_noix","name":"Cerneaux de noix - Mondiale olives","isPartOf":{"@id":"https:\/\/mondialeolives.com\/#website"},"primaryImageOfPage":{"@id":"https:\/\/mondialeolives.com\/?product=cerneaux_de_noix#primaryimage"},"image":{"@id":"https:\/\/mondialeolives.com\/?product=cerneaux_de_noix#primaryimage"},"thumbnailUrl":"https:\/\/mondialeolives.com\/wp-content\/uploads\/2020\/06\/cerneaux.gif","datePublished":"2020-06-20T19:17:42+00:00","dateModified":"2024-12-15T19:16:14+00:00","breadcrumb":{"@id":"https:\/\/mondialeolives.com\/?product=cerneaux_de_noix#breadcrumb"},"inLanguage":"fr-FR","potentialAction":[{"@type":"ReadAction","target":["https:\/\/mondialeolives.com\/?product=cerneaux_de_noix"]}]},{"@type":"ImageObject","inLanguage":"fr-FR","@id":"https:\/\/mondialeolives.com\/?product=cerneaux_de_noix#primaryimage","url":"https:\/\/mondialeolives.com\/wp-content\/uploads\/2020\/06\/cerneaux.gif","contentUrl":"https:\/\/mondialeolives.com\/wp-content\/uploads\/2020\/06\/cerneaux.gif","width":2500,"height":2500,"caption":"Cerneaux de noix"},{"@type":"BreadcrumbList","@id":"https:\/\/mondialeolives.com\/?product=cerneaux_de_noix#breadcrumb","itemListElement":[{"@type":"ListItem","position":1,"name":"Accueil","item":"https:\/\/mondialeolives.com\/"},{"@type":"ListItem","position":2,"name":"Produits","item":"https:\/\/mondialeolives.com\/?post_type=product"},{"@type":"ListItem","position":3,"name":"Cerneaux de noix"}]},{"@type":"WebSite","@id":"https:\/\/mondialeolives.com\/#website","url":"https:\/\/mondialeolives.com\/","name":"www.mondialeolives.com","description":"Olives, Fruits secs et dattes de qualit\u00e9","publisher":{"@id":"https:\/\/mondialeolives.com\/#organization"},"potentialAction":[{"@type":"SearchAction","target":{"@type":"EntryPoint","urlTemplate":"https:\/\/mondialeolives.com\/?s={search_term_string}"},"query-input":{"@type":"PropertyValueSpecification","valueRequired":true,"valueName":"search_term_string"}}],"inLanguage":"fr-FR"},{"@type":"Organization","@id":"https:\/\/mondialeolives.com\/#organization","name":"Mondiale olives","url":"https:\/\/mondialeolives.com\/","logo":{"@type":"ImageObject","inLanguage":"fr-FR","@id":"https:\/\/mondialeolives.com\/#\/schema\/logo\/image\/","url":"https:\/\/mondialeolives.com\/wp-content\/uploads\/2020\/06\/cropped-mondiale_oliveslogo.png","contentUrl":"https:\/\/mondialeolives.com\/wp-content\/uploads\/2020\/06\/cropped-mondiale_oliveslogo.png","width":512,"height":512,"caption":"Mondiale olives"},"image":{"@id":"https:\/\/mondialeolives.com\/#\/schema\/logo\/image\/"},"sameAs":["https:\/\/m.facebook.com\/mondialeolives\/","https:\/\/www.instagram.com\/mondialolive\/"]}]}},"_links":{"self":[{"href":"https:\/\/mondialeolives.com\/index.php?rest_route=\/wp\/v2\/product\/323","targetHints":{"allow":["GET"]}}],"collection":[{"href":"https:\/\/mondialeolives.com\/index.php?rest_route=\/wp\/v2\/product"}],"about":[{"href":"https:\/\/mondialeolives.com\/index.php?rest_route=\/wp\/v2\/types\/product"}],"replies":[{"embeddable":true,"href":"https:\/\/mondialeolives.com\/index.php?rest_route=%2Fwp%2Fv2%2Fcomments&post=323"}],"version-history":[{"count":2,"href":"https:\/\/mondialeolives.com\/index.php?rest_route=\/wp\/v2\/product\/323\/revisions"}],"predecessor-version":[{"id":1609,"href":"https:\/\/mondialeolives.com\/index.php?rest_route=\/wp\/v2\/product\/323\/revisions\/1609"}],"wp:featuredmedia":[{"embeddable":true,"href":"https:\/\/mondialeolives.com\/index.php?rest_route=\/wp\/v2\/media\/1608"}],"wp:attachment":[{"href":"https:\/\/mondialeolives.com\/index.php?rest_route=%2Fwp%2Fv2%2Fmedia&parent=323"}],"wp:term":[{"taxonomy":"product_brand","embeddable":true,"href":"https:\/\/mondialeolives.com\/index.php?rest_route=%2Fwp%2Fv2%2Fproduct_brand&post=323"},{"taxonomy":"product_cat","embeddable":true,"href":"https:\/\/mondialeolives.com\/index.php?rest_route=%2Fwp%2Fv2%2Fproduct_cat&post=323"},{"taxonomy":"product_tag","embeddable":true,"href":"https:\/\/mondialeolives.com\/index.php?rest_route=%2Fwp%2Fv2%2Fproduct_tag&post=323"}],"curies":[{"name":"wp","href":"https:\/\/api.w.org\/{rel}","templated":true}]}}