{"id":303,"date":"2020-06-20T18:48:03","date_gmt":"2020-06-20T18:48:03","guid":{"rendered":"http:\/\/mondialeolives.com\/?post_type=product&#038;p=303"},"modified":"2025-01-31T19:48:41","modified_gmt":"2025-01-31T19:48:41","slug":"pruneau_d_agen_mondial_olive","status":"publish","type":"product","link":"https:\/\/mondialeolives.com\/?product=pruneau_d_agen_mondial_olive","title":{"rendered":"Pruneau d&#8217;Agen extrait moelleuse"},"content":{"rendered":"<p><strong><em>INGR\u00c9DIENTS :<\/em><\/strong><br \/>\nPruneaux, eau, sirop de glucose.<\/p>\n<p><strong><em>VALEURS NUTRITIONNELLES :<\/em><\/strong><br \/>\n<em>Energie :<\/em> 1 036kj \/ 245kcal<br \/>\n<em>Mati\u00e8res grasses :<\/em> 0.3g (dont acides gras satur\u00e9s 0.1g)<br \/>\n<em>Glucides :<\/em> 55g (dont sucres 35g)<br \/>\n<em>Fibres :<\/em> 7g<br \/>\n<em>Prot\u00e9ines :<\/em> 2g<br \/>\n<em>Sel :<\/em> 0.01g<\/p>\n<p><strong><em>ORIGINE :<\/em><\/strong> France<\/p>\n","protected":false},"excerpt":{"rendered":"<p>Particuli\u00e8rement riche en glucides, il est r\u00e9put\u00e9 pour booster les neurones ainsi que l\u2019organisme.<\/p>\n<p>Le pruneau agit \u00e9galement comme protecteur des fonctions cardio-vasculaires gr\u00e2ce \u00e0 sa teneur en potassium.<\/p>\n<p>Alli\u00e9 parfait des femmes actives et sportives, le pruneau aide \u00e0 \u00e9viter une carence en fer et en potassium durant un r\u00e9gime. Excellente source de vitamines et de calcium, il convient \u00e9galement aux femmes enceintes et permet surtout de constituer des r\u00e9serves.<\/p>\n<p>Ses atouts beaut\u00e9 ne sont plus \u00e0 pr\u00e9senter. En effet, le pruneau permet de lutter contre le vieillissement et de limiter les rides gr\u00e2ce \u00e0 ses fonctions antioxydant et antirides.<\/p>\n<p>A consommer nature, en accompagnement de plats sal\u00e9s, ou dans des desserts sucr\u00e9s. En raison de ses vertus laxatives, le pruneau peut \u00eatre consomm\u00e9 pour faciliter le transit intestinal.<\/p>\n","protected":false},"featured_media":1633,"comment_status":"open","ping_status":"closed","template":"","meta":{"_joinchat":[]},"product_brand":[],"product_cat":[141],"product_tag":[112,123],"class_list":{"0":"post-303","1":"product","2":"type-product","3":"status-publish","4":"has-post-thumbnail","6":"product_cat-fruits-secs","7":"product_tag-moelleux","8":"product_tag-pruneau-dagen","10":"first","11":"instock","12":"sold-individually","13":"shipping-taxable","14":"purchasable","15":"product-type-variable","16":"has-default-attributes"},"yoast_head":"<!-- This site is optimized with the Yoast SEO plugin v24.3 - https:\/\/yoast.com\/wordpress\/plugins\/seo\/ -->\n<title>Pruneau d&#039;Agen extrait moelleuse - Mondiale olives<\/title>\n<meta name=\"robots\" content=\"index, follow, max-snippet:-1, max-image-preview:large, max-video-preview:-1\" \/>\n<link rel=\"canonical\" href=\"https:\/\/mondialeolives.com\/?product=pruneau_d_agen_mondial_olive\" \/>\n<meta property=\"og:locale\" content=\"fr_FR\" \/>\n<meta property=\"og:type\" content=\"article\" \/>\n<meta property=\"og:title\" content=\"Pruneau d&#039;Agen extrait moelleuse - Mondiale olives\" \/>\n<meta property=\"og:description\" content=\"Particuli\u00e8rement riche en glucides, il est r\u00e9put\u00e9 pour booster les neurones ainsi que l\u2019organisme.  Le pruneau agit \u00e9galement comme protecteur des fonctions cardio-vasculaires gr\u00e2ce \u00e0 sa teneur en potassium.  Alli\u00e9 parfait des femmes actives et sportives, le pruneau aide \u00e0 \u00e9viter une carence en fer et en potassium durant un r\u00e9gime. Excellente source de vitamines et de calcium, il convient \u00e9galement aux femmes enceintes et permet surtout de constituer des r\u00e9serves.  Ses atouts beaut\u00e9 ne sont plus \u00e0 pr\u00e9senter. En effet, le pruneau permet de lutter contre le vieillissement et de limiter les rides gr\u00e2ce \u00e0 ses fonctions antioxydant et antirides.  A consommer nature, en accompagnement de plats sal\u00e9s, ou dans des desserts sucr\u00e9s. En raison de ses vertus laxatives, le pruneau peut \u00eatre consomm\u00e9 pour faciliter le transit intestinal.\" \/>\n<meta property=\"og:url\" content=\"https:\/\/mondialeolives.com\/?product=pruneau_d_agen_mondial_olive\" \/>\n<meta property=\"og:site_name\" content=\"Mondiale olives\" \/>\n<meta property=\"article:publisher\" content=\"https:\/\/m.facebook.com\/mondialeolives\/\" \/>\n<meta property=\"article:modified_time\" content=\"2025-01-31T19:48:41+00:00\" \/>\n<meta property=\"og:image\" content=\"https:\/\/mondialeolives.com\/wp-content\/uploads\/2020\/06\/Pruneau-agen.gif\" \/>\n\t<meta property=\"og:image:width\" content=\"2500\" \/>\n\t<meta property=\"og:image:height\" content=\"2502\" \/>\n\t<meta property=\"og:image:type\" content=\"image\/gif\" \/>\n<meta name=\"twitter:card\" content=\"summary_large_image\" \/>\n<script type=\"application\/ld+json\" class=\"yoast-schema-graph\">{\"@context\":\"https:\/\/schema.org\",\"@graph\":[{\"@type\":\"WebPage\",\"@id\":\"https:\/\/mondialeolives.com\/?product=pruneau_d_agen_mondial_olive\",\"url\":\"https:\/\/mondialeolives.com\/?product=pruneau_d_agen_mondial_olive\",\"name\":\"Pruneau d'Agen extrait moelleuse - Mondiale olives\",\"isPartOf\":{\"@id\":\"https:\/\/mondialeolives.com\/#website\"},\"primaryImageOfPage\":{\"@id\":\"https:\/\/mondialeolives.com\/?product=pruneau_d_agen_mondial_olive#primaryimage\"},\"image\":{\"@id\":\"https:\/\/mondialeolives.com\/?product=pruneau_d_agen_mondial_olive#primaryimage\"},\"thumbnailUrl\":\"https:\/\/mondialeolives.com\/wp-content\/uploads\/2020\/06\/Pruneau-agen.gif\",\"datePublished\":\"2020-06-20T18:48:03+00:00\",\"dateModified\":\"2025-01-31T19:48:41+00:00\",\"breadcrumb\":{\"@id\":\"https:\/\/mondialeolives.com\/?product=pruneau_d_agen_mondial_olive#breadcrumb\"},\"inLanguage\":\"fr-FR\",\"potentialAction\":[{\"@type\":\"ReadAction\",\"target\":[\"https:\/\/mondialeolives.com\/?product=pruneau_d_agen_mondial_olive\"]}]},{\"@type\":\"ImageObject\",\"inLanguage\":\"fr-FR\",\"@id\":\"https:\/\/mondialeolives.com\/?product=pruneau_d_agen_mondial_olive#primaryimage\",\"url\":\"https:\/\/mondialeolives.com\/wp-content\/uploads\/2020\/06\/Pruneau-agen.gif\",\"contentUrl\":\"https:\/\/mondialeolives.com\/wp-content\/uploads\/2020\/06\/Pruneau-agen.gif\",\"width\":2500,\"height\":2502,\"caption\":\"Pruneau d'agen\"},{\"@type\":\"BreadcrumbList\",\"@id\":\"https:\/\/mondialeolives.com\/?product=pruneau_d_agen_mondial_olive#breadcrumb\",\"itemListElement\":[{\"@type\":\"ListItem\",\"position\":1,\"name\":\"Accueil\",\"item\":\"https:\/\/mondialeolives.com\/\"},{\"@type\":\"ListItem\",\"position\":2,\"name\":\"Produits\",\"item\":\"https:\/\/mondialeolives.com\/?post_type=product\"},{\"@type\":\"ListItem\",\"position\":3,\"name\":\"Pruneau d&#8217;Agen extrait moelleuse\"}]},{\"@type\":\"WebSite\",\"@id\":\"https:\/\/mondialeolives.com\/#website\",\"url\":\"https:\/\/mondialeolives.com\/\",\"name\":\"www.mondialeolives.com\",\"description\":\"Olives, Fruits secs et dattes de qualit\u00e9\",\"publisher\":{\"@id\":\"https:\/\/mondialeolives.com\/#organization\"},\"potentialAction\":[{\"@type\":\"SearchAction\",\"target\":{\"@type\":\"EntryPoint\",\"urlTemplate\":\"https:\/\/mondialeolives.com\/?s={search_term_string}\"},\"query-input\":{\"@type\":\"PropertyValueSpecification\",\"valueRequired\":true,\"valueName\":\"search_term_string\"}}],\"inLanguage\":\"fr-FR\"},{\"@type\":\"Organization\",\"@id\":\"https:\/\/mondialeolives.com\/#organization\",\"name\":\"Mondiale olives\",\"url\":\"https:\/\/mondialeolives.com\/\",\"logo\":{\"@type\":\"ImageObject\",\"inLanguage\":\"fr-FR\",\"@id\":\"https:\/\/mondialeolives.com\/#\/schema\/logo\/image\/\",\"url\":\"https:\/\/mondialeolives.com\/wp-content\/uploads\/2020\/06\/cropped-mondiale_oliveslogo.png\",\"contentUrl\":\"https:\/\/mondialeolives.com\/wp-content\/uploads\/2020\/06\/cropped-mondiale_oliveslogo.png\",\"width\":512,\"height\":512,\"caption\":\"Mondiale olives\"},\"image\":{\"@id\":\"https:\/\/mondialeolives.com\/#\/schema\/logo\/image\/\"},\"sameAs\":[\"https:\/\/m.facebook.com\/mondialeolives\/\",\"https:\/\/www.instagram.com\/mondialolive\/\"]}]}<\/script>\n<!-- \/ Yoast SEO plugin. -->","yoast_head_json":{"title":"Pruneau d'Agen extrait moelleuse - Mondiale olives","robots":{"index":"index","follow":"follow","max-snippet":"max-snippet:-1","max-image-preview":"max-image-preview:large","max-video-preview":"max-video-preview:-1"},"canonical":"https:\/\/mondialeolives.com\/?product=pruneau_d_agen_mondial_olive","og_locale":"fr_FR","og_type":"article","og_title":"Pruneau d'Agen extrait moelleuse - Mondiale olives","og_description":"Particuli\u00e8rement riche en glucides, il est r\u00e9put\u00e9 pour booster les neurones ainsi que l\u2019organisme.  Le pruneau agit \u00e9galement comme protecteur des fonctions cardio-vasculaires gr\u00e2ce \u00e0 sa teneur en potassium.  Alli\u00e9 parfait des femmes actives et sportives, le pruneau aide \u00e0 \u00e9viter une carence en fer et en potassium durant un r\u00e9gime. Excellente source de vitamines et de calcium, il convient \u00e9galement aux femmes enceintes et permet surtout de constituer des r\u00e9serves.  Ses atouts beaut\u00e9 ne sont plus \u00e0 pr\u00e9senter. En effet, le pruneau permet de lutter contre le vieillissement et de limiter les rides gr\u00e2ce \u00e0 ses fonctions antioxydant et antirides.  A consommer nature, en accompagnement de plats sal\u00e9s, ou dans des desserts sucr\u00e9s. En raison de ses vertus laxatives, le pruneau peut \u00eatre consomm\u00e9 pour faciliter le transit intestinal.","og_url":"https:\/\/mondialeolives.com\/?product=pruneau_d_agen_mondial_olive","og_site_name":"Mondiale olives","article_publisher":"https:\/\/m.facebook.com\/mondialeolives\/","article_modified_time":"2025-01-31T19:48:41+00:00","og_image":[{"width":2500,"height":2502,"url":"https:\/\/mondialeolives.com\/wp-content\/uploads\/2020\/06\/Pruneau-agen.gif","type":"image\/gif"}],"twitter_card":"summary_large_image","schema":{"@context":"https:\/\/schema.org","@graph":[{"@type":"WebPage","@id":"https:\/\/mondialeolives.com\/?product=pruneau_d_agen_mondial_olive","url":"https:\/\/mondialeolives.com\/?product=pruneau_d_agen_mondial_olive","name":"Pruneau d'Agen extrait moelleuse - Mondiale olives","isPartOf":{"@id":"https:\/\/mondialeolives.com\/#website"},"primaryImageOfPage":{"@id":"https:\/\/mondialeolives.com\/?product=pruneau_d_agen_mondial_olive#primaryimage"},"image":{"@id":"https:\/\/mondialeolives.com\/?product=pruneau_d_agen_mondial_olive#primaryimage"},"thumbnailUrl":"https:\/\/mondialeolives.com\/wp-content\/uploads\/2020\/06\/Pruneau-agen.gif","datePublished":"2020-06-20T18:48:03+00:00","dateModified":"2025-01-31T19:48:41+00:00","breadcrumb":{"@id":"https:\/\/mondialeolives.com\/?product=pruneau_d_agen_mondial_olive#breadcrumb"},"inLanguage":"fr-FR","potentialAction":[{"@type":"ReadAction","target":["https:\/\/mondialeolives.com\/?product=pruneau_d_agen_mondial_olive"]}]},{"@type":"ImageObject","inLanguage":"fr-FR","@id":"https:\/\/mondialeolives.com\/?product=pruneau_d_agen_mondial_olive#primaryimage","url":"https:\/\/mondialeolives.com\/wp-content\/uploads\/2020\/06\/Pruneau-agen.gif","contentUrl":"https:\/\/mondialeolives.com\/wp-content\/uploads\/2020\/06\/Pruneau-agen.gif","width":2500,"height":2502,"caption":"Pruneau d'agen"},{"@type":"BreadcrumbList","@id":"https:\/\/mondialeolives.com\/?product=pruneau_d_agen_mondial_olive#breadcrumb","itemListElement":[{"@type":"ListItem","position":1,"name":"Accueil","item":"https:\/\/mondialeolives.com\/"},{"@type":"ListItem","position":2,"name":"Produits","item":"https:\/\/mondialeolives.com\/?post_type=product"},{"@type":"ListItem","position":3,"name":"Pruneau d&#8217;Agen extrait moelleuse"}]},{"@type":"WebSite","@id":"https:\/\/mondialeolives.com\/#website","url":"https:\/\/mondialeolives.com\/","name":"www.mondialeolives.com","description":"Olives, Fruits secs et dattes de qualit\u00e9","publisher":{"@id":"https:\/\/mondialeolives.com\/#organization"},"potentialAction":[{"@type":"SearchAction","target":{"@type":"EntryPoint","urlTemplate":"https:\/\/mondialeolives.com\/?s={search_term_string}"},"query-input":{"@type":"PropertyValueSpecification","valueRequired":true,"valueName":"search_term_string"}}],"inLanguage":"fr-FR"},{"@type":"Organization","@id":"https:\/\/mondialeolives.com\/#organization","name":"Mondiale olives","url":"https:\/\/mondialeolives.com\/","logo":{"@type":"ImageObject","inLanguage":"fr-FR","@id":"https:\/\/mondialeolives.com\/#\/schema\/logo\/image\/","url":"https:\/\/mondialeolives.com\/wp-content\/uploads\/2020\/06\/cropped-mondiale_oliveslogo.png","contentUrl":"https:\/\/mondialeolives.com\/wp-content\/uploads\/2020\/06\/cropped-mondiale_oliveslogo.png","width":512,"height":512,"caption":"Mondiale olives"},"image":{"@id":"https:\/\/mondialeolives.com\/#\/schema\/logo\/image\/"},"sameAs":["https:\/\/m.facebook.com\/mondialeolives\/","https:\/\/www.instagram.com\/mondialolive\/"]}]}},"_links":{"self":[{"href":"https:\/\/mondialeolives.com\/index.php?rest_route=\/wp\/v2\/product\/303","targetHints":{"allow":["GET"]}}],"collection":[{"href":"https:\/\/mondialeolives.com\/index.php?rest_route=\/wp\/v2\/product"}],"about":[{"href":"https:\/\/mondialeolives.com\/index.php?rest_route=\/wp\/v2\/types\/product"}],"replies":[{"embeddable":true,"href":"https:\/\/mondialeolives.com\/index.php?rest_route=%2Fwp%2Fv2%2Fcomments&post=303"}],"version-history":[{"count":4,"href":"https:\/\/mondialeolives.com\/index.php?rest_route=\/wp\/v2\/product\/303\/revisions"}],"predecessor-version":[{"id":3672,"href":"https:\/\/mondialeolives.com\/index.php?rest_route=\/wp\/v2\/product\/303\/revisions\/3672"}],"wp:featuredmedia":[{"embeddable":true,"href":"https:\/\/mondialeolives.com\/index.php?rest_route=\/wp\/v2\/media\/1633"}],"wp:attachment":[{"href":"https:\/\/mondialeolives.com\/index.php?rest_route=%2Fwp%2Fv2%2Fmedia&parent=303"}],"wp:term":[{"taxonomy":"product_brand","embeddable":true,"href":"https:\/\/mondialeolives.com\/index.php?rest_route=%2Fwp%2Fv2%2Fproduct_brand&post=303"},{"taxonomy":"product_cat","embeddable":true,"href":"https:\/\/mondialeolives.com\/index.php?rest_route=%2Fwp%2Fv2%2Fproduct_cat&post=303"},{"taxonomy":"product_tag","embeddable":true,"href":"https:\/\/mondialeolives.com\/index.php?rest_route=%2Fwp%2Fv2%2Fproduct_tag&post=303"}],"curies":[{"name":"wp","href":"https:\/\/api.w.org\/{rel}","templated":true}]}}