{"id":269,"date":"2020-06-20T17:52:09","date_gmt":"2020-06-20T17:52:09","guid":{"rendered":"http:\/\/mondialeolives.com\/?post_type=product&#038;p=269"},"modified":"2025-02-26T21:15:44","modified_gmt":"2025-02-26T21:15:44","slug":"melange_sportif","status":"publish","type":"product","link":"https:\/\/mondialeolives.com\/?product=melange_sportif","title":{"rendered":"M\u00e9lange sportif"},"content":{"rendered":"<p><strong><em>INGR\u00c9DIENTS :<\/em><\/strong><br \/>\nCranberries s\u00e9ch\u00e9es en moiti\u00e9s (cranberries, sucre, huile de tournesol), AMANDES d\u00e9cortiqu\u00e9es, raisins secs Flame (raisins secs, huile de tournesol), AMANDE \u00e9mond\u00e9es, graines de courge d\u00e9cortiqu\u00e9es crues.<\/p>\n<p><strong><em>VALEURS NUTRITIONNELLES :<\/em><\/strong><br \/>\n<em>Energie :<\/em> 2013kj \/ 484kcal<br \/>\n<em>Mati\u00e8res grasses :<\/em> 30g (dont acides gras satur\u00e9s 2.2g)<br \/>\n<em>Glucides :<\/em> 31g (dont sucres 30g)<br \/>\n<em>Prot\u00e9ines :<\/em> 17g<br \/>\n<em>Fibres :<\/em> 9.2g<br \/>\n<em>Sel :<\/em> 0.04g<\/p>\n","protected":false},"excerpt":{"rendered":"<p>Assortiment de fruits secs ol\u00e9agineux et \u00e0 coques, et de fruits s\u00e9ch\u00e9s. Id\u00e9al d&#8217;un point de vue nutritionnel en pr\u00e9paration ou pendant une activit\u00e9 sportive.<\/p>\n<p>En dehors du sport, vous pouvez le d\u00e9guster au petit d\u00e9jeuner, au go\u00fbter, en collation, amuse-gueule ou \u00e0 l&#8217;ap\u00e9ritif.<\/p>\n","protected":false},"featured_media":1595,"comment_status":"open","ping_status":"closed","template":"","meta":{"_joinchat":[]},"product_brand":[],"product_cat":[141],"product_tag":[152,132,23],"class_list":{"0":"post-269","1":"product","2":"type-product","3":"status-publish","4":"has-post-thumbnail","6":"product_cat-fruits-secs","7":"product_tag-fruits-deshydrates","8":"product_tag-melange-de-noix","9":"product_tag-thailande","11":"first","12":"instock","13":"shipping-taxable","14":"purchasable","15":"product-type-variable","16":"has-default-attributes"},"yoast_head":"<!-- This site is optimized with the Yoast SEO plugin v24.3 - https:\/\/yoast.com\/wordpress\/plugins\/seo\/ -->\n<title>M\u00e9lange sportif - Mondiale olives<\/title>\n<meta name=\"robots\" content=\"index, follow, max-snippet:-1, max-image-preview:large, max-video-preview:-1\" \/>\n<link rel=\"canonical\" href=\"https:\/\/mondialeolives.com\/?product=melange_sportif\" \/>\n<meta property=\"og:locale\" content=\"fr_FR\" \/>\n<meta property=\"og:type\" content=\"article\" \/>\n<meta property=\"og:title\" content=\"M\u00e9lange sportif - Mondiale olives\" \/>\n<meta property=\"og:description\" content=\"Assortiment de fruits secs ol\u00e9agineux et \u00e0 coques, et de fruits s\u00e9ch\u00e9s. Id\u00e9al d&#039;un point de vue nutritionnel en pr\u00e9paration ou pendant une activit\u00e9 sportive.  En dehors du sport, vous pouvez le d\u00e9guster au petit d\u00e9jeuner, au go\u00fbter, en collation, amuse-gueule ou \u00e0 l&#039;ap\u00e9ritif.\" \/>\n<meta property=\"og:url\" content=\"https:\/\/mondialeolives.com\/?product=melange_sportif\" \/>\n<meta property=\"og:site_name\" content=\"Mondiale olives\" \/>\n<meta property=\"article:publisher\" content=\"https:\/\/m.facebook.com\/mondialeolives\/\" \/>\n<meta property=\"article:modified_time\" content=\"2025-02-26T21:15:44+00:00\" \/>\n<meta property=\"og:image\" content=\"https:\/\/mondialeolives.com\/wp-content\/uploads\/2020\/06\/melange-sportif.gif\" \/>\n\t<meta property=\"og:image:width\" content=\"2500\" \/>\n\t<meta property=\"og:image:height\" content=\"2500\" \/>\n\t<meta property=\"og:image:type\" content=\"image\/gif\" \/>\n<meta name=\"twitter:card\" content=\"summary_large_image\" \/>\n<script type=\"application\/ld+json\" class=\"yoast-schema-graph\">{\"@context\":\"https:\/\/schema.org\",\"@graph\":[{\"@type\":\"WebPage\",\"@id\":\"https:\/\/mondialeolives.com\/?product=melange_sportif\",\"url\":\"https:\/\/mondialeolives.com\/?product=melange_sportif\",\"name\":\"M\u00e9lange sportif - Mondiale olives\",\"isPartOf\":{\"@id\":\"https:\/\/mondialeolives.com\/#website\"},\"primaryImageOfPage\":{\"@id\":\"https:\/\/mondialeolives.com\/?product=melange_sportif#primaryimage\"},\"image\":{\"@id\":\"https:\/\/mondialeolives.com\/?product=melange_sportif#primaryimage\"},\"thumbnailUrl\":\"https:\/\/mondialeolives.com\/wp-content\/uploads\/2020\/06\/melange-sportif.gif\",\"datePublished\":\"2020-06-20T17:52:09+00:00\",\"dateModified\":\"2025-02-26T21:15:44+00:00\",\"breadcrumb\":{\"@id\":\"https:\/\/mondialeolives.com\/?product=melange_sportif#breadcrumb\"},\"inLanguage\":\"fr-FR\",\"potentialAction\":[{\"@type\":\"ReadAction\",\"target\":[\"https:\/\/mondialeolives.com\/?product=melange_sportif\"]}]},{\"@type\":\"ImageObject\",\"inLanguage\":\"fr-FR\",\"@id\":\"https:\/\/mondialeolives.com\/?product=melange_sportif#primaryimage\",\"url\":\"https:\/\/mondialeolives.com\/wp-content\/uploads\/2020\/06\/melange-sportif.gif\",\"contentUrl\":\"https:\/\/mondialeolives.com\/wp-content\/uploads\/2020\/06\/melange-sportif.gif\",\"width\":2500,\"height\":2500,\"caption\":\"M\u00e9lange sportif\"},{\"@type\":\"BreadcrumbList\",\"@id\":\"https:\/\/mondialeolives.com\/?product=melange_sportif#breadcrumb\",\"itemListElement\":[{\"@type\":\"ListItem\",\"position\":1,\"name\":\"Accueil\",\"item\":\"https:\/\/mondialeolives.com\/\"},{\"@type\":\"ListItem\",\"position\":2,\"name\":\"Produits\",\"item\":\"https:\/\/mondialeolives.com\/?post_type=product\"},{\"@type\":\"ListItem\",\"position\":3,\"name\":\"M\u00e9lange sportif\"}]},{\"@type\":\"WebSite\",\"@id\":\"https:\/\/mondialeolives.com\/#website\",\"url\":\"https:\/\/mondialeolives.com\/\",\"name\":\"www.mondialeolives.com\",\"description\":\"Olives, Fruits secs et dattes de qualit\u00e9\",\"publisher\":{\"@id\":\"https:\/\/mondialeolives.com\/#organization\"},\"potentialAction\":[{\"@type\":\"SearchAction\",\"target\":{\"@type\":\"EntryPoint\",\"urlTemplate\":\"https:\/\/mondialeolives.com\/?s={search_term_string}\"},\"query-input\":{\"@type\":\"PropertyValueSpecification\",\"valueRequired\":true,\"valueName\":\"search_term_string\"}}],\"inLanguage\":\"fr-FR\"},{\"@type\":\"Organization\",\"@id\":\"https:\/\/mondialeolives.com\/#organization\",\"name\":\"Mondiale olives\",\"url\":\"https:\/\/mondialeolives.com\/\",\"logo\":{\"@type\":\"ImageObject\",\"inLanguage\":\"fr-FR\",\"@id\":\"https:\/\/mondialeolives.com\/#\/schema\/logo\/image\/\",\"url\":\"https:\/\/mondialeolives.com\/wp-content\/uploads\/2020\/06\/cropped-mondiale_oliveslogo.png\",\"contentUrl\":\"https:\/\/mondialeolives.com\/wp-content\/uploads\/2020\/06\/cropped-mondiale_oliveslogo.png\",\"width\":512,\"height\":512,\"caption\":\"Mondiale olives\"},\"image\":{\"@id\":\"https:\/\/mondialeolives.com\/#\/schema\/logo\/image\/\"},\"sameAs\":[\"https:\/\/m.facebook.com\/mondialeolives\/\",\"https:\/\/www.instagram.com\/mondialolive\/\"]}]}<\/script>\n<!-- \/ Yoast SEO plugin. -->","yoast_head_json":{"title":"M\u00e9lange sportif - Mondiale olives","robots":{"index":"index","follow":"follow","max-snippet":"max-snippet:-1","max-image-preview":"max-image-preview:large","max-video-preview":"max-video-preview:-1"},"canonical":"https:\/\/mondialeolives.com\/?product=melange_sportif","og_locale":"fr_FR","og_type":"article","og_title":"M\u00e9lange sportif - Mondiale olives","og_description":"Assortiment de fruits secs ol\u00e9agineux et \u00e0 coques, et de fruits s\u00e9ch\u00e9s. Id\u00e9al d'un point de vue nutritionnel en pr\u00e9paration ou pendant une activit\u00e9 sportive.  En dehors du sport, vous pouvez le d\u00e9guster au petit d\u00e9jeuner, au go\u00fbter, en collation, amuse-gueule ou \u00e0 l'ap\u00e9ritif.","og_url":"https:\/\/mondialeolives.com\/?product=melange_sportif","og_site_name":"Mondiale olives","article_publisher":"https:\/\/m.facebook.com\/mondialeolives\/","article_modified_time":"2025-02-26T21:15:44+00:00","og_image":[{"width":2500,"height":2500,"url":"https:\/\/mondialeolives.com\/wp-content\/uploads\/2020\/06\/melange-sportif.gif","type":"image\/gif"}],"twitter_card":"summary_large_image","schema":{"@context":"https:\/\/schema.org","@graph":[{"@type":"WebPage","@id":"https:\/\/mondialeolives.com\/?product=melange_sportif","url":"https:\/\/mondialeolives.com\/?product=melange_sportif","name":"M\u00e9lange sportif - Mondiale olives","isPartOf":{"@id":"https:\/\/mondialeolives.com\/#website"},"primaryImageOfPage":{"@id":"https:\/\/mondialeolives.com\/?product=melange_sportif#primaryimage"},"image":{"@id":"https:\/\/mondialeolives.com\/?product=melange_sportif#primaryimage"},"thumbnailUrl":"https:\/\/mondialeolives.com\/wp-content\/uploads\/2020\/06\/melange-sportif.gif","datePublished":"2020-06-20T17:52:09+00:00","dateModified":"2025-02-26T21:15:44+00:00","breadcrumb":{"@id":"https:\/\/mondialeolives.com\/?product=melange_sportif#breadcrumb"},"inLanguage":"fr-FR","potentialAction":[{"@type":"ReadAction","target":["https:\/\/mondialeolives.com\/?product=melange_sportif"]}]},{"@type":"ImageObject","inLanguage":"fr-FR","@id":"https:\/\/mondialeolives.com\/?product=melange_sportif#primaryimage","url":"https:\/\/mondialeolives.com\/wp-content\/uploads\/2020\/06\/melange-sportif.gif","contentUrl":"https:\/\/mondialeolives.com\/wp-content\/uploads\/2020\/06\/melange-sportif.gif","width":2500,"height":2500,"caption":"M\u00e9lange sportif"},{"@type":"BreadcrumbList","@id":"https:\/\/mondialeolives.com\/?product=melange_sportif#breadcrumb","itemListElement":[{"@type":"ListItem","position":1,"name":"Accueil","item":"https:\/\/mondialeolives.com\/"},{"@type":"ListItem","position":2,"name":"Produits","item":"https:\/\/mondialeolives.com\/?post_type=product"},{"@type":"ListItem","position":3,"name":"M\u00e9lange sportif"}]},{"@type":"WebSite","@id":"https:\/\/mondialeolives.com\/#website","url":"https:\/\/mondialeolives.com\/","name":"www.mondialeolives.com","description":"Olives, Fruits secs et dattes de qualit\u00e9","publisher":{"@id":"https:\/\/mondialeolives.com\/#organization"},"potentialAction":[{"@type":"SearchAction","target":{"@type":"EntryPoint","urlTemplate":"https:\/\/mondialeolives.com\/?s={search_term_string}"},"query-input":{"@type":"PropertyValueSpecification","valueRequired":true,"valueName":"search_term_string"}}],"inLanguage":"fr-FR"},{"@type":"Organization","@id":"https:\/\/mondialeolives.com\/#organization","name":"Mondiale olives","url":"https:\/\/mondialeolives.com\/","logo":{"@type":"ImageObject","inLanguage":"fr-FR","@id":"https:\/\/mondialeolives.com\/#\/schema\/logo\/image\/","url":"https:\/\/mondialeolives.com\/wp-content\/uploads\/2020\/06\/cropped-mondiale_oliveslogo.png","contentUrl":"https:\/\/mondialeolives.com\/wp-content\/uploads\/2020\/06\/cropped-mondiale_oliveslogo.png","width":512,"height":512,"caption":"Mondiale olives"},"image":{"@id":"https:\/\/mondialeolives.com\/#\/schema\/logo\/image\/"},"sameAs":["https:\/\/m.facebook.com\/mondialeolives\/","https:\/\/www.instagram.com\/mondialolive\/"]}]}},"_links":{"self":[{"href":"https:\/\/mondialeolives.com\/index.php?rest_route=\/wp\/v2\/product\/269","targetHints":{"allow":["GET"]}}],"collection":[{"href":"https:\/\/mondialeolives.com\/index.php?rest_route=\/wp\/v2\/product"}],"about":[{"href":"https:\/\/mondialeolives.com\/index.php?rest_route=\/wp\/v2\/types\/product"}],"replies":[{"embeddable":true,"href":"https:\/\/mondialeolives.com\/index.php?rest_route=%2Fwp%2Fv2%2Fcomments&post=269"}],"version-history":[{"count":2,"href":"https:\/\/mondialeolives.com\/index.php?rest_route=\/wp\/v2\/product\/269\/revisions"}],"predecessor-version":[{"id":1587,"href":"https:\/\/mondialeolives.com\/index.php?rest_route=\/wp\/v2\/product\/269\/revisions\/1587"}],"wp:featuredmedia":[{"embeddable":true,"href":"https:\/\/mondialeolives.com\/index.php?rest_route=\/wp\/v2\/media\/1595"}],"wp:attachment":[{"href":"https:\/\/mondialeolives.com\/index.php?rest_route=%2Fwp%2Fv2%2Fmedia&parent=269"}],"wp:term":[{"taxonomy":"product_brand","embeddable":true,"href":"https:\/\/mondialeolives.com\/index.php?rest_route=%2Fwp%2Fv2%2Fproduct_brand&post=269"},{"taxonomy":"product_cat","embeddable":true,"href":"https:\/\/mondialeolives.com\/index.php?rest_route=%2Fwp%2Fv2%2Fproduct_cat&post=269"},{"taxonomy":"product_tag","embeddable":true,"href":"https:\/\/mondialeolives.com\/index.php?rest_route=%2Fwp%2Fv2%2Fproduct_tag&post=269"}],"curies":[{"name":"wp","href":"https:\/\/api.w.org\/{rel}","templated":true}]}}