{"id":263,"date":"2020-06-20T17:40:55","date_gmt":"2020-06-20T17:40:55","guid":{"rendered":"http:\/\/mondialeolives.com\/?post_type=product&#038;p=263"},"modified":"2023-02-26T10:54:30","modified_gmt":"2023-02-26T10:54:30","slug":"noisette","status":"publish","type":"product","link":"https:\/\/mondialeolives.com\/?product=noisette","title":{"rendered":"Noisette"},"content":{"rendered":"<p><strong><em>INGR\u00c9DIENTS :<\/em><\/strong><br \/>\nNOISETTE.<\/p>\n<p><strong><em>VALEURS NUTRITIONNELLES :<\/em><\/strong><br \/>\n<em>Energie :<\/em> 2861kj\u00a0\/ 692kcal<br \/>\n<em>Mati\u00e8res grasses :<\/em> 60.7g (dont acides gras satur\u00e9s 4.5g)<br \/>\n<em>Glucides :<\/em> 16.7g (dont sucres 4.3g)<br \/>\n<em>Fibres alimentaires :<\/em> 9.7g<br \/>\n<em>Prot\u00e9ines :<\/em> 14.9g<br \/>\n<em>Sel :<\/em> 0g<\/p>\n<p><strong><em>ORIGINE :<\/em><\/strong> \ud83c\uddee\ud83c\uddf9 Italie<\/p>\n","protected":false},"excerpt":{"rendered":"<p>Consid\u00e9r\u00e9e comme un super aliment, la noisette est tr\u00e8s riche en fibres, en mangan\u00e8se, en cuivre et en vitamine E.<\/p>\n<p>Elle apporte \u00e9galement du fer, du magn\u00e9sium, du phosphore, du zinc et des vitamines B1 et B6.<\/p>\n<p>C\u2019est un aliment nutritif de qualit\u00e9, dont les bienfaits sur l\u2019organisme sont tr\u00e8s nombreux. Comme elle est \u00e9galement riche en lipides et en prot\u00e9ines, c\u2019est un aliment de choix \u00e0 int\u00e9grer dans les r\u00e9gimes v\u00e9g\u00e9tariens.<\/p>\n","protected":false},"featured_media":1604,"comment_status":"open","ping_status":"closed","template":"","meta":{"_joinchat":[]},"product_brand":[],"product_cat":[141],"product_tag":[153,23],"class_list":{"0":"post-263","1":"product","2":"type-product","3":"status-publish","4":"has-post-thumbnail","6":"product_cat-fruits-secs","7":"product_tag-noisettes","8":"product_tag-thailande","10":"first","11":"instock","12":"shipping-taxable","13":"purchasable","14":"product-type-variable","15":"has-default-attributes"},"yoast_head":"<!-- This site is optimized with the Yoast SEO plugin v24.3 - https:\/\/yoast.com\/wordpress\/plugins\/seo\/ -->\n<title>Noisette - Mondiale olives<\/title>\n<meta name=\"robots\" content=\"index, follow, max-snippet:-1, max-image-preview:large, max-video-preview:-1\" \/>\n<link rel=\"canonical\" href=\"https:\/\/mondialeolives.com\/?product=noisette\" \/>\n<meta property=\"og:locale\" content=\"fr_FR\" \/>\n<meta property=\"og:type\" content=\"article\" \/>\n<meta property=\"og:title\" content=\"Noisette - Mondiale olives\" \/>\n<meta property=\"og:description\" content=\"Consid\u00e9r\u00e9e comme un super aliment, la noisette est tr\u00e8s riche en fibres, en mangan\u00e8se, en cuivre et en vitamine E.  Elle apporte \u00e9galement du fer, du magn\u00e9sium, du phosphore, du zinc et des vitamines B1 et B6.  C\u2019est un aliment nutritif de qualit\u00e9, dont les bienfaits sur l\u2019organisme sont tr\u00e8s nombreux. Comme elle est \u00e9galement riche en lipides et en prot\u00e9ines, c\u2019est un aliment de choix \u00e0 int\u00e9grer dans les r\u00e9gimes v\u00e9g\u00e9tariens.\" \/>\n<meta property=\"og:url\" content=\"https:\/\/mondialeolives.com\/?product=noisette\" \/>\n<meta property=\"og:site_name\" content=\"Mondiale olives\" \/>\n<meta property=\"article:publisher\" content=\"https:\/\/m.facebook.com\/mondialeolives\/\" \/>\n<meta property=\"article:modified_time\" content=\"2023-02-26T10:54:30+00:00\" \/>\n<meta property=\"og:image\" content=\"https:\/\/mondialeolives.com\/wp-content\/uploads\/2020\/06\/noisettes.gif\" \/>\n\t<meta property=\"og:image:width\" content=\"2500\" \/>\n\t<meta property=\"og:image:height\" content=\"2500\" \/>\n\t<meta property=\"og:image:type\" content=\"image\/gif\" \/>\n<meta name=\"twitter:card\" content=\"summary_large_image\" \/>\n<script type=\"application\/ld+json\" class=\"yoast-schema-graph\">{\"@context\":\"https:\/\/schema.org\",\"@graph\":[{\"@type\":\"WebPage\",\"@id\":\"https:\/\/mondialeolives.com\/?product=noisette\",\"url\":\"https:\/\/mondialeolives.com\/?product=noisette\",\"name\":\"Noisette - Mondiale olives\",\"isPartOf\":{\"@id\":\"https:\/\/mondialeolives.com\/#website\"},\"primaryImageOfPage\":{\"@id\":\"https:\/\/mondialeolives.com\/?product=noisette#primaryimage\"},\"image\":{\"@id\":\"https:\/\/mondialeolives.com\/?product=noisette#primaryimage\"},\"thumbnailUrl\":\"https:\/\/mondialeolives.com\/wp-content\/uploads\/2020\/06\/noisettes.gif\",\"datePublished\":\"2020-06-20T17:40:55+00:00\",\"dateModified\":\"2023-02-26T10:54:30+00:00\",\"breadcrumb\":{\"@id\":\"https:\/\/mondialeolives.com\/?product=noisette#breadcrumb\"},\"inLanguage\":\"fr-FR\",\"potentialAction\":[{\"@type\":\"ReadAction\",\"target\":[\"https:\/\/mondialeolives.com\/?product=noisette\"]}]},{\"@type\":\"ImageObject\",\"inLanguage\":\"fr-FR\",\"@id\":\"https:\/\/mondialeolives.com\/?product=noisette#primaryimage\",\"url\":\"https:\/\/mondialeolives.com\/wp-content\/uploads\/2020\/06\/noisettes.gif\",\"contentUrl\":\"https:\/\/mondialeolives.com\/wp-content\/uploads\/2020\/06\/noisettes.gif\",\"width\":2500,\"height\":2500,\"caption\":\"noisettes\"},{\"@type\":\"BreadcrumbList\",\"@id\":\"https:\/\/mondialeolives.com\/?product=noisette#breadcrumb\",\"itemListElement\":[{\"@type\":\"ListItem\",\"position\":1,\"name\":\"Accueil\",\"item\":\"https:\/\/mondialeolives.com\/\"},{\"@type\":\"ListItem\",\"position\":2,\"name\":\"Produits\",\"item\":\"https:\/\/mondialeolives.com\/?post_type=product\"},{\"@type\":\"ListItem\",\"position\":3,\"name\":\"Noisette\"}]},{\"@type\":\"WebSite\",\"@id\":\"https:\/\/mondialeolives.com\/#website\",\"url\":\"https:\/\/mondialeolives.com\/\",\"name\":\"www.mondialeolives.com\",\"description\":\"Olives, Fruits secs et dattes de qualit\u00e9\",\"publisher\":{\"@id\":\"https:\/\/mondialeolives.com\/#organization\"},\"potentialAction\":[{\"@type\":\"SearchAction\",\"target\":{\"@type\":\"EntryPoint\",\"urlTemplate\":\"https:\/\/mondialeolives.com\/?s={search_term_string}\"},\"query-input\":{\"@type\":\"PropertyValueSpecification\",\"valueRequired\":true,\"valueName\":\"search_term_string\"}}],\"inLanguage\":\"fr-FR\"},{\"@type\":\"Organization\",\"@id\":\"https:\/\/mondialeolives.com\/#organization\",\"name\":\"Mondiale olives\",\"url\":\"https:\/\/mondialeolives.com\/\",\"logo\":{\"@type\":\"ImageObject\",\"inLanguage\":\"fr-FR\",\"@id\":\"https:\/\/mondialeolives.com\/#\/schema\/logo\/image\/\",\"url\":\"https:\/\/mondialeolives.com\/wp-content\/uploads\/2020\/06\/cropped-mondiale_oliveslogo.png\",\"contentUrl\":\"https:\/\/mondialeolives.com\/wp-content\/uploads\/2020\/06\/cropped-mondiale_oliveslogo.png\",\"width\":512,\"height\":512,\"caption\":\"Mondiale olives\"},\"image\":{\"@id\":\"https:\/\/mondialeolives.com\/#\/schema\/logo\/image\/\"},\"sameAs\":[\"https:\/\/m.facebook.com\/mondialeolives\/\",\"https:\/\/www.instagram.com\/mondialolive\/\"]}]}<\/script>\n<!-- \/ Yoast SEO plugin. -->","yoast_head_json":{"title":"Noisette - Mondiale olives","robots":{"index":"index","follow":"follow","max-snippet":"max-snippet:-1","max-image-preview":"max-image-preview:large","max-video-preview":"max-video-preview:-1"},"canonical":"https:\/\/mondialeolives.com\/?product=noisette","og_locale":"fr_FR","og_type":"article","og_title":"Noisette - Mondiale olives","og_description":"Consid\u00e9r\u00e9e comme un super aliment, la noisette est tr\u00e8s riche en fibres, en mangan\u00e8se, en cuivre et en vitamine E.  Elle apporte \u00e9galement du fer, du magn\u00e9sium, du phosphore, du zinc et des vitamines B1 et B6.  C\u2019est un aliment nutritif de qualit\u00e9, dont les bienfaits sur l\u2019organisme sont tr\u00e8s nombreux. Comme elle est \u00e9galement riche en lipides et en prot\u00e9ines, c\u2019est un aliment de choix \u00e0 int\u00e9grer dans les r\u00e9gimes v\u00e9g\u00e9tariens.","og_url":"https:\/\/mondialeolives.com\/?product=noisette","og_site_name":"Mondiale olives","article_publisher":"https:\/\/m.facebook.com\/mondialeolives\/","article_modified_time":"2023-02-26T10:54:30+00:00","og_image":[{"width":2500,"height":2500,"url":"https:\/\/mondialeolives.com\/wp-content\/uploads\/2020\/06\/noisettes.gif","type":"image\/gif"}],"twitter_card":"summary_large_image","schema":{"@context":"https:\/\/schema.org","@graph":[{"@type":"WebPage","@id":"https:\/\/mondialeolives.com\/?product=noisette","url":"https:\/\/mondialeolives.com\/?product=noisette","name":"Noisette - Mondiale olives","isPartOf":{"@id":"https:\/\/mondialeolives.com\/#website"},"primaryImageOfPage":{"@id":"https:\/\/mondialeolives.com\/?product=noisette#primaryimage"},"image":{"@id":"https:\/\/mondialeolives.com\/?product=noisette#primaryimage"},"thumbnailUrl":"https:\/\/mondialeolives.com\/wp-content\/uploads\/2020\/06\/noisettes.gif","datePublished":"2020-06-20T17:40:55+00:00","dateModified":"2023-02-26T10:54:30+00:00","breadcrumb":{"@id":"https:\/\/mondialeolives.com\/?product=noisette#breadcrumb"},"inLanguage":"fr-FR","potentialAction":[{"@type":"ReadAction","target":["https:\/\/mondialeolives.com\/?product=noisette"]}]},{"@type":"ImageObject","inLanguage":"fr-FR","@id":"https:\/\/mondialeolives.com\/?product=noisette#primaryimage","url":"https:\/\/mondialeolives.com\/wp-content\/uploads\/2020\/06\/noisettes.gif","contentUrl":"https:\/\/mondialeolives.com\/wp-content\/uploads\/2020\/06\/noisettes.gif","width":2500,"height":2500,"caption":"noisettes"},{"@type":"BreadcrumbList","@id":"https:\/\/mondialeolives.com\/?product=noisette#breadcrumb","itemListElement":[{"@type":"ListItem","position":1,"name":"Accueil","item":"https:\/\/mondialeolives.com\/"},{"@type":"ListItem","position":2,"name":"Produits","item":"https:\/\/mondialeolives.com\/?post_type=product"},{"@type":"ListItem","position":3,"name":"Noisette"}]},{"@type":"WebSite","@id":"https:\/\/mondialeolives.com\/#website","url":"https:\/\/mondialeolives.com\/","name":"www.mondialeolives.com","description":"Olives, Fruits secs et dattes de qualit\u00e9","publisher":{"@id":"https:\/\/mondialeolives.com\/#organization"},"potentialAction":[{"@type":"SearchAction","target":{"@type":"EntryPoint","urlTemplate":"https:\/\/mondialeolives.com\/?s={search_term_string}"},"query-input":{"@type":"PropertyValueSpecification","valueRequired":true,"valueName":"search_term_string"}}],"inLanguage":"fr-FR"},{"@type":"Organization","@id":"https:\/\/mondialeolives.com\/#organization","name":"Mondiale olives","url":"https:\/\/mondialeolives.com\/","logo":{"@type":"ImageObject","inLanguage":"fr-FR","@id":"https:\/\/mondialeolives.com\/#\/schema\/logo\/image\/","url":"https:\/\/mondialeolives.com\/wp-content\/uploads\/2020\/06\/cropped-mondiale_oliveslogo.png","contentUrl":"https:\/\/mondialeolives.com\/wp-content\/uploads\/2020\/06\/cropped-mondiale_oliveslogo.png","width":512,"height":512,"caption":"Mondiale olives"},"image":{"@id":"https:\/\/mondialeolives.com\/#\/schema\/logo\/image\/"},"sameAs":["https:\/\/m.facebook.com\/mondialeolives\/","https:\/\/www.instagram.com\/mondialolive\/"]}]}},"_links":{"self":[{"href":"https:\/\/mondialeolives.com\/index.php?rest_route=\/wp\/v2\/product\/263","targetHints":{"allow":["GET"]}}],"collection":[{"href":"https:\/\/mondialeolives.com\/index.php?rest_route=\/wp\/v2\/product"}],"about":[{"href":"https:\/\/mondialeolives.com\/index.php?rest_route=\/wp\/v2\/types\/product"}],"replies":[{"embeddable":true,"href":"https:\/\/mondialeolives.com\/index.php?rest_route=%2Fwp%2Fv2%2Fcomments&post=263"}],"version-history":[{"count":2,"href":"https:\/\/mondialeolives.com\/index.php?rest_route=\/wp\/v2\/product\/263\/revisions"}],"predecessor-version":[{"id":1605,"href":"https:\/\/mondialeolives.com\/index.php?rest_route=\/wp\/v2\/product\/263\/revisions\/1605"}],"wp:featuredmedia":[{"embeddable":true,"href":"https:\/\/mondialeolives.com\/index.php?rest_route=\/wp\/v2\/media\/1604"}],"wp:attachment":[{"href":"https:\/\/mondialeolives.com\/index.php?rest_route=%2Fwp%2Fv2%2Fmedia&parent=263"}],"wp:term":[{"taxonomy":"product_brand","embeddable":true,"href":"https:\/\/mondialeolives.com\/index.php?rest_route=%2Fwp%2Fv2%2Fproduct_brand&post=263"},{"taxonomy":"product_cat","embeddable":true,"href":"https:\/\/mondialeolives.com\/index.php?rest_route=%2Fwp%2Fv2%2Fproduct_cat&post=263"},{"taxonomy":"product_tag","embeddable":true,"href":"https:\/\/mondialeolives.com\/index.php?rest_route=%2Fwp%2Fv2%2Fproduct_tag&post=263"}],"curies":[{"name":"wp","href":"https:\/\/api.w.org\/{rel}","templated":true}]}}