{"id":225,"date":"2020-06-19T23:10:50","date_gmt":"2020-06-19T23:10:50","guid":{"rendered":"http:\/\/mondialeolives.com\/?post_type=product&#038;p=225"},"modified":"2025-02-01T12:26:15","modified_gmt":"2025-02-01T12:26:15","slug":"ananas-deshydrate-tranche","status":"publish","type":"product","link":"https:\/\/mondialeolives.com\/?product=ananas-deshydrate-tranche","title":{"rendered":"Ananas d\u00e9shydrat\u00e9 en tranche"},"content":{"rendered":"<p><strong><em>INGR\u00c9DIENTS :<\/em><\/strong><br \/>\nAnanas, sucre.<\/p>\n<p><strong><em>VALEURS NUTRITIONNELLES :<\/em><\/strong><br \/>\n<em>Energie :<\/em> 370kcal<br \/>\n<em>Sodium :<\/em> 0.29g<br \/>\n<em>Potassium :<\/em> 64mg<br \/>\n<em>Glucides :<\/em> 93g (dont sucres 77g)<br \/>\n<em>Fibres :<\/em> 2g<br \/>\n<em>Calcium :<\/em> 46mg<br \/>\n<em>Fer :<\/em> 1mg<\/p>\n<p><strong><em>ORIGINE :<\/em><\/strong> : \ud83c\uddf9\ud83c\udded Tha\u00eflande<\/p>\n","protected":false},"excerpt":{"rendered":"<p>Pour les sportifs, l\u2019ananas sec est l\u2019ap\u00e9ritif de pr\u00e9dilection, car il contient 6 fois moins de calories que l\u2019ananas frais.<\/p>\n<p>Servi en collation, ce fruit s\u00e9ch\u00e9 r\u00e9gale les papilles des petits et grands. C\u2019est \u00e9galement un savoureux ingr\u00e9dient qui apporte un go\u00fbt original aux desserts.<\/p>\n<p>L&#8217;ananas est constitu\u00e9 de mangan\u00e8se, calcium, magn\u00e9sium, zinc, phosphore, fer et de brom\u00e9line.<\/p>\n","protected":false},"featured_media":1615,"comment_status":"open","ping_status":"closed","template":"","meta":{"_joinchat":[]},"product_brand":[],"product_cat":[141],"product_tag":[30,21,23,29],"class_list":{"0":"post-225","1":"product","2":"type-product","3":"status-publish","4":"has-post-thumbnail","6":"product_cat-fruits-secs","7":"product_tag-ananas","8":"product_tag-deshydrate","9":"product_tag-thailande","10":"product_tag-tranche","12":"first","13":"instock","14":"shipping-taxable","15":"purchasable","16":"product-type-variable","17":"has-default-attributes"},"yoast_head":"<!-- This site is optimized with the Yoast SEO plugin v24.3 - https:\/\/yoast.com\/wordpress\/plugins\/seo\/ -->\n<title>Ananas d\u00e9shydrat\u00e9 en tranche - Mondiale olives<\/title>\n<meta name=\"robots\" content=\"index, follow, max-snippet:-1, max-image-preview:large, max-video-preview:-1\" \/>\n<link rel=\"canonical\" href=\"https:\/\/mondialeolives.com\/?product=ananas-deshydrate-tranche\" \/>\n<meta property=\"og:locale\" content=\"fr_FR\" \/>\n<meta property=\"og:type\" content=\"article\" \/>\n<meta property=\"og:title\" content=\"Ananas d\u00e9shydrat\u00e9 en tranche - Mondiale olives\" \/>\n<meta property=\"og:description\" content=\"Pour les sportifs, l\u2019ananas sec est l\u2019ap\u00e9ritif de pr\u00e9dilection, car il contient 6 fois moins de calories que l\u2019ananas frais.  Servi en collation, ce fruit s\u00e9ch\u00e9 r\u00e9gale les papilles des petits et grands. C\u2019est \u00e9galement un savoureux ingr\u00e9dient qui apporte un go\u00fbt original aux desserts.  L&#039;ananas est constitu\u00e9 de mangan\u00e8se, calcium, magn\u00e9sium, zinc, phosphore, fer et de brom\u00e9line.\" \/>\n<meta property=\"og:url\" content=\"https:\/\/mondialeolives.com\/?product=ananas-deshydrate-tranche\" \/>\n<meta property=\"og:site_name\" content=\"Mondiale olives\" \/>\n<meta property=\"article:publisher\" content=\"https:\/\/m.facebook.com\/mondialeolives\/\" \/>\n<meta property=\"article:modified_time\" content=\"2025-02-01T12:26:15+00:00\" \/>\n<meta property=\"og:image\" content=\"https:\/\/mondialeolives.com\/wp-content\/uploads\/2020\/06\/ananas.gif\" \/>\n\t<meta property=\"og:image:width\" content=\"2500\" \/>\n\t<meta property=\"og:image:height\" content=\"2500\" \/>\n\t<meta property=\"og:image:type\" content=\"image\/gif\" \/>\n<meta name=\"twitter:card\" content=\"summary_large_image\" \/>\n<script type=\"application\/ld+json\" class=\"yoast-schema-graph\">{\"@context\":\"https:\/\/schema.org\",\"@graph\":[{\"@type\":\"WebPage\",\"@id\":\"https:\/\/mondialeolives.com\/?product=ananas-deshydrate-tranche\",\"url\":\"https:\/\/mondialeolives.com\/?product=ananas-deshydrate-tranche\",\"name\":\"Ananas d\u00e9shydrat\u00e9 en tranche - Mondiale olives\",\"isPartOf\":{\"@id\":\"https:\/\/mondialeolives.com\/#website\"},\"primaryImageOfPage\":{\"@id\":\"https:\/\/mondialeolives.com\/?product=ananas-deshydrate-tranche#primaryimage\"},\"image\":{\"@id\":\"https:\/\/mondialeolives.com\/?product=ananas-deshydrate-tranche#primaryimage\"},\"thumbnailUrl\":\"https:\/\/mondialeolives.com\/wp-content\/uploads\/2020\/06\/ananas.gif\",\"datePublished\":\"2020-06-19T23:10:50+00:00\",\"dateModified\":\"2025-02-01T12:26:15+00:00\",\"breadcrumb\":{\"@id\":\"https:\/\/mondialeolives.com\/?product=ananas-deshydrate-tranche#breadcrumb\"},\"inLanguage\":\"fr-FR\",\"potentialAction\":[{\"@type\":\"ReadAction\",\"target\":[\"https:\/\/mondialeolives.com\/?product=ananas-deshydrate-tranche\"]}]},{\"@type\":\"ImageObject\",\"inLanguage\":\"fr-FR\",\"@id\":\"https:\/\/mondialeolives.com\/?product=ananas-deshydrate-tranche#primaryimage\",\"url\":\"https:\/\/mondialeolives.com\/wp-content\/uploads\/2020\/06\/ananas.gif\",\"contentUrl\":\"https:\/\/mondialeolives.com\/wp-content\/uploads\/2020\/06\/ananas.gif\",\"width\":2500,\"height\":2500,\"caption\":\"Ananas\"},{\"@type\":\"BreadcrumbList\",\"@id\":\"https:\/\/mondialeolives.com\/?product=ananas-deshydrate-tranche#breadcrumb\",\"itemListElement\":[{\"@type\":\"ListItem\",\"position\":1,\"name\":\"Accueil\",\"item\":\"https:\/\/mondialeolives.com\/\"},{\"@type\":\"ListItem\",\"position\":2,\"name\":\"Produits\",\"item\":\"https:\/\/mondialeolives.com\/?post_type=product\"},{\"@type\":\"ListItem\",\"position\":3,\"name\":\"Ananas d\u00e9shydrat\u00e9 en tranche\"}]},{\"@type\":\"WebSite\",\"@id\":\"https:\/\/mondialeolives.com\/#website\",\"url\":\"https:\/\/mondialeolives.com\/\",\"name\":\"www.mondialeolives.com\",\"description\":\"Olives, Fruits secs et dattes de qualit\u00e9\",\"publisher\":{\"@id\":\"https:\/\/mondialeolives.com\/#organization\"},\"potentialAction\":[{\"@type\":\"SearchAction\",\"target\":{\"@type\":\"EntryPoint\",\"urlTemplate\":\"https:\/\/mondialeolives.com\/?s={search_term_string}\"},\"query-input\":{\"@type\":\"PropertyValueSpecification\",\"valueRequired\":true,\"valueName\":\"search_term_string\"}}],\"inLanguage\":\"fr-FR\"},{\"@type\":\"Organization\",\"@id\":\"https:\/\/mondialeolives.com\/#organization\",\"name\":\"Mondiale olives\",\"url\":\"https:\/\/mondialeolives.com\/\",\"logo\":{\"@type\":\"ImageObject\",\"inLanguage\":\"fr-FR\",\"@id\":\"https:\/\/mondialeolives.com\/#\/schema\/logo\/image\/\",\"url\":\"https:\/\/mondialeolives.com\/wp-content\/uploads\/2020\/06\/cropped-mondiale_oliveslogo.png\",\"contentUrl\":\"https:\/\/mondialeolives.com\/wp-content\/uploads\/2020\/06\/cropped-mondiale_oliveslogo.png\",\"width\":512,\"height\":512,\"caption\":\"Mondiale olives\"},\"image\":{\"@id\":\"https:\/\/mondialeolives.com\/#\/schema\/logo\/image\/\"},\"sameAs\":[\"https:\/\/m.facebook.com\/mondialeolives\/\",\"https:\/\/www.instagram.com\/mondialolive\/\"]}]}<\/script>\n<!-- \/ Yoast SEO plugin. -->","yoast_head_json":{"title":"Ananas d\u00e9shydrat\u00e9 en tranche - Mondiale olives","robots":{"index":"index","follow":"follow","max-snippet":"max-snippet:-1","max-image-preview":"max-image-preview:large","max-video-preview":"max-video-preview:-1"},"canonical":"https:\/\/mondialeolives.com\/?product=ananas-deshydrate-tranche","og_locale":"fr_FR","og_type":"article","og_title":"Ananas d\u00e9shydrat\u00e9 en tranche - Mondiale olives","og_description":"Pour les sportifs, l\u2019ananas sec est l\u2019ap\u00e9ritif de pr\u00e9dilection, car il contient 6 fois moins de calories que l\u2019ananas frais.  Servi en collation, ce fruit s\u00e9ch\u00e9 r\u00e9gale les papilles des petits et grands. C\u2019est \u00e9galement un savoureux ingr\u00e9dient qui apporte un go\u00fbt original aux desserts.  L'ananas est constitu\u00e9 de mangan\u00e8se, calcium, magn\u00e9sium, zinc, phosphore, fer et de brom\u00e9line.","og_url":"https:\/\/mondialeolives.com\/?product=ananas-deshydrate-tranche","og_site_name":"Mondiale olives","article_publisher":"https:\/\/m.facebook.com\/mondialeolives\/","article_modified_time":"2025-02-01T12:26:15+00:00","og_image":[{"width":2500,"height":2500,"url":"https:\/\/mondialeolives.com\/wp-content\/uploads\/2020\/06\/ananas.gif","type":"image\/gif"}],"twitter_card":"summary_large_image","schema":{"@context":"https:\/\/schema.org","@graph":[{"@type":"WebPage","@id":"https:\/\/mondialeolives.com\/?product=ananas-deshydrate-tranche","url":"https:\/\/mondialeolives.com\/?product=ananas-deshydrate-tranche","name":"Ananas d\u00e9shydrat\u00e9 en tranche - Mondiale olives","isPartOf":{"@id":"https:\/\/mondialeolives.com\/#website"},"primaryImageOfPage":{"@id":"https:\/\/mondialeolives.com\/?product=ananas-deshydrate-tranche#primaryimage"},"image":{"@id":"https:\/\/mondialeolives.com\/?product=ananas-deshydrate-tranche#primaryimage"},"thumbnailUrl":"https:\/\/mondialeolives.com\/wp-content\/uploads\/2020\/06\/ananas.gif","datePublished":"2020-06-19T23:10:50+00:00","dateModified":"2025-02-01T12:26:15+00:00","breadcrumb":{"@id":"https:\/\/mondialeolives.com\/?product=ananas-deshydrate-tranche#breadcrumb"},"inLanguage":"fr-FR","potentialAction":[{"@type":"ReadAction","target":["https:\/\/mondialeolives.com\/?product=ananas-deshydrate-tranche"]}]},{"@type":"ImageObject","inLanguage":"fr-FR","@id":"https:\/\/mondialeolives.com\/?product=ananas-deshydrate-tranche#primaryimage","url":"https:\/\/mondialeolives.com\/wp-content\/uploads\/2020\/06\/ananas.gif","contentUrl":"https:\/\/mondialeolives.com\/wp-content\/uploads\/2020\/06\/ananas.gif","width":2500,"height":2500,"caption":"Ananas"},{"@type":"BreadcrumbList","@id":"https:\/\/mondialeolives.com\/?product=ananas-deshydrate-tranche#breadcrumb","itemListElement":[{"@type":"ListItem","position":1,"name":"Accueil","item":"https:\/\/mondialeolives.com\/"},{"@type":"ListItem","position":2,"name":"Produits","item":"https:\/\/mondialeolives.com\/?post_type=product"},{"@type":"ListItem","position":3,"name":"Ananas d\u00e9shydrat\u00e9 en tranche"}]},{"@type":"WebSite","@id":"https:\/\/mondialeolives.com\/#website","url":"https:\/\/mondialeolives.com\/","name":"www.mondialeolives.com","description":"Olives, Fruits secs et dattes de qualit\u00e9","publisher":{"@id":"https:\/\/mondialeolives.com\/#organization"},"potentialAction":[{"@type":"SearchAction","target":{"@type":"EntryPoint","urlTemplate":"https:\/\/mondialeolives.com\/?s={search_term_string}"},"query-input":{"@type":"PropertyValueSpecification","valueRequired":true,"valueName":"search_term_string"}}],"inLanguage":"fr-FR"},{"@type":"Organization","@id":"https:\/\/mondialeolives.com\/#organization","name":"Mondiale olives","url":"https:\/\/mondialeolives.com\/","logo":{"@type":"ImageObject","inLanguage":"fr-FR","@id":"https:\/\/mondialeolives.com\/#\/schema\/logo\/image\/","url":"https:\/\/mondialeolives.com\/wp-content\/uploads\/2020\/06\/cropped-mondiale_oliveslogo.png","contentUrl":"https:\/\/mondialeolives.com\/wp-content\/uploads\/2020\/06\/cropped-mondiale_oliveslogo.png","width":512,"height":512,"caption":"Mondiale olives"},"image":{"@id":"https:\/\/mondialeolives.com\/#\/schema\/logo\/image\/"},"sameAs":["https:\/\/m.facebook.com\/mondialeolives\/","https:\/\/www.instagram.com\/mondialolive\/"]}]}},"_links":{"self":[{"href":"https:\/\/mondialeolives.com\/index.php?rest_route=\/wp\/v2\/product\/225","targetHints":{"allow":["GET"]}}],"collection":[{"href":"https:\/\/mondialeolives.com\/index.php?rest_route=\/wp\/v2\/product"}],"about":[{"href":"https:\/\/mondialeolives.com\/index.php?rest_route=\/wp\/v2\/types\/product"}],"replies":[{"embeddable":true,"href":"https:\/\/mondialeolives.com\/index.php?rest_route=%2Fwp%2Fv2%2Fcomments&post=225"}],"version-history":[{"count":2,"href":"https:\/\/mondialeolives.com\/index.php?rest_route=\/wp\/v2\/product\/225\/revisions"}],"predecessor-version":[{"id":1616,"href":"https:\/\/mondialeolives.com\/index.php?rest_route=\/wp\/v2\/product\/225\/revisions\/1616"}],"wp:featuredmedia":[{"embeddable":true,"href":"https:\/\/mondialeolives.com\/index.php?rest_route=\/wp\/v2\/media\/1615"}],"wp:attachment":[{"href":"https:\/\/mondialeolives.com\/index.php?rest_route=%2Fwp%2Fv2%2Fmedia&parent=225"}],"wp:term":[{"taxonomy":"product_brand","embeddable":true,"href":"https:\/\/mondialeolives.com\/index.php?rest_route=%2Fwp%2Fv2%2Fproduct_brand&post=225"},{"taxonomy":"product_cat","embeddable":true,"href":"https:\/\/mondialeolives.com\/index.php?rest_route=%2Fwp%2Fv2%2Fproduct_cat&post=225"},{"taxonomy":"product_tag","embeddable":true,"href":"https:\/\/mondialeolives.com\/index.php?rest_route=%2Fwp%2Fv2%2Fproduct_tag&post=225"}],"curies":[{"name":"wp","href":"https:\/\/api.w.org\/{rel}","templated":true}]}}