{"id":218,"date":"2020-06-19T23:01:32","date_gmt":"2020-06-19T23:01:32","guid":{"rendered":"http:\/\/mondialeolives.com\/?post_type=product&#038;p=218"},"modified":"2025-01-31T19:43:49","modified_gmt":"2025-01-31T19:43:49","slug":"mangue-deshydratee-en-lamelle","status":"publish","type":"product","link":"https:\/\/mondialeolives.com\/?product=mangue-deshydratee-en-lamelle","title":{"rendered":"Mangue d\u00e9shydrat\u00e9e en lamelle"},"content":{"rendered":"<p><strong><em>INGR\u00c9DIENTS :<\/em><\/strong><br \/>\nMangue, sucre.<\/p>\n<p><strong><em>VALEURS NUTRITIONELLES :<\/em><\/strong><br \/>\n<em>Energie :<\/em> 1495kj \/ 352kcal<br \/>\n<em>Mati\u00e8res grasses :<\/em> (0g dont acides gras satur\u00e9s 0g)<br \/>\n<em>Glucides :<\/em> 86g (dont sucres 66g)<br \/>\n<em>Prot\u00e9ines :<\/em> 1g<br \/>\n<em>Sel :<\/em> 0.43g<\/p>\n<p><strong><em>ORIGINE :<\/em><\/strong> : \ud83c\uddf9\ud83c\udded Tha\u00eflande<\/p>\n","protected":false},"excerpt":{"rendered":"<p>Consommer de la mangue a de nombreux avantages sur la sant\u00e9. C\u2019est un aliment sain contenant des fibres alimentaires qui aident \u00e0 la digestion et au transit intestinal.<\/p>\n<p>Les mangues contiennent de nombreux nutriments essentiels comme la vitamine A et du b\u00eata-carot\u00e8ne.<\/p>\n<p>Le potassium est \u00e9galement abondant. La mangue d\u00e9sydrat\u00e9e ne contient pas de gras. Elle regorge par contre de vitamines B6, E et C . Celles-ci peuvent contribuer \u00e0 normaliser les fonctions cognitives, car elles aident \u00e0 la synth\u00e8se des neurotransmetteurs. La vitamine B6, en particulier, est n\u00e9cessaire \u00e0 la production de GABA qui est utilis\u00e9e pour synth\u00e9tiser la s\u00e9rotonine. Le GABA (acide gamma-aminobutyrique) est un neurotransmetteur inhibiteur tr\u00e8s r\u00e9pandu dans les neurones du cortex. Il contribue au contr\u00f4le moteur, \u00e0 la vision et \u00e0 plusieurs autres fonctions corticales. Il r\u00e9gule aussi l\u2019anxi\u00e9t\u00e9. De ce fait, consommer de la mangue est un rem\u00e8de naturel pour lutter contre la d\u00e9pression.<\/p>\n","protected":false},"featured_media":1617,"comment_status":"open","ping_status":"closed","template":"","meta":{"_joinchat":[]},"product_brand":[],"product_cat":[141],"product_tag":[21,151,150,23],"class_list":{"0":"post-218","1":"product","2":"type-product","3":"status-publish","4":"has-post-thumbnail","6":"product_cat-fruits-secs","7":"product_tag-deshydrate","8":"product_tag-lamelles","9":"product_tag-mangues","10":"product_tag-thailande","12":"first","13":"instock","14":"shipping-taxable","15":"purchasable","16":"product-type-variable","17":"has-default-attributes"},"yoast_head":"<!-- This site is optimized with the Yoast SEO plugin v24.3 - https:\/\/yoast.com\/wordpress\/plugins\/seo\/ -->\n<title>Mangue d\u00e9shydrat\u00e9e en lamelle - Mondiale olives<\/title>\n<meta name=\"robots\" content=\"index, follow, max-snippet:-1, max-image-preview:large, max-video-preview:-1\" \/>\n<link rel=\"canonical\" href=\"https:\/\/mondialeolives.com\/?product=mangue-deshydratee-en-lamelle\" \/>\n<meta property=\"og:locale\" content=\"fr_FR\" \/>\n<meta property=\"og:type\" content=\"article\" \/>\n<meta property=\"og:title\" content=\"Mangue d\u00e9shydrat\u00e9e en lamelle - Mondiale olives\" \/>\n<meta property=\"og:description\" content=\"Consommer de la mangue a de nombreux avantages sur la sant\u00e9. C\u2019est un aliment sain contenant des fibres alimentaires qui aident \u00e0 la digestion et au transit intestinal.  Les mangues contiennent de nombreux nutriments essentiels comme la vitamine A et du b\u00eata-carot\u00e8ne.  Le potassium est \u00e9galement abondant. La mangue d\u00e9sydrat\u00e9e ne contient pas de gras. Elle regorge par contre de vitamines B6, E et C . Celles-ci peuvent contribuer \u00e0 normaliser les fonctions cognitives, car elles aident \u00e0 la synth\u00e8se des neurotransmetteurs. La vitamine B6, en particulier, est n\u00e9cessaire \u00e0 la production de GABA qui est utilis\u00e9e pour synth\u00e9tiser la s\u00e9rotonine. Le GABA (acide gamma-aminobutyrique) est un neurotransmetteur inhibiteur tr\u00e8s r\u00e9pandu dans les neurones du cortex. Il contribue au contr\u00f4le moteur, \u00e0 la vision et \u00e0 plusieurs autres fonctions corticales. Il r\u00e9gule aussi l\u2019anxi\u00e9t\u00e9. De ce fait, consommer de la mangue est un rem\u00e8de naturel pour lutter contre la d\u00e9pression.\" \/>\n<meta property=\"og:url\" content=\"https:\/\/mondialeolives.com\/?product=mangue-deshydratee-en-lamelle\" \/>\n<meta property=\"og:site_name\" content=\"Mondiale olives\" \/>\n<meta property=\"article:publisher\" content=\"https:\/\/m.facebook.com\/mondialeolives\/\" \/>\n<meta property=\"article:modified_time\" content=\"2025-01-31T19:43:49+00:00\" \/>\n<meta property=\"og:image\" content=\"https:\/\/mondialeolives.com\/wp-content\/uploads\/2020\/06\/mangues.gif\" \/>\n\t<meta property=\"og:image:width\" content=\"2500\" \/>\n\t<meta property=\"og:image:height\" content=\"2500\" \/>\n\t<meta property=\"og:image:type\" content=\"image\/gif\" \/>\n<meta name=\"twitter:card\" content=\"summary_large_image\" \/>\n<script type=\"application\/ld+json\" class=\"yoast-schema-graph\">{\"@context\":\"https:\/\/schema.org\",\"@graph\":[{\"@type\":\"WebPage\",\"@id\":\"https:\/\/mondialeolives.com\/?product=mangue-deshydratee-en-lamelle\",\"url\":\"https:\/\/mondialeolives.com\/?product=mangue-deshydratee-en-lamelle\",\"name\":\"Mangue d\u00e9shydrat\u00e9e en lamelle - Mondiale olives\",\"isPartOf\":{\"@id\":\"https:\/\/mondialeolives.com\/#website\"},\"primaryImageOfPage\":{\"@id\":\"https:\/\/mondialeolives.com\/?product=mangue-deshydratee-en-lamelle#primaryimage\"},\"image\":{\"@id\":\"https:\/\/mondialeolives.com\/?product=mangue-deshydratee-en-lamelle#primaryimage\"},\"thumbnailUrl\":\"https:\/\/mondialeolives.com\/wp-content\/uploads\/2020\/06\/mangues.gif\",\"datePublished\":\"2020-06-19T23:01:32+00:00\",\"dateModified\":\"2025-01-31T19:43:49+00:00\",\"breadcrumb\":{\"@id\":\"https:\/\/mondialeolives.com\/?product=mangue-deshydratee-en-lamelle#breadcrumb\"},\"inLanguage\":\"fr-FR\",\"potentialAction\":[{\"@type\":\"ReadAction\",\"target\":[\"https:\/\/mondialeolives.com\/?product=mangue-deshydratee-en-lamelle\"]}]},{\"@type\":\"ImageObject\",\"inLanguage\":\"fr-FR\",\"@id\":\"https:\/\/mondialeolives.com\/?product=mangue-deshydratee-en-lamelle#primaryimage\",\"url\":\"https:\/\/mondialeolives.com\/wp-content\/uploads\/2020\/06\/mangues.gif\",\"contentUrl\":\"https:\/\/mondialeolives.com\/wp-content\/uploads\/2020\/06\/mangues.gif\",\"width\":2500,\"height\":2500,\"caption\":\"Mangues\"},{\"@type\":\"BreadcrumbList\",\"@id\":\"https:\/\/mondialeolives.com\/?product=mangue-deshydratee-en-lamelle#breadcrumb\",\"itemListElement\":[{\"@type\":\"ListItem\",\"position\":1,\"name\":\"Accueil\",\"item\":\"https:\/\/mondialeolives.com\/\"},{\"@type\":\"ListItem\",\"position\":2,\"name\":\"Produits\",\"item\":\"https:\/\/mondialeolives.com\/?post_type=product\"},{\"@type\":\"ListItem\",\"position\":3,\"name\":\"Mangue d\u00e9shydrat\u00e9e en lamelle\"}]},{\"@type\":\"WebSite\",\"@id\":\"https:\/\/mondialeolives.com\/#website\",\"url\":\"https:\/\/mondialeolives.com\/\",\"name\":\"www.mondialeolives.com\",\"description\":\"Olives, Fruits secs et dattes de qualit\u00e9\",\"publisher\":{\"@id\":\"https:\/\/mondialeolives.com\/#organization\"},\"potentialAction\":[{\"@type\":\"SearchAction\",\"target\":{\"@type\":\"EntryPoint\",\"urlTemplate\":\"https:\/\/mondialeolives.com\/?s={search_term_string}\"},\"query-input\":{\"@type\":\"PropertyValueSpecification\",\"valueRequired\":true,\"valueName\":\"search_term_string\"}}],\"inLanguage\":\"fr-FR\"},{\"@type\":\"Organization\",\"@id\":\"https:\/\/mondialeolives.com\/#organization\",\"name\":\"Mondiale olives\",\"url\":\"https:\/\/mondialeolives.com\/\",\"logo\":{\"@type\":\"ImageObject\",\"inLanguage\":\"fr-FR\",\"@id\":\"https:\/\/mondialeolives.com\/#\/schema\/logo\/image\/\",\"url\":\"https:\/\/mondialeolives.com\/wp-content\/uploads\/2020\/06\/cropped-mondiale_oliveslogo.png\",\"contentUrl\":\"https:\/\/mondialeolives.com\/wp-content\/uploads\/2020\/06\/cropped-mondiale_oliveslogo.png\",\"width\":512,\"height\":512,\"caption\":\"Mondiale olives\"},\"image\":{\"@id\":\"https:\/\/mondialeolives.com\/#\/schema\/logo\/image\/\"},\"sameAs\":[\"https:\/\/m.facebook.com\/mondialeolives\/\",\"https:\/\/www.instagram.com\/mondialolive\/\"]}]}<\/script>\n<!-- \/ Yoast SEO plugin. -->","yoast_head_json":{"title":"Mangue d\u00e9shydrat\u00e9e en lamelle - Mondiale olives","robots":{"index":"index","follow":"follow","max-snippet":"max-snippet:-1","max-image-preview":"max-image-preview:large","max-video-preview":"max-video-preview:-1"},"canonical":"https:\/\/mondialeolives.com\/?product=mangue-deshydratee-en-lamelle","og_locale":"fr_FR","og_type":"article","og_title":"Mangue d\u00e9shydrat\u00e9e en lamelle - Mondiale olives","og_description":"Consommer de la mangue a de nombreux avantages sur la sant\u00e9. C\u2019est un aliment sain contenant des fibres alimentaires qui aident \u00e0 la digestion et au transit intestinal.  Les mangues contiennent de nombreux nutriments essentiels comme la vitamine A et du b\u00eata-carot\u00e8ne.  Le potassium est \u00e9galement abondant. La mangue d\u00e9sydrat\u00e9e ne contient pas de gras. Elle regorge par contre de vitamines B6, E et C . Celles-ci peuvent contribuer \u00e0 normaliser les fonctions cognitives, car elles aident \u00e0 la synth\u00e8se des neurotransmetteurs. La vitamine B6, en particulier, est n\u00e9cessaire \u00e0 la production de GABA qui est utilis\u00e9e pour synth\u00e9tiser la s\u00e9rotonine. Le GABA (acide gamma-aminobutyrique) est un neurotransmetteur inhibiteur tr\u00e8s r\u00e9pandu dans les neurones du cortex. Il contribue au contr\u00f4le moteur, \u00e0 la vision et \u00e0 plusieurs autres fonctions corticales. Il r\u00e9gule aussi l\u2019anxi\u00e9t\u00e9. De ce fait, consommer de la mangue est un rem\u00e8de naturel pour lutter contre la d\u00e9pression.","og_url":"https:\/\/mondialeolives.com\/?product=mangue-deshydratee-en-lamelle","og_site_name":"Mondiale olives","article_publisher":"https:\/\/m.facebook.com\/mondialeolives\/","article_modified_time":"2025-01-31T19:43:49+00:00","og_image":[{"width":2500,"height":2500,"url":"https:\/\/mondialeolives.com\/wp-content\/uploads\/2020\/06\/mangues.gif","type":"image\/gif"}],"twitter_card":"summary_large_image","schema":{"@context":"https:\/\/schema.org","@graph":[{"@type":"WebPage","@id":"https:\/\/mondialeolives.com\/?product=mangue-deshydratee-en-lamelle","url":"https:\/\/mondialeolives.com\/?product=mangue-deshydratee-en-lamelle","name":"Mangue d\u00e9shydrat\u00e9e en lamelle - Mondiale olives","isPartOf":{"@id":"https:\/\/mondialeolives.com\/#website"},"primaryImageOfPage":{"@id":"https:\/\/mondialeolives.com\/?product=mangue-deshydratee-en-lamelle#primaryimage"},"image":{"@id":"https:\/\/mondialeolives.com\/?product=mangue-deshydratee-en-lamelle#primaryimage"},"thumbnailUrl":"https:\/\/mondialeolives.com\/wp-content\/uploads\/2020\/06\/mangues.gif","datePublished":"2020-06-19T23:01:32+00:00","dateModified":"2025-01-31T19:43:49+00:00","breadcrumb":{"@id":"https:\/\/mondialeolives.com\/?product=mangue-deshydratee-en-lamelle#breadcrumb"},"inLanguage":"fr-FR","potentialAction":[{"@type":"ReadAction","target":["https:\/\/mondialeolives.com\/?product=mangue-deshydratee-en-lamelle"]}]},{"@type":"ImageObject","inLanguage":"fr-FR","@id":"https:\/\/mondialeolives.com\/?product=mangue-deshydratee-en-lamelle#primaryimage","url":"https:\/\/mondialeolives.com\/wp-content\/uploads\/2020\/06\/mangues.gif","contentUrl":"https:\/\/mondialeolives.com\/wp-content\/uploads\/2020\/06\/mangues.gif","width":2500,"height":2500,"caption":"Mangues"},{"@type":"BreadcrumbList","@id":"https:\/\/mondialeolives.com\/?product=mangue-deshydratee-en-lamelle#breadcrumb","itemListElement":[{"@type":"ListItem","position":1,"name":"Accueil","item":"https:\/\/mondialeolives.com\/"},{"@type":"ListItem","position":2,"name":"Produits","item":"https:\/\/mondialeolives.com\/?post_type=product"},{"@type":"ListItem","position":3,"name":"Mangue d\u00e9shydrat\u00e9e en lamelle"}]},{"@type":"WebSite","@id":"https:\/\/mondialeolives.com\/#website","url":"https:\/\/mondialeolives.com\/","name":"www.mondialeolives.com","description":"Olives, Fruits secs et dattes de qualit\u00e9","publisher":{"@id":"https:\/\/mondialeolives.com\/#organization"},"potentialAction":[{"@type":"SearchAction","target":{"@type":"EntryPoint","urlTemplate":"https:\/\/mondialeolives.com\/?s={search_term_string}"},"query-input":{"@type":"PropertyValueSpecification","valueRequired":true,"valueName":"search_term_string"}}],"inLanguage":"fr-FR"},{"@type":"Organization","@id":"https:\/\/mondialeolives.com\/#organization","name":"Mondiale olives","url":"https:\/\/mondialeolives.com\/","logo":{"@type":"ImageObject","inLanguage":"fr-FR","@id":"https:\/\/mondialeolives.com\/#\/schema\/logo\/image\/","url":"https:\/\/mondialeolives.com\/wp-content\/uploads\/2020\/06\/cropped-mondiale_oliveslogo.png","contentUrl":"https:\/\/mondialeolives.com\/wp-content\/uploads\/2020\/06\/cropped-mondiale_oliveslogo.png","width":512,"height":512,"caption":"Mondiale olives"},"image":{"@id":"https:\/\/mondialeolives.com\/#\/schema\/logo\/image\/"},"sameAs":["https:\/\/m.facebook.com\/mondialeolives\/","https:\/\/www.instagram.com\/mondialolive\/"]}]}},"_links":{"self":[{"href":"https:\/\/mondialeolives.com\/index.php?rest_route=\/wp\/v2\/product\/218","targetHints":{"allow":["GET"]}}],"collection":[{"href":"https:\/\/mondialeolives.com\/index.php?rest_route=\/wp\/v2\/product"}],"about":[{"href":"https:\/\/mondialeolives.com\/index.php?rest_route=\/wp\/v2\/types\/product"}],"replies":[{"embeddable":true,"href":"https:\/\/mondialeolives.com\/index.php?rest_route=%2Fwp%2Fv2%2Fcomments&post=218"}],"version-history":[{"count":2,"href":"https:\/\/mondialeolives.com\/index.php?rest_route=\/wp\/v2\/product\/218\/revisions"}],"predecessor-version":[{"id":1618,"href":"https:\/\/mondialeolives.com\/index.php?rest_route=\/wp\/v2\/product\/218\/revisions\/1618"}],"wp:featuredmedia":[{"embeddable":true,"href":"https:\/\/mondialeolives.com\/index.php?rest_route=\/wp\/v2\/media\/1617"}],"wp:attachment":[{"href":"https:\/\/mondialeolives.com\/index.php?rest_route=%2Fwp%2Fv2%2Fmedia&parent=218"}],"wp:term":[{"taxonomy":"product_brand","embeddable":true,"href":"https:\/\/mondialeolives.com\/index.php?rest_route=%2Fwp%2Fv2%2Fproduct_brand&post=218"},{"taxonomy":"product_cat","embeddable":true,"href":"https:\/\/mondialeolives.com\/index.php?rest_route=%2Fwp%2Fv2%2Fproduct_cat&post=218"},{"taxonomy":"product_tag","embeddable":true,"href":"https:\/\/mondialeolives.com\/index.php?rest_route=%2Fwp%2Fv2%2Fproduct_tag&post=218"}],"curies":[{"name":"wp","href":"https:\/\/api.w.org\/{rel}","templated":true}]}}