{"id":1728,"date":"2022-02-14T01:39:38","date_gmt":"2022-02-14T01:39:38","guid":{"rendered":"https:\/\/mondialeolives.com\/1640910884401\/?post_type=product&#038;p=1728"},"modified":"2026-02-12T16:38:32","modified_gmt":"2026-02-12T16:38:32","slug":"dattes-ajwa-5","status":"publish","type":"product","link":"https:\/\/mondialeolives.com\/?product=dattes-ajwa-5","title":{"rendered":"Dattes Ajwa nouvelles r\u00e9colte 500g"},"content":{"rendered":"","protected":false},"excerpt":{"rendered":"<p>Caract\u00e9ris\u00e9es par leur forme arrondie, leur couleur tr\u00e8s fonc\u00e9e, presque noire, mais aussi par leur go\u00fbt, les dattes ajwa sont <em>tendres et moelleuses, fondantes en bouche, avec un go\u00fbt prononc\u00e9<\/em>.<\/p>\n<p>Les dattes Ajwa sont une source importante de min\u00e9raux, de nutriments ainsi que de fibres alimentaires et de glucides.<\/p>\n<p><strong><em>Origine :<\/em><\/strong> Arabie saoudite<\/p>\n","protected":false},"featured_media":2624,"comment_status":"open","ping_status":"closed","template":"","meta":{"_joinchat":[]},"product_brand":[],"product_cat":[16],"product_tag":[168,167],"class_list":{"0":"post-1728","1":"product","2":"type-product","3":"status-publish","4":"has-post-thumbnail","6":"product_cat-dattes-prenieum-dattes-palestine-dattes-ajwa-fraiches-dattes-sukari-extrait-moelleuse","7":"product_tag-ajwa","8":"product_tag-dattes","10":"first","11":"instock","12":"shipping-taxable","13":"purchasable","14":"product-type-simple"},"yoast_head":"<!-- This site is optimized with the Yoast SEO plugin v24.3 - https:\/\/yoast.com\/wordpress\/plugins\/seo\/ -->\n<title>Dattes Ajwa nouvelles r\u00e9colte 500g - Mondiale olives<\/title>\n<meta name=\"robots\" content=\"index, follow, max-snippet:-1, max-image-preview:large, max-video-preview:-1\" \/>\n<link rel=\"canonical\" href=\"https:\/\/mondialeolives.com\/?product=dattes-ajwa-5\" \/>\n<meta property=\"og:locale\" content=\"fr_FR\" \/>\n<meta property=\"og:type\" content=\"article\" \/>\n<meta property=\"og:title\" content=\"Dattes Ajwa nouvelles r\u00e9colte 500g - Mondiale olives\" \/>\n<meta property=\"og:description\" content=\"Caract\u00e9ris\u00e9es par leur forme arrondie, leur couleur tr\u00e8s fonc\u00e9e, presque noire, mais aussi par leur go\u00fbt, les dattes ajwa sont tendres et moelleuses, fondantes en bouche, avec un go\u00fbt prononc\u00e9.  Les dattes Ajwa sont une source importante de min\u00e9raux, de nutriments ainsi que de fibres alimentaires et de glucides.  Origine : Arabie saoudite\" \/>\n<meta property=\"og:url\" content=\"https:\/\/mondialeolives.com\/?product=dattes-ajwa-5\" \/>\n<meta property=\"og:site_name\" content=\"Mondiale olives\" \/>\n<meta property=\"article:publisher\" content=\"https:\/\/m.facebook.com\/mondialeolives\/\" \/>\n<meta property=\"article:modified_time\" content=\"2026-02-12T16:38:32+00:00\" \/>\n<meta property=\"og:image\" content=\"https:\/\/mondialeolives.com\/wp-content\/uploads\/2022\/02\/dattes-ajwa.png\" \/>\n\t<meta property=\"og:image:width\" content=\"775\" \/>\n\t<meta property=\"og:image:height\" content=\"543\" \/>\n\t<meta property=\"og:image:type\" content=\"image\/png\" \/>\n<meta name=\"twitter:card\" content=\"summary_large_image\" \/>\n<script type=\"application\/ld+json\" class=\"yoast-schema-graph\">{\"@context\":\"https:\/\/schema.org\",\"@graph\":[{\"@type\":\"WebPage\",\"@id\":\"https:\/\/mondialeolives.com\/?product=dattes-ajwa-5\",\"url\":\"https:\/\/mondialeolives.com\/?product=dattes-ajwa-5\",\"name\":\"Dattes Ajwa nouvelles r\u00e9colte 500g - Mondiale olives\",\"isPartOf\":{\"@id\":\"https:\/\/mondialeolives.com\/#website\"},\"primaryImageOfPage\":{\"@id\":\"https:\/\/mondialeolives.com\/?product=dattes-ajwa-5#primaryimage\"},\"image\":{\"@id\":\"https:\/\/mondialeolives.com\/?product=dattes-ajwa-5#primaryimage\"},\"thumbnailUrl\":\"https:\/\/mondialeolives.com\/wp-content\/uploads\/2022\/02\/dattes-ajwa.png\",\"datePublished\":\"2022-02-14T01:39:38+00:00\",\"dateModified\":\"2026-02-12T16:38:32+00:00\",\"breadcrumb\":{\"@id\":\"https:\/\/mondialeolives.com\/?product=dattes-ajwa-5#breadcrumb\"},\"inLanguage\":\"fr-FR\",\"potentialAction\":[{\"@type\":\"ReadAction\",\"target\":[\"https:\/\/mondialeolives.com\/?product=dattes-ajwa-5\"]}]},{\"@type\":\"ImageObject\",\"inLanguage\":\"fr-FR\",\"@id\":\"https:\/\/mondialeolives.com\/?product=dattes-ajwa-5#primaryimage\",\"url\":\"https:\/\/mondialeolives.com\/wp-content\/uploads\/2022\/02\/dattes-ajwa.png\",\"contentUrl\":\"https:\/\/mondialeolives.com\/wp-content\/uploads\/2022\/02\/dattes-ajwa.png\",\"width\":775,\"height\":543,\"caption\":\"Dattes ajwa\"},{\"@type\":\"BreadcrumbList\",\"@id\":\"https:\/\/mondialeolives.com\/?product=dattes-ajwa-5#breadcrumb\",\"itemListElement\":[{\"@type\":\"ListItem\",\"position\":1,\"name\":\"Accueil\",\"item\":\"https:\/\/mondialeolives.com\/\"},{\"@type\":\"ListItem\",\"position\":2,\"name\":\"Produits\",\"item\":\"https:\/\/mondialeolives.com\/?post_type=product\"},{\"@type\":\"ListItem\",\"position\":3,\"name\":\"Dattes Ajwa nouvelles r\u00e9colte 500g\"}]},{\"@type\":\"WebSite\",\"@id\":\"https:\/\/mondialeolives.com\/#website\",\"url\":\"https:\/\/mondialeolives.com\/\",\"name\":\"www.mondialeolives.com\",\"description\":\"Olives, Fruits secs et dattes de qualit\u00e9\",\"publisher\":{\"@id\":\"https:\/\/mondialeolives.com\/#organization\"},\"potentialAction\":[{\"@type\":\"SearchAction\",\"target\":{\"@type\":\"EntryPoint\",\"urlTemplate\":\"https:\/\/mondialeolives.com\/?s={search_term_string}\"},\"query-input\":{\"@type\":\"PropertyValueSpecification\",\"valueRequired\":true,\"valueName\":\"search_term_string\"}}],\"inLanguage\":\"fr-FR\"},{\"@type\":\"Organization\",\"@id\":\"https:\/\/mondialeolives.com\/#organization\",\"name\":\"Mondiale olives\",\"url\":\"https:\/\/mondialeolives.com\/\",\"logo\":{\"@type\":\"ImageObject\",\"inLanguage\":\"fr-FR\",\"@id\":\"https:\/\/mondialeolives.com\/#\/schema\/logo\/image\/\",\"url\":\"https:\/\/mondialeolives.com\/wp-content\/uploads\/2020\/06\/cropped-mondiale_oliveslogo.png\",\"contentUrl\":\"https:\/\/mondialeolives.com\/wp-content\/uploads\/2020\/06\/cropped-mondiale_oliveslogo.png\",\"width\":512,\"height\":512,\"caption\":\"Mondiale olives\"},\"image\":{\"@id\":\"https:\/\/mondialeolives.com\/#\/schema\/logo\/image\/\"},\"sameAs\":[\"https:\/\/m.facebook.com\/mondialeolives\/\",\"https:\/\/www.instagram.com\/mondialolive\/\"]}]}<\/script>\n<!-- \/ Yoast SEO plugin. -->","yoast_head_json":{"title":"Dattes Ajwa nouvelles r\u00e9colte 500g - Mondiale olives","robots":{"index":"index","follow":"follow","max-snippet":"max-snippet:-1","max-image-preview":"max-image-preview:large","max-video-preview":"max-video-preview:-1"},"canonical":"https:\/\/mondialeolives.com\/?product=dattes-ajwa-5","og_locale":"fr_FR","og_type":"article","og_title":"Dattes Ajwa nouvelles r\u00e9colte 500g - Mondiale olives","og_description":"Caract\u00e9ris\u00e9es par leur forme arrondie, leur couleur tr\u00e8s fonc\u00e9e, presque noire, mais aussi par leur go\u00fbt, les dattes ajwa sont tendres et moelleuses, fondantes en bouche, avec un go\u00fbt prononc\u00e9.  Les dattes Ajwa sont une source importante de min\u00e9raux, de nutriments ainsi que de fibres alimentaires et de glucides.  Origine : Arabie saoudite","og_url":"https:\/\/mondialeolives.com\/?product=dattes-ajwa-5","og_site_name":"Mondiale olives","article_publisher":"https:\/\/m.facebook.com\/mondialeolives\/","article_modified_time":"2026-02-12T16:38:32+00:00","og_image":[{"width":775,"height":543,"url":"https:\/\/mondialeolives.com\/wp-content\/uploads\/2022\/02\/dattes-ajwa.png","type":"image\/png"}],"twitter_card":"summary_large_image","schema":{"@context":"https:\/\/schema.org","@graph":[{"@type":"WebPage","@id":"https:\/\/mondialeolives.com\/?product=dattes-ajwa-5","url":"https:\/\/mondialeolives.com\/?product=dattes-ajwa-5","name":"Dattes Ajwa nouvelles r\u00e9colte 500g - Mondiale olives","isPartOf":{"@id":"https:\/\/mondialeolives.com\/#website"},"primaryImageOfPage":{"@id":"https:\/\/mondialeolives.com\/?product=dattes-ajwa-5#primaryimage"},"image":{"@id":"https:\/\/mondialeolives.com\/?product=dattes-ajwa-5#primaryimage"},"thumbnailUrl":"https:\/\/mondialeolives.com\/wp-content\/uploads\/2022\/02\/dattes-ajwa.png","datePublished":"2022-02-14T01:39:38+00:00","dateModified":"2026-02-12T16:38:32+00:00","breadcrumb":{"@id":"https:\/\/mondialeolives.com\/?product=dattes-ajwa-5#breadcrumb"},"inLanguage":"fr-FR","potentialAction":[{"@type":"ReadAction","target":["https:\/\/mondialeolives.com\/?product=dattes-ajwa-5"]}]},{"@type":"ImageObject","inLanguage":"fr-FR","@id":"https:\/\/mondialeolives.com\/?product=dattes-ajwa-5#primaryimage","url":"https:\/\/mondialeolives.com\/wp-content\/uploads\/2022\/02\/dattes-ajwa.png","contentUrl":"https:\/\/mondialeolives.com\/wp-content\/uploads\/2022\/02\/dattes-ajwa.png","width":775,"height":543,"caption":"Dattes ajwa"},{"@type":"BreadcrumbList","@id":"https:\/\/mondialeolives.com\/?product=dattes-ajwa-5#breadcrumb","itemListElement":[{"@type":"ListItem","position":1,"name":"Accueil","item":"https:\/\/mondialeolives.com\/"},{"@type":"ListItem","position":2,"name":"Produits","item":"https:\/\/mondialeolives.com\/?post_type=product"},{"@type":"ListItem","position":3,"name":"Dattes Ajwa nouvelles r\u00e9colte 500g"}]},{"@type":"WebSite","@id":"https:\/\/mondialeolives.com\/#website","url":"https:\/\/mondialeolives.com\/","name":"www.mondialeolives.com","description":"Olives, Fruits secs et dattes de qualit\u00e9","publisher":{"@id":"https:\/\/mondialeolives.com\/#organization"},"potentialAction":[{"@type":"SearchAction","target":{"@type":"EntryPoint","urlTemplate":"https:\/\/mondialeolives.com\/?s={search_term_string}"},"query-input":{"@type":"PropertyValueSpecification","valueRequired":true,"valueName":"search_term_string"}}],"inLanguage":"fr-FR"},{"@type":"Organization","@id":"https:\/\/mondialeolives.com\/#organization","name":"Mondiale olives","url":"https:\/\/mondialeolives.com\/","logo":{"@type":"ImageObject","inLanguage":"fr-FR","@id":"https:\/\/mondialeolives.com\/#\/schema\/logo\/image\/","url":"https:\/\/mondialeolives.com\/wp-content\/uploads\/2020\/06\/cropped-mondiale_oliveslogo.png","contentUrl":"https:\/\/mondialeolives.com\/wp-content\/uploads\/2020\/06\/cropped-mondiale_oliveslogo.png","width":512,"height":512,"caption":"Mondiale olives"},"image":{"@id":"https:\/\/mondialeolives.com\/#\/schema\/logo\/image\/"},"sameAs":["https:\/\/m.facebook.com\/mondialeolives\/","https:\/\/www.instagram.com\/mondialolive\/"]}]}},"_links":{"self":[{"href":"https:\/\/mondialeolives.com\/index.php?rest_route=\/wp\/v2\/product\/1728","targetHints":{"allow":["GET"]}}],"collection":[{"href":"https:\/\/mondialeolives.com\/index.php?rest_route=\/wp\/v2\/product"}],"about":[{"href":"https:\/\/mondialeolives.com\/index.php?rest_route=\/wp\/v2\/types\/product"}],"replies":[{"embeddable":true,"href":"https:\/\/mondialeolives.com\/index.php?rest_route=%2Fwp%2Fv2%2Fcomments&post=1728"}],"version-history":[{"count":8,"href":"https:\/\/mondialeolives.com\/index.php?rest_route=\/wp\/v2\/product\/1728\/revisions"}],"predecessor-version":[{"id":4852,"href":"https:\/\/mondialeolives.com\/index.php?rest_route=\/wp\/v2\/product\/1728\/revisions\/4852"}],"wp:featuredmedia":[{"embeddable":true,"href":"https:\/\/mondialeolives.com\/index.php?rest_route=\/wp\/v2\/media\/2624"}],"wp:attachment":[{"href":"https:\/\/mondialeolives.com\/index.php?rest_route=%2Fwp%2Fv2%2Fmedia&parent=1728"}],"wp:term":[{"taxonomy":"product_brand","embeddable":true,"href":"https:\/\/mondialeolives.com\/index.php?rest_route=%2Fwp%2Fv2%2Fproduct_brand&post=1728"},{"taxonomy":"product_cat","embeddable":true,"href":"https:\/\/mondialeolives.com\/index.php?rest_route=%2Fwp%2Fv2%2Fproduct_cat&post=1728"},{"taxonomy":"product_tag","embeddable":true,"href":"https:\/\/mondialeolives.com\/index.php?rest_route=%2Fwp%2Fv2%2Fproduct_tag&post=1728"}],"curies":[{"name":"wp","href":"https:\/\/api.w.org\/{rel}","templated":true}]}}